{"id":1850,"date":"2020-02-04T11:09:22","date_gmt":"2020-02-04T10:09:22","guid":{"rendered":"http:\/\/www.mvbreitenau.at\/v2\/?page_id=1850"},"modified":"2025-10-26T19:59:12","modified_gmt":"2025-10-26T18:59:12","slug":"musikverein-breitenau-vorstellung","status":"publish","type":"page","link":"http:\/\/www.mvbreitenau.at\/v2\/?page_id=1850","title":{"rendered":"Musikverein Breitenau &#8211; Vorstellung"},"content":{"rendered":"\t\t<div data-elementor-type=\"wp-page\" data-elementor-id=\"1850\" class=\"elementor elementor-1850\">\n\t\t\t\t\t\t<section class=\"elementor-section elementor-top-section elementor-element elementor-element-90c4906 elementor-section-boxed elementor-section-height-default elementor-section-height-default\" data-id=\"90c4906\" data-element_type=\"section\" data-e-type=\"section\">\n\t\t\t\t\t\t<div class=\"elementor-container elementor-column-gap-default\">\n\t\t\t\t\t<div class=\"elementor-column elementor-col-100 elementor-top-column elementor-element elementor-element-ded350e\" data-id=\"ded350e\" data-element_type=\"column\" data-e-type=\"column\">\n\t\t\t<div class=\"elementor-widget-wrap elementor-element-populated\">\n\t\t\t\t\t\t<div class=\"elementor-element elementor-element-0214089 elementor-widget elementor-widget-spacer\" data-id=\"0214089\" data-element_type=\"widget\" data-e-type=\"widget\" data-widget_type=\"spacer.default\">\n\t\t\t\t<div class=\"elementor-widget-container\">\n\t\t\t\t\t\t\t<div class=\"elementor-spacer\">\n\t\t\t<div class=\"elementor-spacer-inner\"><\/div>\n\t\t<\/div>\n\t\t\t\t\t\t<\/div>\n\t\t\t\t<\/div>\n\t\t\t\t\t<\/div>\n\t\t<\/div>\n\t\t\t\t\t<\/div>\n\t\t<\/section>\n\t\t\t\t<section class=\"elementor-section elementor-top-section elementor-element elementor-element-43ea1cd elementor-section-boxed elementor-section-height-default elementor-section-height-default\" data-id=\"43ea1cd\" data-element_type=\"section\" data-e-type=\"section\">\n\t\t\t\t\t\t<div class=\"elementor-container elementor-column-gap-default\">\n\t\t\t\t\t<div class=\"elementor-column elementor-col-100 elementor-top-column elementor-element elementor-element-daf6264\" data-id=\"daf6264\" data-element_type=\"column\" data-e-type=\"column\">\n\t\t\t<div class=\"elementor-widget-wrap elementor-element-populated\">\n\t\t\t\t\t\t<div class=\"elementor-element elementor-element-3b277d4 elementor-widget elementor-widget-heading\" data-id=\"3b277d4\" data-element_type=\"widget\" data-e-type=\"widget\" data-widget_type=\"heading.default\">\n\t\t\t\t<div class=\"elementor-widget-container\">\n\t\t\t\t\t<h2 class=\"elementor-heading-title elementor-size-xl\">Musikverein Breitenau<\/h2>\t\t\t\t<\/div>\n\t\t\t\t<\/div>\n\t\t\t\t\t<\/div>\n\t\t<\/div>\n\t\t\t\t\t<\/div>\n\t\t<\/section>\n\t\t\t\t<section class=\"elementor-section elementor-top-section elementor-element elementor-element-6a04f76 elementor-section-boxed elementor-section-height-default elementor-section-height-default\" data-id=\"6a04f76\" data-element_type=\"section\" data-e-type=\"section\">\n\t\t\t\t\t\t<div class=\"elementor-container elementor-column-gap-default\">\n\t\t\t\t\t<div class=\"elementor-column elementor-col-100 elementor-top-column elementor-element elementor-element-2822c28\" data-id=\"2822c28\" data-element_type=\"column\" data-e-type=\"column\">\n\t\t\t<div class=\"elementor-widget-wrap elementor-element-populated\">\n\t\t\t\t\t\t<div class=\"elementor-element elementor-element-83fa398 elementor-widget elementor-widget-spacer\" data-id=\"83fa398\" data-element_type=\"widget\" data-e-type=\"widget\" data-widget_type=\"spacer.default\">\n\t\t\t\t<div class=\"elementor-widget-container\">\n\t\t\t\t\t\t\t<div class=\"elementor-spacer\">\n\t\t\t<div class=\"elementor-spacer-inner\"><\/div>\n\t\t<\/div>\n\t\t\t\t\t\t<\/div>\n\t\t\t\t<\/div>\n\t\t\t\t\t<\/div>\n\t\t<\/div>\n\t\t\t\t\t<\/div>\n\t\t<\/section>\n\t\t\t\t<section class=\"elementor-section elementor-top-section elementor-element elementor-element-98613f9 elementor-section-boxed elementor-section-height-default elementor-section-height-default\" data-id=\"98613f9\" data-element_type=\"section\" data-e-type=\"section\">\n\t\t\t\t\t\t<div class=\"elementor-container elementor-column-gap-default\">\n\t\t\t\t\t<div class=\"elementor-column elementor-col-100 elementor-top-column elementor-element elementor-element-d500f9b\" data-id=\"d500f9b\" data-element_type=\"column\" data-e-type=\"column\">\n\t\t\t<div class=\"elementor-widget-wrap elementor-element-populated\">\n\t\t\t\t\t\t<div class=\"elementor-element elementor-element-13dca6b elementor-widget elementor-widget-image\" data-id=\"13dca6b\" data-element_type=\"widget\" data-e-type=\"widget\" data-widget_type=\"image.default\">\n\t\t\t\t<div class=\"elementor-widget-container\">\n\t\t\t\t\t\t\t\t\t\t\t\t\t\t\t<img fetchpriority=\"high\" decoding=\"async\" width=\"768\" height=\"439\" src=\"http:\/\/www.mvbreitenau.at\/v2\/wp-content\/uploads\/2025\/09\/MVB-G1FS-final-mit-GerhardReiter2-768x439.jpg\" class=\"attachment-medium_large size-medium_large wp-image-3723\" alt=\"\" srcset=\"http:\/\/www.mvbreitenau.at\/v2\/wp-content\/uploads\/2025\/09\/MVB-G1FS-final-mit-GerhardReiter2-768x439.jpg 768w, http:\/\/www.mvbreitenau.at\/v2\/wp-content\/uploads\/2025\/09\/MVB-G1FS-final-mit-GerhardReiter2-300x171.jpg 300w, http:\/\/www.mvbreitenau.at\/v2\/wp-content\/uploads\/2025\/09\/MVB-G1FS-final-mit-GerhardReiter2-1024x585.jpg 1024w, http:\/\/www.mvbreitenau.at\/v2\/wp-content\/uploads\/2025\/09\/MVB-G1FS-final-mit-GerhardReiter2-1536x878.jpg 1536w, http:\/\/www.mvbreitenau.at\/v2\/wp-content\/uploads\/2025\/09\/MVB-G1FS-final-mit-GerhardReiter2-2048x1170.jpg 2048w\" sizes=\"(max-width: 768px) 100vw, 768px\" \/>\t\t\t\t\t\t\t\t\t\t\t\t\t\t\t<\/div>\n\t\t\t\t<\/div>\n\t\t\t\t\t<\/div>\n\t\t<\/div>\n\t\t\t\t\t<\/div>\n\t\t<\/section>\n\t\t\t\t<section class=\"elementor-section elementor-top-section elementor-element elementor-element-5f1a8b3 elementor-section-boxed elementor-section-height-default elementor-section-height-default\" data-id=\"5f1a8b3\" data-element_type=\"section\" data-e-type=\"section\">\n\t\t\t\t\t\t<div class=\"elementor-container elementor-column-gap-default\">\n\t\t\t\t\t<div class=\"elementor-column elementor-col-100 elementor-top-column elementor-element elementor-element-d4e55ed\" data-id=\"d4e55ed\" data-element_type=\"column\" data-e-type=\"column\">\n\t\t\t<div class=\"elementor-widget-wrap elementor-element-populated\">\n\t\t\t\t\t\t<div class=\"elementor-element elementor-element-4231cd9 elementor-widget elementor-widget-spacer\" data-id=\"4231cd9\" data-element_type=\"widget\" data-e-type=\"widget\" data-widget_type=\"spacer.default\">\n\t\t\t\t<div class=\"elementor-widget-container\">\n\t\t\t\t\t\t\t<div class=\"elementor-spacer\">\n\t\t\t<div class=\"elementor-spacer-inner\"><\/div>\n\t\t<\/div>\n\t\t\t\t\t\t<\/div>\n\t\t\t\t<\/div>\n\t\t\t\t\t<\/div>\n\t\t<\/div>\n\t\t\t\t\t<\/div>\n\t\t<\/section>\n\t\t\t\t<section class=\"elementor-section elementor-top-section elementor-element elementor-element-4f442ed elementor-section-boxed elementor-section-height-default elementor-section-height-default\" data-id=\"4f442ed\" data-element_type=\"section\" data-e-type=\"section\">\n\t\t\t\t\t\t<div class=\"elementor-container elementor-column-gap-default\">\n\t\t\t\t\t<div class=\"elementor-column elementor-col-100 elementor-top-column elementor-element elementor-element-6ce4a07\" data-id=\"6ce4a07\" data-element_type=\"column\" data-e-type=\"column\">\n\t\t\t<div class=\"elementor-widget-wrap elementor-element-populated\">\n\t\t\t\t\t\t<div class=\"elementor-element elementor-element-d00d15e elementor-widget elementor-widget-text-editor\" data-id=\"d00d15e\" data-element_type=\"widget\" data-e-type=\"widget\" data-widget_type=\"text-editor.default\">\n\t\t\t\t<div class=\"elementor-widget-container\">\n\t\t\t\t\t\t\t\t\t<p>Was verbindet man im landl\u00e4ufigen Sinn eigentlich mit dem Begriff \u201eBlasmusik\u201c? Gilt er als modern oder altmodisch? Als ernstzunehmend oder lachhaft? Gilt der aus\u00fcbende Blasmusiker als Tr\u00e4ger von kultureller Identit\u00e4t oder einfach nur als vereinsmeierischer Provinztrottel?<\/p><p>Das alles ist uns vom Musikverein Breitenau egal, wir spielen, weil es uns Spa\u00df macht zu spielen und weil wir eine verschworene Gemeinschaft sind. Ob das nun altmodisch, lachhaft oder provinziell gilt, spielt keine Rolle \u2013 Traditionen geh\u00f6ren gepflegt und im Wandel der Zeiten haben sich bereits viele Ansichten ge\u00e4ndert. Und allzu ernst nehmen wir uns ja selber manchmal nicht&#8230;<\/p><p>Wir spielen mit unseren Instrumenten, wie es schon viele vor uns gemacht haben, und wie es hoffentlich auch noch viele nach uns tun werden. Als Musikverein Breitenau treten wir dann auf, wenn es darum geht Feste und Feiern zu umrahmen. Ohne Musik sind auch St\u00e4ndchen oder Tanzveranstaltungen unvorstellbar.<\/p><p>Aber auch bei kirchliche Anl\u00e4ssen tritt der Musikverein Breitenau an. Prozessionen und Trauerz\u00fcgen sind \u2013 manchmal zweifellos traurige \u2013 M\u00f6glichkeiten unser K\u00f6nnen, aber auch unsere Dazugeh\u00f6rigkeit zur Bev\u00f6lkerung zu zeigen.<\/p><p>Durch unser penibel einstudiertes Konzertprogramm lassen wir aber auch abseits der z\u00fcnftigen M\u00e4rsche, Polkas und Walzer, die Musik f\u00fcr unser Publikum hochleben. Die Mischung aus klassischen Werken, der sogenannten E-Musik (\u201eErnste Musik\u201c) etwa von Wolfgang Amadeus Mozart oder Joseph Haydn \u00fcber moderne U-Musik (\u201eUnterhaltungs-Musik\u201c), wie zum Beispiel den Schlagern von Udo J\u00fcrgens bishin zur Blasmusikadaption bekannter Hollywood- Filmmusik ist in dieser Formation alles drin.<\/p><p>All diese St\u00fccke ben\u00f6tigen einen m\u00f6glichst gro\u00dfen und ausgewogenen Klangk\u00f6rper, mit der gesamten Bandbreite dessen, was die Blasmusik an Instrumenten anzubieten hat.<\/p><p>Viele K\u00f6che verderben, dem Sprichwort entsprechend den Brei \u2013 f\u00fcr den Musikverein Breitenau gilt das jedenfalls nicht&#8230;<\/p>\t\t\t\t\t\t\t\t<\/div>\n\t\t\t\t<\/div>\n\t\t\t\t\t<\/div>\n\t\t<\/div>\n\t\t\t\t\t<\/div>\n\t\t<\/section>\n\t\t\t\t<section class=\"elementor-section elementor-top-section elementor-element elementor-element-6760ea2 elementor-section-boxed elementor-section-height-default elementor-section-height-default\" data-id=\"6760ea2\" data-element_type=\"section\" data-e-type=\"section\">\n\t\t\t\t\t\t<div class=\"elementor-container elementor-column-gap-default\">\n\t\t\t\t\t<div class=\"elementor-column elementor-col-100 elementor-top-column elementor-element elementor-element-cf7e784\" data-id=\"cf7e784\" data-element_type=\"column\" data-e-type=\"column\">\n\t\t\t<div class=\"elementor-widget-wrap elementor-element-populated\">\n\t\t\t\t\t\t<div class=\"elementor-element elementor-element-070ee15 elementor-widget elementor-widget-image\" data-id=\"070ee15\" data-element_type=\"widget\" data-e-type=\"widget\" data-widget_type=\"image.default\">\n\t\t\t\t<div class=\"elementor-widget-container\">\n\t\t\t\t\t\t\t\t\t\t\t\t\t\t\t<img decoding=\"async\" width=\"768\" height=\"576\" src=\"http:\/\/www.mvbreitenau.at\/v2\/wp-content\/uploads\/2020\/02\/DSC04316-1024x768-1-768x576.jpg\" class=\"attachment-medium_large size-medium_large wp-image-1936\" alt=\"\" srcset=\"http:\/\/www.mvbreitenau.at\/v2\/wp-content\/uploads\/2020\/02\/DSC04316-1024x768-1-768x576.jpg 768w, http:\/\/www.mvbreitenau.at\/v2\/wp-content\/uploads\/2020\/02\/DSC04316-1024x768-1-300x225.jpg 300w, http:\/\/www.mvbreitenau.at\/v2\/wp-content\/uploads\/2020\/02\/DSC04316-1024x768-1.jpg 1024w\" sizes=\"(max-width: 768px) 100vw, 768px\" \/>\t\t\t\t\t\t\t\t\t\t\t\t\t\t\t<\/div>\n\t\t\t\t<\/div>\n\t\t\t\t\t<\/div>\n\t\t<\/div>\n\t\t\t\t\t<\/div>\n\t\t<\/section>\n\t\t\t\t<section class=\"elementor-section elementor-top-section elementor-element elementor-element-b2c13e3 elementor-section-boxed elementor-section-height-default elementor-section-height-default\" data-id=\"b2c13e3\" data-element_type=\"section\" data-e-type=\"section\">\n\t\t\t\t\t\t<div class=\"elementor-container elementor-column-gap-default\">\n\t\t\t\t\t<div class=\"elementor-column elementor-col-100 elementor-top-column elementor-element elementor-element-81db056\" data-id=\"81db056\" data-element_type=\"column\" data-e-type=\"column\">\n\t\t\t<div class=\"elementor-widget-wrap elementor-element-populated\">\n\t\t\t\t\t\t<div class=\"elementor-element elementor-element-86c0376 elementor-widget elementor-widget-spacer\" data-id=\"86c0376\" data-element_type=\"widget\" data-e-type=\"widget\" data-widget_type=\"spacer.default\">\n\t\t\t\t<div class=\"elementor-widget-container\">\n\t\t\t\t\t\t\t<div class=\"elementor-spacer\">\n\t\t\t<div class=\"elementor-spacer-inner\"><\/div>\n\t\t<\/div>\n\t\t\t\t\t\t<\/div>\n\t\t\t\t<\/div>\n\t\t\t\t\t<\/div>\n\t\t<\/div>\n\t\t\t\t\t<\/div>\n\t\t<\/section>\n\t\t\t\t<\/div>\n\t\t","protected":false},"excerpt":{"rendered":"<p>Musikverein Breitenau Was verbindet man im landl\u00e4ufigen Sinn eigentlich mit dem Begriff \u201eBlasmusik\u201c? Gilt er als modern oder altmodisch? Als ernstzunehmend oder lachhaft? Gilt der aus\u00fcbende Blasmusiker als Tr\u00e4ger von kultureller Identit\u00e4t oder einfach nur als vereinsmeierischer Provinztrottel? Das alles ist uns vom Musikverein Breitenau egal, wir spielen, weil es uns Spa\u00df macht zu spielen [&hellip;]<\/p>\n","protected":false},"author":3,"featured_media":0,"parent":0,"menu_order":0,"comment_status":"closed","ping_status":"closed","template":"","meta":{"ocean_post_layout":"","ocean_both_sidebars_style":"","ocean_both_sidebars_content_width":0,"ocean_both_sidebars_sidebars_width":0,"ocean_sidebar":"0","ocean_second_sidebar":"0","ocean_disable_margins":"enable","ocean_add_body_class":"","ocean_shortcode_before_top_bar":"","ocean_shortcode_after_top_bar":"","ocean_shortcode_before_header":"","ocean_shortcode_after_header":"","ocean_has_shortcode":"","ocean_shortcode_after_title":"","ocean_shortcode_before_footer_widgets":"","ocean_shortcode_after_footer_widgets":"","ocean_shortcode_before_footer_bottom":"","ocean_shortcode_after_footer_bottom":"","ocean_display_top_bar":"default","ocean_display_header":"default","ocean_header_style":"","ocean_center_header_left_menu":"0","ocean_custom_header_template":"0","ocean_custom_logo":0,"ocean_custom_retina_logo":0,"ocean_custom_logo_max_width":0,"ocean_custom_logo_tablet_max_width":0,"ocean_custom_logo_mobile_max_width":0,"ocean_custom_logo_max_height":0,"ocean_custom_logo_tablet_max_height":0,"ocean_custom_logo_mobile_max_height":0,"ocean_header_custom_menu":"0","ocean_menu_typo_font_family":"0","ocean_menu_typo_font_subset":"","ocean_menu_typo_font_size":0,"ocean_menu_typo_font_size_tablet":0,"ocean_menu_typo_font_size_mobile":0,"ocean_menu_typo_font_size_unit":"px","ocean_menu_typo_font_weight":"","ocean_menu_typo_font_weight_tablet":"","ocean_menu_typo_font_weight_mobile":"","ocean_menu_typo_transform":"","ocean_menu_typo_transform_tablet":"","ocean_menu_typo_transform_mobile":"","ocean_menu_typo_line_height":0,"ocean_menu_typo_line_height_tablet":0,"ocean_menu_typo_line_height_mobile":0,"ocean_menu_typo_line_height_unit":"","ocean_menu_typo_spacing":0,"ocean_menu_typo_spacing_tablet":0,"ocean_menu_typo_spacing_mobile":0,"ocean_menu_typo_spacing_unit":"","ocean_menu_link_color":"","ocean_menu_link_color_hover":"","ocean_menu_link_color_active":"","ocean_menu_link_background":"","ocean_menu_link_hover_background":"","ocean_menu_link_active_background":"","ocean_menu_social_links_bg":"","ocean_menu_social_hover_links_bg":"","ocean_menu_social_links_color":"","ocean_menu_social_hover_links_color":"","ocean_disable_title":"default","ocean_disable_heading":"default","ocean_post_title":"","ocean_post_subheading":"","ocean_post_title_style":"","ocean_post_title_background_color":"","ocean_post_title_background":0,"ocean_post_title_bg_image_position":"","ocean_post_title_bg_image_attachment":"","ocean_post_title_bg_image_repeat":"","ocean_post_title_bg_image_size":"","ocean_post_title_height":0,"ocean_post_title_bg_overlay":0.5,"ocean_post_title_bg_overlay_color":"","ocean_disable_breadcrumbs":"default","ocean_breadcrumbs_color":"","ocean_breadcrumbs_separator_color":"","ocean_breadcrumbs_links_color":"","ocean_breadcrumbs_links_hover_color":"","ocean_display_footer_widgets":"default","ocean_display_footer_bottom":"default","ocean_custom_footer_template":"0","footnotes":""},"class_list":["post-1850","page","type-page","status-publish","hentry","entry"],"_links":{"self":[{"href":"http:\/\/www.mvbreitenau.at\/v2\/index.php?rest_route=\/wp\/v2\/pages\/1850","targetHints":{"allow":["GET"]}}],"collection":[{"href":"http:\/\/www.mvbreitenau.at\/v2\/index.php?rest_route=\/wp\/v2\/pages"}],"about":[{"href":"http:\/\/www.mvbreitenau.at\/v2\/index.php?rest_route=\/wp\/v2\/types\/page"}],"author":[{"embeddable":true,"href":"http:\/\/www.mvbreitenau.at\/v2\/index.php?rest_route=\/wp\/v2\/users\/3"}],"replies":[{"embeddable":true,"href":"http:\/\/www.mvbreitenau.at\/v2\/index.php?rest_route=%2Fwp%2Fv2%2Fcomments&post=1850"}],"version-history":[{"count":24,"href":"http:\/\/www.mvbreitenau.at\/v2\/index.php?rest_route=\/wp\/v2\/pages\/1850\/revisions"}],"predecessor-version":[{"id":3740,"href":"http:\/\/www.mvbreitenau.at\/v2\/index.php?rest_route=\/wp\/v2\/pages\/1850\/revisions\/3740"}],"wp:attachment":[{"href":"http:\/\/www.mvbreitenau.at\/v2\/index.php?rest_route=%2Fwp%2Fv2%2Fmedia&parent=1850"}],"curies":[{"name":"wp","href":"https:\/\/api.w.org\/{rel}","templated":true}]}}