{"id":1859,"date":"2020-02-04T11:25:30","date_gmt":"2020-02-04T10:25:30","guid":{"rendered":"http:\/\/www.mvbreitenau.at\/v2\/?page_id=1859"},"modified":"2020-02-10T08:20:13","modified_gmt":"2020-02-10T07:20:13","slug":"breitenauer-blaesergruppen-vorstellung","status":"publish","type":"page","link":"http:\/\/www.mvbreitenau.at\/v2\/?page_id=1859","title":{"rendered":"Breitenauer Bl\u00e4sergruppen &#8211; Vorstellung"},"content":{"rendered":"\t\t<div data-elementor-type=\"wp-page\" data-elementor-id=\"1859\" class=\"elementor elementor-1859\">\n\t\t\t\t\t\t<section class=\"elementor-section elementor-top-section elementor-element elementor-element-e8d2efc elementor-section-boxed elementor-section-height-default elementor-section-height-default\" data-id=\"e8d2efc\" data-element_type=\"section\" data-e-type=\"section\">\n\t\t\t\t\t\t<div class=\"elementor-container elementor-column-gap-default\">\n\t\t\t\t\t<div class=\"elementor-column elementor-col-100 elementor-top-column elementor-element elementor-element-067a4e5\" data-id=\"067a4e5\" data-element_type=\"column\" data-e-type=\"column\">\n\t\t\t<div class=\"elementor-widget-wrap elementor-element-populated\">\n\t\t\t\t\t\t<div class=\"elementor-element elementor-element-7cb2e72 elementor-widget elementor-widget-spacer\" data-id=\"7cb2e72\" data-element_type=\"widget\" data-e-type=\"widget\" data-widget_type=\"spacer.default\">\n\t\t\t\t<div class=\"elementor-widget-container\">\n\t\t\t\t\t\t\t<div class=\"elementor-spacer\">\n\t\t\t<div class=\"elementor-spacer-inner\"><\/div>\n\t\t<\/div>\n\t\t\t\t\t\t<\/div>\n\t\t\t\t<\/div>\n\t\t\t\t\t<\/div>\n\t\t<\/div>\n\t\t\t\t\t<\/div>\n\t\t<\/section>\n\t\t\t\t<section class=\"elementor-section elementor-top-section elementor-element elementor-element-347e47a elementor-section-boxed elementor-section-height-default elementor-section-height-default\" data-id=\"347e47a\" data-element_type=\"section\" data-e-type=\"section\">\n\t\t\t\t\t\t<div class=\"elementor-container elementor-column-gap-default\">\n\t\t\t\t\t<div class=\"elementor-column elementor-col-100 elementor-top-column elementor-element elementor-element-1aed8bb\" data-id=\"1aed8bb\" data-element_type=\"column\" data-e-type=\"column\">\n\t\t\t<div class=\"elementor-widget-wrap elementor-element-populated\">\n\t\t\t\t\t\t<div class=\"elementor-element elementor-element-b4b7273 elementor-widget elementor-widget-heading\" data-id=\"b4b7273\" data-element_type=\"widget\" data-e-type=\"widget\" data-widget_type=\"heading.default\">\n\t\t\t\t<div class=\"elementor-widget-container\">\n\t\t\t\t\t<h2 class=\"elementor-heading-title elementor-size-xl\">Breitenauer Bl\u00e4sergruppen \/ Quartett\u200b<\/h2>\t\t\t\t<\/div>\n\t\t\t\t<\/div>\n\t\t\t\t\t<\/div>\n\t\t<\/div>\n\t\t\t\t\t<\/div>\n\t\t<\/section>\n\t\t\t\t<section class=\"elementor-section elementor-top-section elementor-element elementor-element-57acd45 elementor-section-boxed elementor-section-height-default elementor-section-height-default\" data-id=\"57acd45\" data-element_type=\"section\" data-e-type=\"section\">\n\t\t\t\t\t\t<div class=\"elementor-container elementor-column-gap-default\">\n\t\t\t\t\t<div class=\"elementor-column elementor-col-100 elementor-top-column elementor-element elementor-element-42f9b4d\" data-id=\"42f9b4d\" data-element_type=\"column\" data-e-type=\"column\">\n\t\t\t<div class=\"elementor-widget-wrap elementor-element-populated\">\n\t\t\t\t\t\t<div class=\"elementor-element elementor-element-1424420 elementor-widget elementor-widget-spacer\" data-id=\"1424420\" data-element_type=\"widget\" data-e-type=\"widget\" data-widget_type=\"spacer.default\">\n\t\t\t\t<div class=\"elementor-widget-container\">\n\t\t\t\t\t\t\t<div class=\"elementor-spacer\">\n\t\t\t<div class=\"elementor-spacer-inner\"><\/div>\n\t\t<\/div>\n\t\t\t\t\t\t<\/div>\n\t\t\t\t<\/div>\n\t\t\t\t\t<\/div>\n\t\t<\/div>\n\t\t\t\t\t<\/div>\n\t\t<\/section>\n\t\t\t\t<section class=\"elementor-section elementor-top-section elementor-element elementor-element-61941e9 elementor-section-boxed elementor-section-height-default elementor-section-height-default\" data-id=\"61941e9\" data-element_type=\"section\" data-e-type=\"section\">\n\t\t\t\t\t\t<div class=\"elementor-container elementor-column-gap-default\">\n\t\t\t\t\t<div class=\"elementor-column elementor-col-100 elementor-top-column elementor-element elementor-element-60ea7c7\" data-id=\"60ea7c7\" data-element_type=\"column\" data-e-type=\"column\">\n\t\t\t<div class=\"elementor-widget-wrap elementor-element-populated\">\n\t\t\t\t\t\t<div class=\"elementor-element elementor-element-f24d7be elementor-widget elementor-widget-image\" data-id=\"f24d7be\" data-element_type=\"widget\" data-e-type=\"widget\" data-widget_type=\"image.default\">\n\t\t\t\t<div class=\"elementor-widget-container\">\n\t\t\t\t\t\t\t\t\t\t\t\t\t\t\t<img fetchpriority=\"high\" decoding=\"async\" width=\"768\" height=\"425\" src=\"http:\/\/www.mvbreitenau.at\/v2\/wp-content\/uploads\/2020\/02\/MVB-HP-PIC_MVB-Quartett-768x425.jpg\" class=\"attachment-medium_large size-medium_large wp-image-1933\" alt=\"\" srcset=\"http:\/\/www.mvbreitenau.at\/v2\/wp-content\/uploads\/2020\/02\/MVB-HP-PIC_MVB-Quartett-768x425.jpg 768w, http:\/\/www.mvbreitenau.at\/v2\/wp-content\/uploads\/2020\/02\/MVB-HP-PIC_MVB-Quartett-300x166.jpg 300w, http:\/\/www.mvbreitenau.at\/v2\/wp-content\/uploads\/2020\/02\/MVB-HP-PIC_MVB-Quartett.jpg 1024w\" sizes=\"(max-width: 768px) 100vw, 768px\" \/>\t\t\t\t\t\t\t\t\t\t\t\t\t\t\t<\/div>\n\t\t\t\t<\/div>\n\t\t\t\t\t<\/div>\n\t\t<\/div>\n\t\t\t\t\t<\/div>\n\t\t<\/section>\n\t\t\t\t<section class=\"elementor-section elementor-top-section elementor-element elementor-element-9c9580d elementor-section-boxed elementor-section-height-default elementor-section-height-default\" data-id=\"9c9580d\" data-element_type=\"section\" data-e-type=\"section\">\n\t\t\t\t\t\t<div class=\"elementor-container elementor-column-gap-default\">\n\t\t\t\t\t<div class=\"elementor-column elementor-col-100 elementor-top-column elementor-element elementor-element-304ed9a\" data-id=\"304ed9a\" data-element_type=\"column\" data-e-type=\"column\">\n\t\t\t<div class=\"elementor-widget-wrap elementor-element-populated\">\n\t\t\t\t\t\t<div class=\"elementor-element elementor-element-af01c20 elementor-widget elementor-widget-spacer\" data-id=\"af01c20\" data-element_type=\"widget\" data-e-type=\"widget\" data-widget_type=\"spacer.default\">\n\t\t\t\t<div class=\"elementor-widget-container\">\n\t\t\t\t\t\t\t<div class=\"elementor-spacer\">\n\t\t\t<div class=\"elementor-spacer-inner\"><\/div>\n\t\t<\/div>\n\t\t\t\t\t\t<\/div>\n\t\t\t\t<\/div>\n\t\t\t\t\t<\/div>\n\t\t<\/div>\n\t\t\t\t\t<\/div>\n\t\t<\/section>\n\t\t\t\t<section class=\"elementor-section elementor-top-section elementor-element elementor-element-d1dcfe4 elementor-section-boxed elementor-section-height-default elementor-section-height-default\" data-id=\"d1dcfe4\" data-element_type=\"section\" data-e-type=\"section\">\n\t\t\t\t\t\t<div class=\"elementor-container elementor-column-gap-default\">\n\t\t\t\t\t<div class=\"elementor-column elementor-col-100 elementor-top-column elementor-element elementor-element-2152403\" data-id=\"2152403\" data-element_type=\"column\" data-e-type=\"column\">\n\t\t\t<div class=\"elementor-widget-wrap elementor-element-populated\">\n\t\t\t\t\t\t<div class=\"elementor-element elementor-element-f9d1081 elementor-widget elementor-widget-text-editor\" data-id=\"f9d1081\" data-element_type=\"widget\" data-e-type=\"widget\" data-widget_type=\"text-editor.default\">\n\t\t\t\t<div class=\"elementor-widget-container\">\n\t\t\t\t\t\t\t\t\t<p>In der heutigen Zeit herrscht die Tendenz vor, krampfhaft originell sein und f\u00fcr die einfachsten Dinge abstruse Begriffe kreieren zu wollen &#8211; der MVB geht da andere Wege. &#8222;MVBQ&#8220;, &#8222;Blechw\u00fcrmer&#8220;, &#8222;Blechpartie&#8220; oder was auch immer, das ist nichts f\u00fcr uns &#8211; wir konzentrieren uns auf das Spielerische und nicht auf den Namen. Was einfach und akustisch bek\u00f6mmlich sein soll, das tritt auch so auf &#8211; wenn der MVB also in kleiner Formation ausr\u00fcckt, um Musik unters Volk zu bringen, dann hat das einen einfachen Namen:&nbsp;<strong>Breitenauer Bl\u00e4sergruppen<\/strong>.<\/p>\n<h4>Wof\u00fcr steht der Begriff?<\/h4>\n<p>Dennoch steht dieser Begriff f\u00fcr eine spezielle und vor allem klein gehaltene Formation von Blasmusikern aus den Reihen des Musikvereins Breitenau. Die Besetzung ist variierbar nach Art der teilnehmenden Instrumentengruppen, als auch nach der Zahl der Musiker \u2013 so kann die Bl\u00e4sergruppe in beinahe jeder beliebigen Anzahl zu den entsprechenden Veranstaltungen ausr\u00fccken.<\/p>\n<h4>Wer spielt mit?<\/h4>\n<p>Was nun die teilnehmenden Instrumentengruppen betrifft, so gibt es eine Vielzahl von Musikst\u00fccken, die extra f\u00fcr eine kleine Gruppe von Blasinstrumenten arrangiert wurden; das traditionelle Blechquartett setzt sich z.B. zusammen aus: zwei Fl\u00fcgelh\u00f6rner oder Trompeten, ein Bass, eine Posaune<\/p>\n<p>Aber auch etwa mit Klarinetten, Querfl\u00f6ten, H\u00f6rnern und Bassfl\u00fcgelh\u00f6rnern lassen sich wohlklingende Kleingruppen zusammenstellen. Welche Besetzung f\u00fcr welchen Anlass am besten geeignet ist, l\u00e4sst sich im Rahmen der Beratung durch MVB-Funktion\u00e4re kl\u00e4ren!<\/p>\n<h4>Bei welchen Anl\u00e4ssen spielen wir?<\/h4>\n<p>Wer in Breitenau lebt, der kennt diese Formation, die in mehreren Gruppen gerade kurz vor Weihnachten regelm\u00e4\u00dfig auszieht um weihnachtliche Stimmung im Ort zu verbreiten. Eigene Zeitpl\u00e4ne werden Jahr f\u00fcr Jahr erstellt um ganz Breitenau fl\u00e4chendeckend mit Besinnlichkeit und Festtagsstimmung zu \u00fcberziehen \u2013 unser Auftreten im Rahmen dieses Weisenblasens erfolgt etwa durch Blechblasensembles.<\/p>\n<p>Aber nat\u00fcrlich ist in diesem Zusammenhang die oftmalige Mitwirkung an Veranstaltungen der J\u00e4gerschaft zu erw\u00e4hnen. Insbesondere bei besonders feierlichen Anl\u00e4ssen wurde in der Vergangenheit \u2013 und soll in der Zukunft \u2013 durch eine unserer Bl\u00e4sergruppen ein besonders feierlicher Rahmen dargeboten werden.<\/p>\n<p>Unsere Bl\u00e4sergruppen freuen sich bereits jetzt auf ihr n\u00e4chstes Engagement&#8230;<\/p>\t\t\t\t\t\t\t\t<\/div>\n\t\t\t\t<\/div>\n\t\t\t\t\t<\/div>\n\t\t<\/div>\n\t\t\t\t\t<\/div>\n\t\t<\/section>\n\t\t\t\t<section class=\"elementor-section elementor-top-section elementor-element elementor-element-bc00ee2 elementor-section-boxed elementor-section-height-default elementor-section-height-default\" data-id=\"bc00ee2\" data-element_type=\"section\" data-e-type=\"section\">\n\t\t\t\t\t\t<div class=\"elementor-container elementor-column-gap-default\">\n\t\t\t\t\t<div class=\"elementor-column elementor-col-100 elementor-top-column elementor-element elementor-element-3fca606\" data-id=\"3fca606\" data-element_type=\"column\" data-e-type=\"column\">\n\t\t\t<div class=\"elementor-widget-wrap elementor-element-populated\">\n\t\t\t\t\t\t<div class=\"elementor-element elementor-element-1c69133 elementor-widget elementor-widget-spacer\" data-id=\"1c69133\" data-element_type=\"widget\" data-e-type=\"widget\" data-widget_type=\"spacer.default\">\n\t\t\t\t<div class=\"elementor-widget-container\">\n\t\t\t\t\t\t\t<div class=\"elementor-spacer\">\n\t\t\t<div class=\"elementor-spacer-inner\"><\/div>\n\t\t<\/div>\n\t\t\t\t\t\t<\/div>\n\t\t\t\t<\/div>\n\t\t\t\t\t<\/div>\n\t\t<\/div>\n\t\t\t\t\t<\/div>\n\t\t<\/section>\n\t\t\t\t<\/div>\n\t\t","protected":false},"excerpt":{"rendered":"<p>Breitenauer Bl\u00e4sergruppen \/ Quartett\u200b In der heutigen Zeit herrscht die Tendenz vor, krampfhaft originell sein und f\u00fcr die einfachsten Dinge abstruse Begriffe kreieren zu wollen &#8211; der MVB geht da andere Wege. &#8222;MVBQ&#8220;, &#8222;Blechw\u00fcrmer&#8220;, &#8222;Blechpartie&#8220; oder was auch immer, das ist nichts f\u00fcr uns &#8211; wir konzentrieren uns auf das Spielerische und nicht auf den [&hellip;]<\/p>\n","protected":false},"author":3,"featured_media":0,"parent":0,"menu_order":0,"comment_status":"closed","ping_status":"closed","template":"","meta":{"ocean_post_layout":"","ocean_both_sidebars_style":"","ocean_both_sidebars_content_width":0,"ocean_both_sidebars_sidebars_width":0,"ocean_sidebar":"0","ocean_second_sidebar":"0","ocean_disable_margins":"enable","ocean_add_body_class":"","ocean_shortcode_before_top_bar":"","ocean_shortcode_after_top_bar":"","ocean_shortcode_before_header":"","ocean_shortcode_after_header":"","ocean_has_shortcode":"","ocean_shortcode_after_title":"","ocean_shortcode_before_footer_widgets":"","ocean_shortcode_after_footer_widgets":"","ocean_shortcode_before_footer_bottom":"","ocean_shortcode_after_footer_bottom":"","ocean_display_top_bar":"default","ocean_display_header":"default","ocean_header_style":"","ocean_center_header_left_menu":"0","ocean_custom_header_template":"0","ocean_custom_logo":0,"ocean_custom_retina_logo":0,"ocean_custom_logo_max_width":0,"ocean_custom_logo_tablet_max_width":0,"ocean_custom_logo_mobile_max_width":0,"ocean_custom_logo_max_height":0,"ocean_custom_logo_tablet_max_height":0,"ocean_custom_logo_mobile_max_height":0,"ocean_header_custom_menu":"0","ocean_menu_typo_font_family":"0","ocean_menu_typo_font_subset":"","ocean_menu_typo_font_size":0,"ocean_menu_typo_font_size_tablet":0,"ocean_menu_typo_font_size_mobile":0,"ocean_menu_typo_font_size_unit":"px","ocean_menu_typo_font_weight":"","ocean_menu_typo_font_weight_tablet":"","ocean_menu_typo_font_weight_mobile":"","ocean_menu_typo_transform":"","ocean_menu_typo_transform_tablet":"","ocean_menu_typo_transform_mobile":"","ocean_menu_typo_line_height":0,"ocean_menu_typo_line_height_tablet":0,"ocean_menu_typo_line_height_mobile":0,"ocean_menu_typo_line_height_unit":"","ocean_menu_typo_spacing":0,"ocean_menu_typo_spacing_tablet":0,"ocean_menu_typo_spacing_mobile":0,"ocean_menu_typo_spacing_unit":"","ocean_menu_link_color":"","ocean_menu_link_color_hover":"","ocean_menu_link_color_active":"","ocean_menu_link_background":"","ocean_menu_link_hover_background":"","ocean_menu_link_active_background":"","ocean_menu_social_links_bg":"","ocean_menu_social_hover_links_bg":"","ocean_menu_social_links_color":"","ocean_menu_social_hover_links_color":"","ocean_disable_title":"default","ocean_disable_heading":"default","ocean_post_title":"","ocean_post_subheading":"","ocean_post_title_style":"","ocean_post_title_background_color":"","ocean_post_title_background":0,"ocean_post_title_bg_image_position":"","ocean_post_title_bg_image_attachment":"","ocean_post_title_bg_image_repeat":"","ocean_post_title_bg_image_size":"","ocean_post_title_height":0,"ocean_post_title_bg_overlay":0.5,"ocean_post_title_bg_overlay_color":"","ocean_disable_breadcrumbs":"default","ocean_breadcrumbs_color":"","ocean_breadcrumbs_separator_color":"","ocean_breadcrumbs_links_color":"","ocean_breadcrumbs_links_hover_color":"","ocean_display_footer_widgets":"default","ocean_display_footer_bottom":"default","ocean_custom_footer_template":"0","footnotes":""},"class_list":["post-1859","page","type-page","status-publish","hentry","entry"],"_links":{"self":[{"href":"http:\/\/www.mvbreitenau.at\/v2\/index.php?rest_route=\/wp\/v2\/pages\/1859","targetHints":{"allow":["GET"]}}],"collection":[{"href":"http:\/\/www.mvbreitenau.at\/v2\/index.php?rest_route=\/wp\/v2\/pages"}],"about":[{"href":"http:\/\/www.mvbreitenau.at\/v2\/index.php?rest_route=\/wp\/v2\/types\/page"}],"author":[{"embeddable":true,"href":"http:\/\/www.mvbreitenau.at\/v2\/index.php?rest_route=\/wp\/v2\/users\/3"}],"replies":[{"embeddable":true,"href":"http:\/\/www.mvbreitenau.at\/v2\/index.php?rest_route=%2Fwp%2Fv2%2Fcomments&post=1859"}],"version-history":[{"count":13,"href":"http:\/\/www.mvbreitenau.at\/v2\/index.php?rest_route=\/wp\/v2\/pages\/1859\/revisions"}],"predecessor-version":[{"id":2107,"href":"http:\/\/www.mvbreitenau.at\/v2\/index.php?rest_route=\/wp\/v2\/pages\/1859\/revisions\/2107"}],"wp:attachment":[{"href":"http:\/\/www.mvbreitenau.at\/v2\/index.php?rest_route=%2Fwp%2Fv2%2Fmedia&parent=1859"}],"curies":[{"name":"wp","href":"https:\/\/api.w.org\/{rel}","templated":true}]}}