{"id":30,"date":"2019-03-11T09:33:10","date_gmt":"2019-03-11T09:33:10","guid":{"rendered":"http:\/\/www.mvbreitenau.at\/v2\/?page_id=30"},"modified":"2025-03-22T20:02:11","modified_gmt":"2025-03-22T19:02:11","slug":"flugelhorn","status":"publish","type":"page","link":"http:\/\/www.mvbreitenau.at\/v2\/?page_id=30","title":{"rendered":"Fl\u00fcgelhorn"},"content":{"rendered":"\t\t<div data-elementor-type=\"wp-post\" data-elementor-id=\"30\" class=\"elementor elementor-30\">\n\t\t\t\t\t\t<section class=\"elementor-section elementor-top-section elementor-element elementor-element-e305879 elementor-section-full_width elementor-section-height-default elementor-section-height-default\" data-id=\"e305879\" data-element_type=\"section\" data-e-type=\"section\">\n\t\t\t\t\t\t<div class=\"elementor-container elementor-column-gap-no\">\n\t\t\t\t\t<div class=\"elementor-column elementor-col-100 elementor-top-column elementor-element elementor-element-3bb0753\" data-id=\"3bb0753\" data-element_type=\"column\" data-e-type=\"column\">\n\t\t\t<div class=\"elementor-widget-wrap elementor-element-populated\">\n\t\t\t\t\t\t<div class=\"elementor-element elementor-element-823a5ab elementor-widget elementor-widget-spacer\" data-id=\"823a5ab\" data-element_type=\"widget\" data-e-type=\"widget\" data-widget_type=\"spacer.default\">\n\t\t\t\t<div class=\"elementor-widget-container\">\n\t\t\t\t\t\t\t<div class=\"elementor-spacer\">\n\t\t\t<div class=\"elementor-spacer-inner\"><\/div>\n\t\t<\/div>\n\t\t\t\t\t\t<\/div>\n\t\t\t\t<\/div>\n\t\t\t\t\t<\/div>\n\t\t<\/div>\n\t\t\t\t\t<\/div>\n\t\t<\/section>\n\t\t\t\t<section class=\"elementor-section elementor-top-section elementor-element elementor-element-36731c8 elementor-section-full_width elementor-section-height-default elementor-section-height-default\" data-id=\"36731c8\" data-element_type=\"section\" data-e-type=\"section\">\n\t\t\t\t\t\t<div class=\"elementor-container elementor-column-gap-no\">\n\t\t\t\t\t<div class=\"elementor-column elementor-col-100 elementor-top-column elementor-element elementor-element-f102d92\" data-id=\"f102d92\" data-element_type=\"column\" data-e-type=\"column\">\n\t\t\t<div class=\"elementor-widget-wrap elementor-element-populated\">\n\t\t\t\t\t\t<div class=\"elementor-element elementor-element-f051906 elementor-widget elementor-widget-heading\" data-id=\"f051906\" data-element_type=\"widget\" data-e-type=\"widget\" data-widget_type=\"heading.default\">\n\t\t\t\t<div class=\"elementor-widget-container\">\n\t\t\t\t\t<h2 class=\"elementor-heading-title elementor-size-default\">Fl\u00fcgelhorn<\/h2>\t\t\t\t<\/div>\n\t\t\t\t<\/div>\n\t\t\t\t\t<\/div>\n\t\t<\/div>\n\t\t\t\t\t<\/div>\n\t\t<\/section>\n\t\t\t\t<section class=\"elementor-section elementor-top-section elementor-element elementor-element-7c45253 elementor-section-boxed elementor-section-height-default elementor-section-height-default\" data-id=\"7c45253\" data-element_type=\"section\" data-e-type=\"section\">\n\t\t\t\t\t\t<div class=\"elementor-container elementor-column-gap-default\">\n\t\t\t\t\t<div class=\"elementor-column elementor-col-100 elementor-top-column elementor-element elementor-element-d4d6730\" data-id=\"d4d6730\" data-element_type=\"column\" data-e-type=\"column\">\n\t\t\t<div class=\"elementor-widget-wrap elementor-element-populated\">\n\t\t\t\t\t\t<div class=\"elementor-element elementor-element-a712d3e elementor-widget elementor-widget-image\" data-id=\"a712d3e\" data-element_type=\"widget\" data-e-type=\"widget\" data-widget_type=\"image.default\">\n\t\t\t\t<div class=\"elementor-widget-container\">\n\t\t\t\t\t\t\t\t\t\t\t\t\t\t\t<img fetchpriority=\"high\" decoding=\"async\" width=\"2924\" height=\"1319\" src=\"http:\/\/www.mvbreitenau.at\/v2\/wp-content\/uploads\/2023\/07\/fluegelhorn_fuerweb.png\" class=\"attachment-full size-full wp-image-3040\" alt=\"\" srcset=\"http:\/\/www.mvbreitenau.at\/v2\/wp-content\/uploads\/2023\/07\/fluegelhorn_fuerweb.png 2924w, http:\/\/www.mvbreitenau.at\/v2\/wp-content\/uploads\/2023\/07\/fluegelhorn_fuerweb-300x135.png 300w, http:\/\/www.mvbreitenau.at\/v2\/wp-content\/uploads\/2023\/07\/fluegelhorn_fuerweb-1024x462.png 1024w, http:\/\/www.mvbreitenau.at\/v2\/wp-content\/uploads\/2023\/07\/fluegelhorn_fuerweb-768x346.png 768w, http:\/\/www.mvbreitenau.at\/v2\/wp-content\/uploads\/2023\/07\/fluegelhorn_fuerweb-1536x693.png 1536w, http:\/\/www.mvbreitenau.at\/v2\/wp-content\/uploads\/2023\/07\/fluegelhorn_fuerweb-2048x924.png 2048w\" sizes=\"(max-width: 2924px) 100vw, 2924px\" \/>\t\t\t\t\t\t\t\t\t\t\t\t\t\t\t<\/div>\n\t\t\t\t<\/div>\n\t\t\t\t\t<\/div>\n\t\t<\/div>\n\t\t\t\t\t<\/div>\n\t\t<\/section>\n\t\t\t\t<section class=\"elementor-section elementor-top-section elementor-element elementor-element-6e6433d elementor-section-full_width elementor-section-height-default elementor-section-height-default\" data-id=\"6e6433d\" data-element_type=\"section\" data-e-type=\"section\">\n\t\t\t\t\t\t<div class=\"elementor-container elementor-column-gap-no\">\n\t\t\t\t\t<div class=\"elementor-column elementor-col-100 elementor-top-column elementor-element elementor-element-13a11be\" data-id=\"13a11be\" data-element_type=\"column\" data-e-type=\"column\">\n\t\t\t<div class=\"elementor-widget-wrap elementor-element-populated\">\n\t\t\t\t\t\t<div class=\"elementor-element elementor-element-3e7a1c8 elementor-widget elementor-widget-spacer\" data-id=\"3e7a1c8\" data-element_type=\"widget\" data-e-type=\"widget\" data-widget_type=\"spacer.default\">\n\t\t\t\t<div class=\"elementor-widget-container\">\n\t\t\t\t\t\t\t<div class=\"elementor-spacer\">\n\t\t\t<div class=\"elementor-spacer-inner\"><\/div>\n\t\t<\/div>\n\t\t\t\t\t\t<\/div>\n\t\t\t\t<\/div>\n\t\t\t\t\t<\/div>\n\t\t<\/div>\n\t\t\t\t\t<\/div>\n\t\t<\/section>\n\t\t\t\t<section class=\"elementor-section elementor-top-section elementor-element elementor-element-2be41c1 elementor-section-boxed elementor-section-height-default elementor-section-height-default\" data-id=\"2be41c1\" data-element_type=\"section\" data-e-type=\"section\">\n\t\t\t\t\t\t<div class=\"elementor-container elementor-column-gap-default\">\n\t\t\t\t\t<div class=\"elementor-column elementor-col-33 elementor-top-column elementor-element elementor-element-7bab4a5\" data-id=\"7bab4a5\" data-element_type=\"column\" data-e-type=\"column\">\n\t\t\t<div class=\"elementor-widget-wrap elementor-element-populated\">\n\t\t\t\t\t\t<div class=\"elementor-element elementor-element-c90486b elementor-position-top elementor-widget elementor-widget-image-box\" data-id=\"c90486b\" data-element_type=\"widget\" data-e-type=\"widget\" data-widget_type=\"image-box.default\">\n\t\t\t\t<div class=\"elementor-widget-container\">\n\t\t\t\t\t<div class=\"elementor-image-box-wrapper\"><figure class=\"elementor-image-box-img\"><img decoding=\"async\" width=\"200\" height=\"300\" src=\"http:\/\/www.mvbreitenau.at\/v2\/wp-content\/uploads\/2019\/06\/Jennifer-Ruiss-200x300.jpg\" class=\"attachment-medium size-medium wp-image-1146\" alt=\"\" srcset=\"http:\/\/www.mvbreitenau.at\/v2\/wp-content\/uploads\/2019\/06\/Jennifer-Ruiss-200x300.jpg 200w, http:\/\/www.mvbreitenau.at\/v2\/wp-content\/uploads\/2019\/06\/Jennifer-Ruiss-768x1152.jpg 768w, http:\/\/www.mvbreitenau.at\/v2\/wp-content\/uploads\/2019\/06\/Jennifer-Ruiss-683x1024.jpg 683w, http:\/\/www.mvbreitenau.at\/v2\/wp-content\/uploads\/2019\/06\/Jennifer-Ruiss.jpg 1000w\" sizes=\"(max-width: 200px) 100vw, 200px\" \/><\/figure><div class=\"elementor-image-box-content\"><h3 class=\"elementor-image-box-title\">Jennifer Berger<\/h3><p class=\"elementor-image-box-description\">Mitglied seit: 2019 <br><span style=\"font-family: Roboto, sans-serif;font-size: 16px;font-style: normal;font-weight: 400\">Ehrenabzeichen: \/ <\/span> <br>weitere Funktionen: Obfrau<\/p><\/div><\/div>\t\t\t\t<\/div>\n\t\t\t\t<\/div>\n\t\t\t\t\t<\/div>\n\t\t<\/div>\n\t\t\t\t<div class=\"elementor-column elementor-col-33 elementor-top-column elementor-element elementor-element-9e2f93b\" data-id=\"9e2f93b\" data-element_type=\"column\" data-e-type=\"column\">\n\t\t\t<div class=\"elementor-widget-wrap elementor-element-populated\">\n\t\t\t\t\t\t<div class=\"elementor-element elementor-element-d18acc4 elementor-position-top elementor-widget elementor-widget-image-box\" data-id=\"d18acc4\" data-element_type=\"widget\" data-e-type=\"widget\" data-widget_type=\"image-box.default\">\n\t\t\t\t<div class=\"elementor-widget-container\">\n\t\t\t\t\t<div class=\"elementor-image-box-wrapper\"><figure class=\"elementor-image-box-img\"><img decoding=\"async\" width=\"200\" height=\"300\" src=\"http:\/\/www.mvbreitenau.at\/v2\/wp-content\/uploads\/2019\/06\/Kornfeld-Johann-200x300.jpg\" class=\"attachment-medium size-medium wp-image-1126\" alt=\"\" srcset=\"http:\/\/www.mvbreitenau.at\/v2\/wp-content\/uploads\/2019\/06\/Kornfeld-Johann-200x300.jpg 200w, http:\/\/www.mvbreitenau.at\/v2\/wp-content\/uploads\/2019\/06\/Kornfeld-Johann-768x1152.jpg 768w, http:\/\/www.mvbreitenau.at\/v2\/wp-content\/uploads\/2019\/06\/Kornfeld-Johann-683x1024.jpg 683w, http:\/\/www.mvbreitenau.at\/v2\/wp-content\/uploads\/2019\/06\/Kornfeld-Johann.jpg 1000w\" sizes=\"(max-width: 200px) 100vw, 200px\" \/><\/figure><div class=\"elementor-image-box-content\"><h3 class=\"elementor-image-box-title\">Johann Kornfeld<\/h3><p class=\"elementor-image-box-description\">Mitglied seit: 1969 <br><span style=\"font-family: Roboto, sans-serif;font-size: 16px;font-style: normal;font-weight: 400\">Ehrenabzeichen: N\u00d6BV Ehrenmedaille-Gold<\/span> <br>weitere Funktionen: \/<\/p><\/div><\/div>\t\t\t\t<\/div>\n\t\t\t\t<\/div>\n\t\t\t\t\t<\/div>\n\t\t<\/div>\n\t\t\t\t<div class=\"elementor-column elementor-col-33 elementor-top-column elementor-element elementor-element-bc5ab2b\" data-id=\"bc5ab2b\" data-element_type=\"column\" data-e-type=\"column\">\n\t\t\t<div class=\"elementor-widget-wrap elementor-element-populated\">\n\t\t\t\t\t\t<div class=\"elementor-element elementor-element-460c3fe elementor-position-top elementor-widget elementor-widget-image-box\" data-id=\"460c3fe\" data-element_type=\"widget\" data-e-type=\"widget\" data-widget_type=\"image-box.default\">\n\t\t\t\t<div class=\"elementor-widget-container\">\n\t\t\t\t\t<div class=\"elementor-image-box-wrapper\"><figure class=\"elementor-image-box-img\"><img loading=\"lazy\" decoding=\"async\" width=\"200\" height=\"300\" src=\"http:\/\/www.mvbreitenau.at\/v2\/wp-content\/uploads\/2019\/06\/Maier-Helmut-200x300.jpg\" class=\"attachment-medium size-medium wp-image-1128\" alt=\"\" srcset=\"http:\/\/www.mvbreitenau.at\/v2\/wp-content\/uploads\/2019\/06\/Maier-Helmut-200x300.jpg 200w, http:\/\/www.mvbreitenau.at\/v2\/wp-content\/uploads\/2019\/06\/Maier-Helmut-768x1152.jpg 768w, http:\/\/www.mvbreitenau.at\/v2\/wp-content\/uploads\/2019\/06\/Maier-Helmut-683x1024.jpg 683w, http:\/\/www.mvbreitenau.at\/v2\/wp-content\/uploads\/2019\/06\/Maier-Helmut.jpg 1000w\" sizes=\"(max-width: 200px) 100vw, 200px\" \/><\/figure><div class=\"elementor-image-box-content\"><h3 class=\"elementor-image-box-title\">Helmut Maier<\/h3><p class=\"elementor-image-box-description\">Mitglied seit: 1977 <br><span style=\"font-family: Roboto, sans-serif;font-size: 16px;font-style: normal;font-weight: 400\">Ehrenabzeichen: N\u00d6BV Ehrenmedaille-Gold<\/span> <br>weitere Funktionen: \/<\/p><\/div><\/div>\t\t\t\t<\/div>\n\t\t\t\t<\/div>\n\t\t\t\t\t<\/div>\n\t\t<\/div>\n\t\t\t\t\t<\/div>\n\t\t<\/section>\n\t\t\t\t<section class=\"elementor-section elementor-top-section elementor-element elementor-element-20f130c elementor-section-full_width elementor-section-height-default elementor-section-height-default\" data-id=\"20f130c\" data-element_type=\"section\" data-e-type=\"section\">\n\t\t\t\t\t\t<div class=\"elementor-container elementor-column-gap-no\">\n\t\t\t\t\t<div class=\"elementor-column elementor-col-100 elementor-top-column elementor-element elementor-element-e9aac00\" data-id=\"e9aac00\" data-element_type=\"column\" data-e-type=\"column\">\n\t\t\t<div class=\"elementor-widget-wrap elementor-element-populated\">\n\t\t\t\t\t\t<div class=\"elementor-element elementor-element-5bd8eb2 elementor-widget elementor-widget-spacer\" data-id=\"5bd8eb2\" data-element_type=\"widget\" data-e-type=\"widget\" data-widget_type=\"spacer.default\">\n\t\t\t\t<div class=\"elementor-widget-container\">\n\t\t\t\t\t\t\t<div class=\"elementor-spacer\">\n\t\t\t<div class=\"elementor-spacer-inner\"><\/div>\n\t\t<\/div>\n\t\t\t\t\t\t<\/div>\n\t\t\t\t<\/div>\n\t\t\t\t\t<\/div>\n\t\t<\/div>\n\t\t\t\t\t<\/div>\n\t\t<\/section>\n\t\t\t\t<section class=\"elementor-section elementor-top-section elementor-element elementor-element-4ad4603 elementor-section-boxed elementor-section-height-default elementor-section-height-default\" data-id=\"4ad4603\" data-element_type=\"section\" data-e-type=\"section\">\n\t\t\t\t\t\t<div class=\"elementor-container elementor-column-gap-default\">\n\t\t\t\t\t<div class=\"elementor-column elementor-col-33 elementor-top-column elementor-element elementor-element-853d673\" data-id=\"853d673\" data-element_type=\"column\" data-e-type=\"column\">\n\t\t\t<div class=\"elementor-widget-wrap elementor-element-populated\">\n\t\t\t\t\t\t<div class=\"elementor-element elementor-element-fb5bc16 elementor-position-top elementor-widget elementor-widget-image-box\" data-id=\"fb5bc16\" data-element_type=\"widget\" data-e-type=\"widget\" data-widget_type=\"image-box.default\">\n\t\t\t\t<div class=\"elementor-widget-container\">\n\t\t\t\t\t<div class=\"elementor-image-box-wrapper\"><figure class=\"elementor-image-box-img\"><img loading=\"lazy\" decoding=\"async\" width=\"200\" height=\"300\" src=\"http:\/\/www.mvbreitenau.at\/v2\/wp-content\/uploads\/2019\/11\/ReiterGerhard-200x300.jpg\" class=\"attachment-medium size-medium wp-image-1360\" alt=\"\" srcset=\"http:\/\/www.mvbreitenau.at\/v2\/wp-content\/uploads\/2019\/11\/ReiterGerhard-200x300.jpg 200w, http:\/\/www.mvbreitenau.at\/v2\/wp-content\/uploads\/2019\/11\/ReiterGerhard-768x1152.jpg 768w, http:\/\/www.mvbreitenau.at\/v2\/wp-content\/uploads\/2019\/11\/ReiterGerhard-683x1024.jpg 683w, http:\/\/www.mvbreitenau.at\/v2\/wp-content\/uploads\/2019\/11\/ReiterGerhard.jpg 1000w\" sizes=\"(max-width: 200px) 100vw, 200px\" \/><\/figure><div class=\"elementor-image-box-content\"><h3 class=\"elementor-image-box-title\">Gerhard Reiter<\/h3><p class=\"elementor-image-box-description\"><span style=\"font-family: Roboto, sans-serif;font-size: 16px;font-style: normal;font-weight: 400\">Mitglied seit: 1972  <\/span><br><span style=\"font-family: Roboto, sans-serif;font-size: 16px;font-style: normal;font-weight: 400\">Ehrenabzeichen: <\/span><span style=\"font-family: Roboto, sans-serif;font-size: 16px;font-style: normal;font-weight: 400\">N\u00d6BV Ehrenmedaille-Gold<\/span><span style=\"font-family: Roboto, sans-serif;font-size: 16px;font-style: normal;font-weight: 400\"> <\/span><br><span style=\"font-family: Roboto, sans-serif;font-size: 16px;font-style: normal;font-weight: 400\">weitere Funktionen: Archivar-Stv., Rechnungspr\u00fcfer<\/span><\/p><\/div><\/div>\t\t\t\t<\/div>\n\t\t\t\t<\/div>\n\t\t\t\t\t<\/div>\n\t\t<\/div>\n\t\t\t\t<div class=\"elementor-column elementor-col-33 elementor-top-column elementor-element elementor-element-7f0a1f2\" data-id=\"7f0a1f2\" data-element_type=\"column\" data-e-type=\"column\">\n\t\t\t<div class=\"elementor-widget-wrap elementor-element-populated\">\n\t\t\t\t\t\t<div class=\"elementor-element elementor-element-7e9d0b4 elementor-position-top elementor-widget elementor-widget-image-box\" data-id=\"7e9d0b4\" data-element_type=\"widget\" data-e-type=\"widget\" data-widget_type=\"image-box.default\">\n\t\t\t\t<div class=\"elementor-widget-container\">\n\t\t\t\t\t<div class=\"elementor-image-box-wrapper\"><figure class=\"elementor-image-box-img\"><img loading=\"lazy\" decoding=\"async\" width=\"200\" height=\"300\" src=\"http:\/\/www.mvbreitenau.at\/v2\/wp-content\/uploads\/2019\/11\/WeissenbacherNorbert-200x300.jpg\" class=\"attachment-medium size-medium wp-image-1358\" alt=\"\" srcset=\"http:\/\/www.mvbreitenau.at\/v2\/wp-content\/uploads\/2019\/11\/WeissenbacherNorbert-200x300.jpg 200w, http:\/\/www.mvbreitenau.at\/v2\/wp-content\/uploads\/2019\/11\/WeissenbacherNorbert-768x1152.jpg 768w, http:\/\/www.mvbreitenau.at\/v2\/wp-content\/uploads\/2019\/11\/WeissenbacherNorbert-683x1024.jpg 683w, http:\/\/www.mvbreitenau.at\/v2\/wp-content\/uploads\/2019\/11\/WeissenbacherNorbert.jpg 1000w\" sizes=\"(max-width: 200px) 100vw, 200px\" \/><\/figure><div class=\"elementor-image-box-content\"><h3 class=\"elementor-image-box-title\">Norbert Wei\u00dfenbacher<\/h3><p class=\"elementor-image-box-description\">Mitglied seit: 1980 <br><span style=\"font-family: Roboto, sans-serif;font-size: 16px;font-style: normal;font-weight: 400\">Ehrenabzeichen: N\u00d6BV Ehrenmedaille-Silber und N\u00d6BV Ehrennadeln-Bronze<\/span> <br>weitere Funktionen: \/<\/p><\/div><\/div>\t\t\t\t<\/div>\n\t\t\t\t<\/div>\n\t\t\t\t\t<\/div>\n\t\t<\/div>\n\t\t\t\t<div class=\"elementor-column elementor-col-33 elementor-top-column elementor-element elementor-element-2d9e81a\" data-id=\"2d9e81a\" data-element_type=\"column\" data-e-type=\"column\">\n\t\t\t<div class=\"elementor-widget-wrap\">\n\t\t\t\t\t\t\t<\/div>\n\t\t<\/div>\n\t\t\t\t\t<\/div>\n\t\t<\/section>\n\t\t\t\t<section class=\"elementor-section elementor-top-section elementor-element elementor-element-49262fc elementor-section-boxed elementor-section-height-default elementor-section-height-default\" data-id=\"49262fc\" data-element_type=\"section\" data-e-type=\"section\">\n\t\t\t\t\t\t<div class=\"elementor-container elementor-column-gap-default\">\n\t\t\t\t\t<div class=\"elementor-column elementor-col-100 elementor-top-column elementor-element elementor-element-441d144\" data-id=\"441d144\" data-element_type=\"column\" data-e-type=\"column\">\n\t\t\t<div class=\"elementor-widget-wrap elementor-element-populated\">\n\t\t\t\t\t\t<div class=\"elementor-element elementor-element-2d632c4 elementor-widget elementor-widget-spacer\" data-id=\"2d632c4\" data-element_type=\"widget\" data-e-type=\"widget\" data-widget_type=\"spacer.default\">\n\t\t\t\t<div class=\"elementor-widget-container\">\n\t\t\t\t\t\t\t<div class=\"elementor-spacer\">\n\t\t\t<div class=\"elementor-spacer-inner\"><\/div>\n\t\t<\/div>\n\t\t\t\t\t\t<\/div>\n\t\t\t\t<\/div>\n\t\t\t\t\t<\/div>\n\t\t<\/div>\n\t\t\t\t\t<\/div>\n\t\t<\/section>\n\t\t\t\t<section class=\"elementor-section elementor-top-section elementor-element elementor-element-ba62654 elementor-section-boxed elementor-section-height-default elementor-section-height-default\" data-id=\"ba62654\" data-element_type=\"section\" data-e-type=\"section\">\n\t\t\t\t\t\t<div class=\"elementor-container elementor-column-gap-default\">\n\t\t\t\t\t<div class=\"elementor-column elementor-col-100 elementor-top-column elementor-element elementor-element-80317a0\" data-id=\"80317a0\" data-element_type=\"column\" data-e-type=\"column\">\n\t\t\t<div class=\"elementor-widget-wrap elementor-element-populated\">\n\t\t\t\t\t\t<div class=\"elementor-element elementor-element-a9601cb elementor-arrows-position-inside elementor-pagination-position-outside elementor-widget elementor-widget-image-carousel\" data-id=\"a9601cb\" data-element_type=\"widget\" data-e-type=\"widget\" data-settings=\"{&quot;slides_to_show&quot;:&quot;3&quot;,&quot;navigation&quot;:&quot;both&quot;,&quot;autoplay&quot;:&quot;yes&quot;,&quot;pause_on_hover&quot;:&quot;yes&quot;,&quot;pause_on_interaction&quot;:&quot;yes&quot;,&quot;autoplay_speed&quot;:5000,&quot;infinite&quot;:&quot;yes&quot;,&quot;speed&quot;:500}\" data-widget_type=\"image-carousel.default\">\n\t\t\t\t<div class=\"elementor-widget-container\">\n\t\t\t\t\t\t\t<div class=\"elementor-image-carousel-wrapper swiper\" role=\"region\" aria-roledescription=\"carousel\" aria-label=\"Bild Karussell\" dir=\"ltr\">\n\t\t\t<div class=\"elementor-image-carousel swiper-wrapper\" aria-live=\"off\">\n\t\t\t\t\t\t\t\t<div class=\"swiper-slide\" role=\"group\" aria-roledescription=\"slide\" aria-label=\"1 von 3\"><figure class=\"swiper-slide-inner\"><img decoding=\"async\" class=\"swiper-slide-image\" src=\"http:\/\/www.mvbreitenau.at\/v2\/wp-content\/uploads\/2023\/07\/trompete-4_fuerweb-300x300.png\" alt=\"Registerfoto Trompete (1)\" \/><\/figure><\/div><div class=\"swiper-slide\" role=\"group\" aria-roledescription=\"slide\" aria-label=\"2 von 3\"><figure class=\"swiper-slide-inner\"><img decoding=\"async\" class=\"swiper-slide-image\" src=\"http:\/\/www.mvbreitenau.at\/v2\/wp-content\/uploads\/2023\/07\/trompete-3_fuerweb-300x300.png\" alt=\"Registerfoto Trompete (2)\" \/><\/figure><\/div><div class=\"swiper-slide\" role=\"group\" aria-roledescription=\"slide\" aria-label=\"3 von 3\"><figure class=\"swiper-slide-inner\"><img decoding=\"async\" class=\"swiper-slide-image\" src=\"http:\/\/www.mvbreitenau.at\/v2\/wp-content\/uploads\/2023\/07\/trompete_fuerweb-300x300.png\" alt=\"Registerfoto Trompete\" \/><\/figure><\/div>\t\t\t<\/div>\n\t\t\t\t\t\t\t\t\t\t\t\t<div class=\"elementor-swiper-button elementor-swiper-button-prev\" role=\"button\" tabindex=\"0\">\n\t\t\t\t\t\t<i aria-hidden=\"true\" class=\"eicon-chevron-left\"><\/i>\t\t\t\t\t<\/div>\n\t\t\t\t\t<div class=\"elementor-swiper-button elementor-swiper-button-next\" role=\"button\" tabindex=\"0\">\n\t\t\t\t\t\t<i aria-hidden=\"true\" class=\"eicon-chevron-right\"><\/i>\t\t\t\t\t<\/div>\n\t\t\t\t\n\t\t\t\t\t\t\t\t\t<div class=\"swiper-pagination\"><\/div>\n\t\t\t\t\t\t\t\t\t<\/div>\n\t\t\t\t\t\t<\/div>\n\t\t\t\t<\/div>\n\t\t\t\t\t<\/div>\n\t\t<\/div>\n\t\t\t\t\t<\/div>\n\t\t<\/section>\n\t\t\t\t<\/div>\n\t\t","protected":false},"excerpt":{"rendered":"<p>Fl\u00fcgelhorn Jennifer Berger Mitglied seit: 2019 Ehrenabzeichen: \/ weitere Funktionen: Obfrau Johann Kornfeld Mitglied seit: 1969 Ehrenabzeichen: N\u00d6BV Ehrenmedaille-Gold weitere Funktionen: \/ Helmut Maier Mitglied seit: 1977 Ehrenabzeichen: N\u00d6BV Ehrenmedaille-Gold weitere Funktionen: \/ Gerhard Reiter Mitglied seit: 1972 Ehrenabzeichen: N\u00d6BV Ehrenmedaille-Gold weitere Funktionen: Archivar-Stv., Rechnungspr\u00fcfer Norbert Wei\u00dfenbacher Mitglied seit: 1980 Ehrenabzeichen: N\u00d6BV Ehrenmedaille-Silber und N\u00d6BV [&hellip;]<\/p>\n","protected":false},"author":1,"featured_media":0,"parent":0,"menu_order":0,"comment_status":"closed","ping_status":"closed","template":"","meta":{"ocean_post_layout":"full-screen","ocean_both_sidebars_style":"","ocean_both_sidebars_content_width":0,"ocean_both_sidebars_sidebars_width":0,"ocean_sidebar":"0","ocean_second_sidebar":"0","ocean_disable_margins":"enable","ocean_add_body_class":"","ocean_shortcode_before_top_bar":"","ocean_shortcode_after_top_bar":"","ocean_shortcode_before_header":"","ocean_shortcode_after_header":"","ocean_has_shortcode":"","ocean_shortcode_after_title":"","ocean_shortcode_before_footer_widgets":"","ocean_shortcode_after_footer_widgets":"","ocean_shortcode_before_footer_bottom":"","ocean_shortcode_after_footer_bottom":"","ocean_display_top_bar":"on","ocean_display_header":"on","ocean_header_style":"","ocean_center_header_left_menu":"0","ocean_custom_header_template":"0","ocean_custom_logo":0,"ocean_custom_retina_logo":0,"ocean_custom_logo_max_width":0,"ocean_custom_logo_tablet_max_width":0,"ocean_custom_logo_mobile_max_width":0,"ocean_custom_logo_max_height":0,"ocean_custom_logo_tablet_max_height":0,"ocean_custom_logo_mobile_max_height":0,"ocean_header_custom_menu":"0","ocean_menu_typo_font_family":"0","ocean_menu_typo_font_subset":"","ocean_menu_typo_font_size":0,"ocean_menu_typo_font_size_tablet":0,"ocean_menu_typo_font_size_mobile":0,"ocean_menu_typo_font_size_unit":"px","ocean_menu_typo_font_weight":"","ocean_menu_typo_font_weight_tablet":"","ocean_menu_typo_font_weight_mobile":"","ocean_menu_typo_transform":"","ocean_menu_typo_transform_tablet":"","ocean_menu_typo_transform_mobile":"","ocean_menu_typo_line_height":0,"ocean_menu_typo_line_height_tablet":0,"ocean_menu_typo_line_height_mobile":0,"ocean_menu_typo_line_height_unit":"","ocean_menu_typo_spacing":0,"ocean_menu_typo_spacing_tablet":0,"ocean_menu_typo_spacing_mobile":0,"ocean_menu_typo_spacing_unit":"","ocean_menu_link_color":"","ocean_menu_link_color_hover":"","ocean_menu_link_color_active":"","ocean_menu_link_background":"","ocean_menu_link_hover_background":"","ocean_menu_link_active_background":"","ocean_menu_social_links_bg":"","ocean_menu_social_hover_links_bg":"","ocean_menu_social_links_color":"","ocean_menu_social_hover_links_color":"","ocean_disable_title":"on","ocean_disable_heading":"default","ocean_post_title":"","ocean_post_subheading":"","ocean_post_title_style":"","ocean_post_title_background_color":"","ocean_post_title_background":0,"ocean_post_title_bg_image_position":"","ocean_post_title_bg_image_attachment":"","ocean_post_title_bg_image_repeat":"","ocean_post_title_bg_image_size":"","ocean_post_title_height":0,"ocean_post_title_bg_overlay":0.5,"ocean_post_title_bg_overlay_color":"","ocean_disable_breadcrumbs":"default","ocean_breadcrumbs_color":"","ocean_breadcrumbs_separator_color":"","ocean_breadcrumbs_links_color":"","ocean_breadcrumbs_links_hover_color":"","ocean_display_footer_widgets":"on","ocean_display_footer_bottom":"on","ocean_custom_footer_template":"0","footnotes":""},"class_list":["post-30","page","type-page","status-publish","hentry","entry"],"_links":{"self":[{"href":"http:\/\/www.mvbreitenau.at\/v2\/index.php?rest_route=\/wp\/v2\/pages\/30","targetHints":{"allow":["GET"]}}],"collection":[{"href":"http:\/\/www.mvbreitenau.at\/v2\/index.php?rest_route=\/wp\/v2\/pages"}],"about":[{"href":"http:\/\/www.mvbreitenau.at\/v2\/index.php?rest_route=\/wp\/v2\/types\/page"}],"author":[{"embeddable":true,"href":"http:\/\/www.mvbreitenau.at\/v2\/index.php?rest_route=\/wp\/v2\/users\/1"}],"replies":[{"embeddable":true,"href":"http:\/\/www.mvbreitenau.at\/v2\/index.php?rest_route=%2Fwp%2Fv2%2Fcomments&post=30"}],"version-history":[{"count":55,"href":"http:\/\/www.mvbreitenau.at\/v2\/index.php?rest_route=\/wp\/v2\/pages\/30\/revisions"}],"predecessor-version":[{"id":3643,"href":"http:\/\/www.mvbreitenau.at\/v2\/index.php?rest_route=\/wp\/v2\/pages\/30\/revisions\/3643"}],"wp:attachment":[{"href":"http:\/\/www.mvbreitenau.at\/v2\/index.php?rest_route=%2Fwp%2Fv2%2Fmedia&parent=30"}],"curies":[{"name":"wp","href":"https:\/\/api.w.org\/{rel}","templated":true}]}}