{"id":3585,"date":"2025-01-04T19:03:00","date_gmt":"2025-01-04T18:03:00","guid":{"rendered":"https:\/\/www.mvbreitenau.at\/v2\/?page_id=3585"},"modified":"2025-01-04T19:16:19","modified_gmt":"2025-01-04T18:16:19","slug":"berichte-aus-dem-jahr-2023","status":"publish","type":"page","link":"http:\/\/www.mvbreitenau.at\/v2\/?page_id=3585","title":{"rendered":"Berichte aus dem Jahr 2023"},"content":{"rendered":"      <div id=\"post-grid-lazy-3592\" class=\"post-grid-lazy\"><img decoding=\"async\" alt=\"\" src=\"\" \/><\/div>\n    <script>\n      jQuery('#post-grid-lazy-3592').ready(function($) {\n        $('#post-grid-lazy-3592').fadeOut();\n        $('#post-grid-3592   ').fadeIn();\n      })\n    <\/script>\n    <style type=\"text\/css\">\n      #post-grid-3592 {\n        display: none;\n      }\n\n      .post-grid-lazy {\n        text-align: center;\n      }\n    <\/style>\n    <div data-options='{&quot;id&quot;:&quot;3592&quot;,&quot;lazy_load&quot;:&quot;yes&quot;,&quot;masonry_enable&quot;:&quot;no&quot;,&quot;view_type&quot;:&quot;grid&quot;}' id=\"post-grid-3592\" class=\"post-grid grid\">\n    \n\n\n    <div class=\"grid-items\">\n      <div class=\"item item-3439 skin flat even 0 \">\n        <div class=\"layer-wrapper layout-2622\">\n          <div class=\"layer-media element_1587187627902\"\r\n        id=\"\">\r\n        <div\r\n        class=\"element element_1587190790308  element-media \">\r\n        <a target=\"_self\" href=\"http:\/\/www.mvbreitenau.at\/v2\/?p=3439\"><img fetchpriority=\"high\" decoding=\"async\" width=\"1024\" height=\"503\" src=\"http:\/\/www.mvbreitenau.at\/v2\/wp-content\/uploads\/2024\/03\/Easter2024.MVB-M-1024x503.jpg\" class=\"attachment-large size-large wp-post-image\" alt=\"\" \/><\/a>    <\/div>\r\n    <\/div>\r\n    <div class=\"layer-content element_1587187714568\"\r\n        id=\"\">\r\n        <div class=\"element element_1587187895341  title \">\r\n                    <a target=\"_blank\"\r\n                href=\"http:\/\/www.mvbreitenau.at\/v2\/?p=3439\">Frohe und friedvolle Ostern!<\/a>\r\n            <\/div>\r\n    <div class=\"element element_1587187729822  excerpt \">\r\n        Der MV Breitenau w\u00fcnscht ein fr\u00fchlingshaftes, sch\u00f6nes und frohes Osterfest!Die Temperaturen werden das Ostereiersuchen \"vers\u00fc\u00dfen\". Einzig die Sommerzeit-Umstellung am kommenden                    <a target=\"_self\"\r\n                href=\"http:\/\/www.mvbreitenau.at\/v2\/?p=3439\">Read more<\/a>\r\n            <\/div>\r\n    <\/div>\r\n    <\/div>\n  <\/div><div class=\"item item-3359 skin flat odd 1 \">\n        <div class=\"layer-wrapper layout-2622\">\n          <div class=\"layer-media element_1587187627902\"\r\n        id=\"\">\r\n        <div\r\n        class=\"element element_1587190790308  element-media \">\r\n        <a target=\"_self\" href=\"http:\/\/www.mvbreitenau.at\/v2\/?p=3359\"><img decoding=\"async\" width=\"545\" height=\"279\" src=\"http:\/\/www.mvbreitenau.at\/v2\/wp-content\/uploads\/2023\/12\/NY2024only.jpg\" class=\"attachment-large size-large wp-post-image\" alt=\"\" \/><\/a>    <\/div>\r\n    <\/div>\r\n    <div class=\"layer-content element_1587187714568\"\r\n        id=\"\">\r\n        <div class=\"element element_1587187895341  title \">\r\n                    <a target=\"_blank\"\r\n                href=\"http:\/\/www.mvbreitenau.at\/v2\/?p=3359\">Ein gutes Neues Jahr 2024!<\/a>\r\n            <\/div>\r\n    <div class=\"element element_1587187729822  excerpt \">\r\n        Ein Jahr neigt sich dem Ende zu, ein anderes Jahr scharrt in den Startl\u00f6chern. Erlaube mir die Grafik aus den                    <a target=\"_self\"\r\n                href=\"http:\/\/www.mvbreitenau.at\/v2\/?p=3359\">Read more<\/a>\r\n            <\/div>\r\n    <\/div>\r\n    <\/div>\n  <\/div><div class=\"item item-3336 skin flat even 2 \">\n        <div class=\"layer-wrapper layout-2622\">\n          <div class=\"layer-media element_1587187627902\"\r\n        id=\"\">\r\n        <div\r\n        class=\"element element_1587190790308  element-media \">\r\n        <a target=\"_self\" href=\"http:\/\/www.mvbreitenau.at\/v2\/?p=3336\"><img decoding=\"async\" width=\"867\" height=\"585\" src=\"http:\/\/www.mvbreitenau.at\/v2\/wp-content\/uploads\/2023\/12\/XMAS-Greetings-2023-XS.jpg\" class=\"attachment-large size-large wp-post-image\" alt=\"\" \/><\/a>    <\/div>\r\n    <\/div>\r\n    <div class=\"layer-content element_1587187714568\"\r\n        id=\"\">\r\n        <div class=\"element element_1587187895341  title \">\r\n                    <a target=\"_blank\"\r\n                href=\"http:\/\/www.mvbreitenau.at\/v2\/?p=3336\">Frohe Weihnachten!<\/a>\r\n            <\/div>\r\n    <div class=\"element element_1587187729822  excerpt \">\r\n        . --- HaMa                    <a target=\"_self\"\r\n                href=\"http:\/\/www.mvbreitenau.at\/v2\/?p=3336\">Read more<\/a>\r\n            <\/div>\r\n    <\/div>\r\n    <\/div>\n  <\/div><div class=\"item item-3378 skin flat odd 3 \">\n        <div class=\"layer-wrapper layout-2622\">\n          <div class=\"layer-media element_1587187627902\"\r\n        id=\"\">\r\n        <div\r\n        class=\"element element_1587190790308  element-media \">\r\n        <a target=\"_self\" href=\"http:\/\/www.mvbreitenau.at\/v2\/?p=3378\"><img loading=\"lazy\" decoding=\"async\" width=\"1024\" height=\"648\" src=\"http:\/\/www.mvbreitenau.at\/v2\/wp-content\/uploads\/2024\/02\/image-11-1024x648.png\" class=\"attachment-large size-large wp-post-image\" alt=\"\" \/><\/a>    <\/div>\r\n    <\/div>\r\n    <div class=\"layer-content element_1587187714568\"\r\n        id=\"\">\r\n        <div class=\"element element_1587187895341  title \">\r\n                    <a target=\"_blank\"\r\n                href=\"http:\/\/www.mvbreitenau.at\/v2\/?p=3378\">Weihnachtliche Kl\u00e4nge in Breitenau<\/a>\r\n            <\/div>\r\n    <div class=\"element element_1587187729822  excerpt \">\r\n        R\u00fcckblick Weihnachts-Blechbl\u00e4sergruppen in Breitenau Die vorweihnachtlichen Temperaturen im Dezember 2023 bis in den Februar 2024 hinein waren gr\u00f6\u00dftenteils wenig winterlich,                    <a target=\"_self\"\r\n                href=\"http:\/\/www.mvbreitenau.at\/v2\/?p=3378\">Read more<\/a>\r\n            <\/div>\r\n    <\/div>\r\n    <\/div>\n  <\/div><div class=\"item item-3330 skin flat even 4 \">\n        <div class=\"layer-wrapper layout-2622\">\n          <div class=\"layer-media element_1587187627902\"\r\n        id=\"\">\r\n        <div\r\n        class=\"element element_1587190790308  element-media \">\r\n        <a target=\"_self\" href=\"http:\/\/www.mvbreitenau.at\/v2\/?p=3330\"><img loading=\"lazy\" decoding=\"async\" width=\"1024\" height=\"664\" src=\"http:\/\/www.mvbreitenau.at\/v2\/wp-content\/uploads\/2023\/12\/XMAS_2023-FB-PIC-small.jpg\" class=\"attachment-large size-large wp-post-image\" alt=\"\" \/><\/a>    <\/div>\r\n    <\/div>\r\n    <div class=\"layer-content element_1587187714568\"\r\n        id=\"\">\r\n        <div class=\"element element_1587187895341  title \">\r\n                    <a target=\"_blank\"\r\n                href=\"http:\/\/www.mvbreitenau.at\/v2\/?p=3330\">Weihnachtslieder in Breitenau<\/a>\r\n            <\/div>\r\n    <div class=\"element element_1587187729822  excerpt \">\r\n        . --- HaMa                    <a target=\"_self\"\r\n                href=\"http:\/\/www.mvbreitenau.at\/v2\/?p=3330\">Read more<\/a>\r\n            <\/div>\r\n    <\/div>\r\n    <\/div>\n  <\/div><div class=\"item item-3366 skin flat odd 5 \">\n        <div class=\"layer-wrapper layout-2622\">\n          <div class=\"layer-media element_1587187627902\"\r\n        id=\"\">\r\n        <div\r\n        class=\"element element_1587190790308  element-media \">\r\n        <a target=\"_self\" href=\"http:\/\/www.mvbreitenau.at\/v2\/?p=3366\"><img loading=\"lazy\" decoding=\"async\" width=\"1024\" height=\"449\" src=\"http:\/\/www.mvbreitenau.at\/v2\/wp-content\/uploads\/2024\/02\/image-1024x449.png\" class=\"attachment-large size-large wp-post-image\" alt=\"\" \/><\/a>    <\/div>\r\n    <\/div>\r\n    <div class=\"layer-content element_1587187714568\"\r\n        id=\"\">\r\n        <div class=\"element element_1587187895341  title \">\r\n                    <a target=\"_blank\"\r\n                href=\"http:\/\/www.mvbreitenau.at\/v2\/?p=3366\">Jubil\u00e4ums- und Herbstkonzert 2023<\/a>\r\n            <\/div>\r\n    <div class=\"element element_1587187729822  excerpt \">\r\n        R\u00fcckblick Herbstkonzert 2023 Vor wenigen Wochen tanzte man im Steinfeldzentrum zum Ball der SP\u00d6 Breitenau unter dem Motto \"Die goldenen                    <a target=\"_self\"\r\n                href=\"http:\/\/www.mvbreitenau.at\/v2\/?p=3366\">Read more<\/a>\r\n            <\/div>\r\n    <\/div>\r\n    <\/div>\n  <\/div><div class=\"item item-3263 skin flat even 6 \">\n        <div class=\"layer-wrapper layout-2622\">\n          <div class=\"layer-media element_1587187627902\"\r\n        id=\"\">\r\n        <div\r\n        class=\"element element_1587190790308  element-media \">\r\n        <a target=\"_self\" href=\"http:\/\/www.mvbreitenau.at\/v2\/?p=3263\"><img loading=\"lazy\" decoding=\"async\" width=\"892\" height=\"522\" src=\"http:\/\/www.mvbreitenau.at\/v2\/wp-content\/uploads\/2023\/10\/MVB-Konzert-FB-1a.jpg\" class=\"attachment-large size-large wp-post-image\" alt=\"\" \/><\/a>    <\/div>\r\n    <\/div>\r\n    <div class=\"layer-content element_1587187714568\"\r\n        id=\"\">\r\n        <div class=\"element element_1587187895341  title \">\r\n                    <a target=\"_blank\"\r\n                href=\"http:\/\/www.mvbreitenau.at\/v2\/?p=3263\">Einladung Herbstkonzert \"100 Jahre MVB\" am 18.11.2023 um 19:00 Steinfeldzentrum Breitenau<\/a>\r\n            <\/div>\r\n    <div class=\"element element_1587187729822  excerpt \">\r\n        . --- HaMa                    <a target=\"_self\"\r\n                href=\"http:\/\/www.mvbreitenau.at\/v2\/?p=3263\">Read more<\/a>\r\n            <\/div>\r\n    <\/div>\r\n    <\/div>\n  <\/div><div class=\"item item-3249 skin flat odd 7 \">\n        <div class=\"layer-wrapper layout-2622\">\n          <div class=\"layer-media element_1587187627902\"\r\n        id=\"\">\r\n        <div\r\n        class=\"element element_1587190790308  element-media \">\r\n        <a target=\"_self\" href=\"http:\/\/www.mvbreitenau.at\/v2\/?p=3249\"><img loading=\"lazy\" decoding=\"async\" width=\"735\" height=\"382\" src=\"http:\/\/www.mvbreitenau.at\/v2\/wp-content\/uploads\/2023\/09\/image.png\" class=\"attachment-large size-large wp-post-image\" alt=\"\" \/><\/a>    <\/div>\r\n    <\/div>\r\n    <div class=\"layer-content element_1587187714568\"\r\n        id=\"\">\r\n        <div class=\"element element_1587187895341  title \">\r\n                    <a target=\"_blank\"\r\n                href=\"http:\/\/www.mvbreitenau.at\/v2\/?p=3249\">60 Jahre Ortsmusikkapelle Muthmannsdorf - Jubil\u00e4umsfest<\/a>\r\n            <\/div>\r\n    <div class=\"element element_1587187729822  excerpt \">\r\n        60 Jahre Ortsmusikkapelle Muthmannsdorf ... und wir waren dabei. Am 02.09.2023 feierten wir mit einigen Gastkapellen aus n\u00e4heren Umgebung den                    <a target=\"_self\"\r\n                href=\"http:\/\/www.mvbreitenau.at\/v2\/?p=3249\">Read more<\/a>\r\n            <\/div>\r\n    <\/div>\r\n    <\/div>\n  <\/div><div class=\"item item-3209 skin flat even 8 \">\n        <div class=\"layer-wrapper layout-2622\">\n          <div class=\"layer-media element_1587187627902\"\r\n        id=\"\">\r\n        <div\r\n        class=\"element element_1587190790308  element-media \">\r\n        <a target=\"_self\" href=\"http:\/\/www.mvbreitenau.at\/v2\/?p=3209\"><img loading=\"lazy\" decoding=\"async\" width=\"850\" height=\"827\" src=\"http:\/\/www.mvbreitenau.at\/v2\/wp-content\/uploads\/2023\/08\/image-7.png\" class=\"attachment-large size-large wp-post-image\" alt=\"\" \/><\/a>    <\/div>\r\n    <\/div>\r\n    <div class=\"layer-content element_1587187714568\"\r\n        id=\"\">\r\n        <div class=\"element element_1587187895341  title \">\r\n                    <a target=\"_blank\"\r\n                href=\"http:\/\/www.mvbreitenau.at\/v2\/?p=3209\">100 Jahre MVB - Jubil\u00e4umsfest im Park<\/a>\r\n            <\/div>\r\n    <div class=\"element element_1587187729822  excerpt \">\r\n        Liegt das Jubil\u00e4umsfest wirklich schon ein Monat zur\u00fcck? Vor 100 Jahren waren vielleicht Wetter-Extreme, gr\u00f6\u00dfere Temperatur-Pendelausschl\u00e4ge oder gar der Begriff                    <a target=\"_self\"\r\n                href=\"http:\/\/www.mvbreitenau.at\/v2\/?p=3209\">Read more<\/a>\r\n            <\/div>\r\n    <\/div>\r\n    <\/div>\n  <\/div><div class=\"item item-3168 skin flat odd 9 \">\n        <div class=\"layer-wrapper layout-2622\">\n          <div class=\"layer-media element_1587187627902\"\r\n        id=\"\">\r\n        <div\r\n        class=\"element element_1587190790308  element-media \">\r\n        <a target=\"_self\" href=\"http:\/\/www.mvbreitenau.at\/v2\/?p=3168\"><img loading=\"lazy\" decoding=\"async\" width=\"807\" height=\"443\" src=\"http:\/\/www.mvbreitenau.at\/v2\/wp-content\/uploads\/2023\/08\/image-5.png\" class=\"attachment-large size-large wp-post-image\" alt=\"\" \/><\/a>    <\/div>\r\n    <\/div>\r\n    <div class=\"layer-content element_1587187714568\"\r\n        id=\"\">\r\n        <div class=\"element element_1587187895341  title \">\r\n                    <a target=\"_blank\"\r\n                href=\"http:\/\/www.mvbreitenau.at\/v2\/?p=3168\">Musikalischer Nachruf und Erinnerung<\/a>\r\n            <\/div>\r\n    <div class=\"element element_1587187729822  excerpt \">\r\n        - - NACHRUF - FRANZ PLANK - GERHARD J\u00c4GERSBERGER - - FRANZ PLANK -Wie eng Freud und Leid, Jubel und                    <a target=\"_self\"\r\n                href=\"http:\/\/www.mvbreitenau.at\/v2\/?p=3168\">Read more<\/a>\r\n            <\/div>\r\n    <\/div>\r\n    <\/div>\n  <\/div>    <\/div>\n    <div class=\"pagination\">\n      <div class=\"paginate\">\n    <span aria-current=\"page\" class=\"page-numbers current\">1<\/span>\n<a class=\"page-numbers\" href=\"http:\/\/www.mvbreitenau.at\/v2\/index.php?rest_route=%2Fwp%2Fv2%2Fpages%2F3585&#038;paged=2\">2<\/a>\n<a class=\"next page-numbers\" href=\"http:\/\/www.mvbreitenau.at\/v2\/index.php?rest_route=%2Fwp%2Fv2%2Fpages%2F3585&#038;paged=2\">Next \u00bb<\/a>  <\/div>\n  <style type=\"text\/css\">\n    #post-grid-3592 .pagination .page-numbers {\n      font-size: 16px;\n      color: #fff;\n      background: #646464;\n    }\n\n    #post-grid-3592 .pagination .page-numbers:hover,\n    #post-grid-3592 .pagination .page-numbers.current {\n      background: #4b4b4b;\n    }\n  <\/style>\n  <\/div>\n        <style type=\"text\/css\">\r\n            .layout-2622 .element_1587187627902 {\r\n                            }\r\n\r\n                    <\/style>\r\n        <style type=\"text\/css\">\r\n        .layout-2622 .element_1587190790308 {\r\n            overflow: hidden;\r\n                    }\r\n\r\n        .layout-2622 .element_1587190790308 img {\r\n            max-width: 100%;\r\n            height: auto;\r\n        }\r\n\r\n        @media only screen and (min-width: 1024px) {\r\n            .layout-2622 .element_1587190790308 {\r\n                height: auto;\r\n                            }\r\n        }\r\n\r\n        @media only screen and (min-width: 768px) and (max-width: 1023px) {\r\n            .layout-2622 .element_1587190790308 {\r\n                height: auto;\r\n                            }\r\n        }\r\n\r\n        @media only screen and (min-width: 0px) and (max-width: 767px) {\r\n            .layout-2622 .element_1587190790308 {\r\n                height: auto;\r\n                            }\r\n        }\r\n    <\/style>\r\n        <style type=\"text\/css\">\r\n            .layout-2622 .element_1587187714568 {\r\n                margin: 10px;\r\n                            }\r\n\r\n                    <\/style>\r\n        <style type=\"text\/css\">\r\n        .layout-2622 .element_1587187895341 {\r\n            font-size: 18px;\r\n            margin: 5px 0px;\r\n            text-align: left;\r\n                    }\r\n\r\n        .layout-2622 .element_1587187895341 a {\r\n            font-size: 18px;\r\n            margin: 5px 0px;\r\n            text-align: left;\r\n                    }\r\n    <\/style>\r\n    <style type=\"text\/css\">\r\n        .layout-2622 .element_1587187729822 {\r\n            font-size: 13px;\r\n            margin: 0px 0px;\r\n            text-align: left;\r\n                    }\r\n\r\n        .layout-2622 .element_1587187729822 a {\r\n            font-size: 13px;\r\n                    }\r\n    <\/style>\r\n        <style type=\"text\/css\">\n      .layout-2622 a{text-decoration:none}.layout-2622{vertical-align:top}.layout-2622 .layer-content{padding:10px}    <\/style>\n    <script>\n          <\/script>\n    <style type=\"text\/css\">\n    #post-grid-3592 {\n      padding: 10px;\n          }\n\n    #post-grid-3592 .item {\n      padding: 0px;\n      background: #fff;\n          }\n\n    #post-grid-3592 .item .layer-media {\n      height:auto;    }\n\n    @media only screen and (min-width: 0px) and (max-width: 767px) {\n      #post-grid-3592 .grid-items {\n        text-align: center;\n              }\n\n      #post-grid-3592 .item {\n        width: 90%;\n        margin: 10px;\n        display: inline-block;\n        vertical-align: top;\n        height:auto;      }\n    }\n\n    @media only screen and (min-width: 768px) and (max-width: 1023px) {\n      #post-grid-3592 .grid-items {\n        text-align: center;\n              }\n\n      #post-grid-3592 .item {\n        width: 280px;\n        margin: 10px;\n        display: inline-block;\n        vertical-align: top;\n        max-height:auto;      }\n    }\n\n    @media only screen and (min-width: 1024px) {\n      #post-grid-3592 .grid-items {\n        text-align: center;\n              }\n\n      #post-grid-3592 .item {\n        width: 280px;\n        display: inline-block;\n        margin: 10px;\n        vertical-align: top;\n        height:auto;      }\n    }\n\n      <\/style>\n  <\/div>\n\n","protected":false},"excerpt":{"rendered":"","protected":false},"author":3,"featured_media":0,"parent":0,"menu_order":0,"comment_status":"closed","ping_status":"closed","template":"","meta":{"ocean_post_layout":"","ocean_both_sidebars_style":"","ocean_both_sidebars_content_width":0,"ocean_both_sidebars_sidebars_width":0,"ocean_sidebar":"0","ocean_second_sidebar":"0","ocean_disable_margins":"enable","ocean_add_body_class":"","ocean_shortcode_before_top_bar":"","ocean_shortcode_after_top_bar":"","ocean_shortcode_before_header":"","ocean_shortcode_after_header":"","ocean_has_shortcode":"","ocean_shortcode_after_title":"","ocean_shortcode_before_footer_widgets":"","ocean_shortcode_after_footer_widgets":"","ocean_shortcode_before_footer_bottom":"","ocean_shortcode_after_footer_bottom":"","ocean_display_top_bar":"default","ocean_display_header":"default","ocean_header_style":"","ocean_center_header_left_menu":"0","ocean_custom_header_template":"0","ocean_custom_logo":0,"ocean_custom_retina_logo":0,"ocean_custom_logo_max_width":0,"ocean_custom_logo_tablet_max_width":0,"ocean_custom_logo_mobile_max_width":0,"ocean_custom_logo_max_height":0,"ocean_custom_logo_tablet_max_height":0,"ocean_custom_logo_mobile_max_height":0,"ocean_header_custom_menu":"0","ocean_menu_typo_font_family":"0","ocean_menu_typo_font_subset":"","ocean_menu_typo_font_size":0,"ocean_menu_typo_font_size_tablet":0,"ocean_menu_typo_font_size_mobile":0,"ocean_menu_typo_font_size_unit":"px","ocean_menu_typo_font_weight":"","ocean_menu_typo_font_weight_tablet":"","ocean_menu_typo_font_weight_mobile":"","ocean_menu_typo_transform":"","ocean_menu_typo_transform_tablet":"","ocean_menu_typo_transform_mobile":"","ocean_menu_typo_line_height":0,"ocean_menu_typo_line_height_tablet":0,"ocean_menu_typo_line_height_mobile":0,"ocean_menu_typo_line_height_unit":"","ocean_menu_typo_spacing":0,"ocean_menu_typo_spacing_tablet":0,"ocean_menu_typo_spacing_mobile":0,"ocean_menu_typo_spacing_unit":"","ocean_menu_link_color":"","ocean_menu_link_color_hover":"","ocean_menu_link_color_active":"","ocean_menu_link_background":"","ocean_menu_link_hover_background":"","ocean_menu_link_active_background":"","ocean_menu_social_links_bg":"","ocean_menu_social_hover_links_bg":"","ocean_menu_social_links_color":"","ocean_menu_social_hover_links_color":"","ocean_disable_title":"default","ocean_disable_heading":"default","ocean_post_title":"","ocean_post_subheading":"","ocean_post_title_style":"","ocean_post_title_background_color":"","ocean_post_title_background":0,"ocean_post_title_bg_image_position":"","ocean_post_title_bg_image_attachment":"","ocean_post_title_bg_image_repeat":"","ocean_post_title_bg_image_size":"","ocean_post_title_height":0,"ocean_post_title_bg_overlay":0.5,"ocean_post_title_bg_overlay_color":"","ocean_disable_breadcrumbs":"default","ocean_breadcrumbs_color":"","ocean_breadcrumbs_separator_color":"","ocean_breadcrumbs_links_color":"","ocean_breadcrumbs_links_hover_color":"","ocean_display_footer_widgets":"default","ocean_display_footer_bottom":"default","ocean_custom_footer_template":"0","footnotes":""},"class_list":["post-3585","page","type-page","status-publish","hentry","entry","has-media"],"_links":{"self":[{"href":"http:\/\/www.mvbreitenau.at\/v2\/index.php?rest_route=\/wp\/v2\/pages\/3585","targetHints":{"allow":["GET"]}}],"collection":[{"href":"http:\/\/www.mvbreitenau.at\/v2\/index.php?rest_route=\/wp\/v2\/pages"}],"about":[{"href":"http:\/\/www.mvbreitenau.at\/v2\/index.php?rest_route=\/wp\/v2\/types\/page"}],"author":[{"embeddable":true,"href":"http:\/\/www.mvbreitenau.at\/v2\/index.php?rest_route=\/wp\/v2\/users\/3"}],"replies":[{"embeddable":true,"href":"http:\/\/www.mvbreitenau.at\/v2\/index.php?rest_route=%2Fwp%2Fv2%2Fcomments&post=3585"}],"version-history":[{"count":2,"href":"http:\/\/www.mvbreitenau.at\/v2\/index.php?rest_route=\/wp\/v2\/pages\/3585\/revisions"}],"predecessor-version":[{"id":3593,"href":"http:\/\/www.mvbreitenau.at\/v2\/index.php?rest_route=\/wp\/v2\/pages\/3585\/revisions\/3593"}],"wp:attachment":[{"href":"http:\/\/www.mvbreitenau.at\/v2\/index.php?rest_route=%2Fwp%2Fv2%2Fmedia&parent=3585"}],"curies":[{"name":"wp","href":"https:\/\/api.w.org\/{rel}","templated":true}]}}