{"id":1875,"date":"2020-02-04T12:17:42","date_gmt":"2020-02-04T11:17:42","guid":{"rendered":"http:\/\/www.mvbreitenau.at\/v2\/?page_id=1875"},"modified":"2025-11-09T21:31:51","modified_gmt":"2025-11-09T20:31:51","slug":"musibaer-vorstellung","status":"publish","type":"page","link":"https:\/\/www.mvbreitenau.at\/v2\/?page_id=1875","title":{"rendered":"Musib\u00e4r &#8211; Vorstellung"},"content":{"rendered":"\t\t<div data-elementor-type=\"wp-page\" data-elementor-id=\"1875\" class=\"elementor elementor-1875\">\n\t\t\t\t\t\t<section class=\"elementor-section elementor-top-section elementor-element elementor-element-d9f9d1a elementor-section-boxed elementor-section-height-default elementor-section-height-default\" data-id=\"d9f9d1a\" data-element_type=\"section\" data-e-type=\"section\">\n\t\t\t\t\t\t<div class=\"elementor-container elementor-column-gap-default\">\n\t\t\t\t\t<div class=\"elementor-column elementor-col-100 elementor-top-column elementor-element elementor-element-7ec090c\" data-id=\"7ec090c\" data-element_type=\"column\" data-e-type=\"column\">\n\t\t\t<div class=\"elementor-widget-wrap elementor-element-populated\">\n\t\t\t\t\t\t<div class=\"elementor-element elementor-element-b50c522 elementor-widget elementor-widget-spacer\" data-id=\"b50c522\" data-element_type=\"widget\" data-e-type=\"widget\" data-widget_type=\"spacer.default\">\n\t\t\t\t<div class=\"elementor-widget-container\">\n\t\t\t\t\t\t\t<div class=\"elementor-spacer\">\n\t\t\t<div class=\"elementor-spacer-inner\"><\/div>\n\t\t<\/div>\n\t\t\t\t\t\t<\/div>\n\t\t\t\t<\/div>\n\t\t\t\t\t<\/div>\n\t\t<\/div>\n\t\t\t\t\t<\/div>\n\t\t<\/section>\n\t\t\t\t<section class=\"elementor-section elementor-top-section elementor-element elementor-element-8077eb8 elementor-section-boxed elementor-section-height-default elementor-section-height-default\" data-id=\"8077eb8\" data-element_type=\"section\" data-e-type=\"section\">\n\t\t\t\t\t\t<div class=\"elementor-container elementor-column-gap-default\">\n\t\t\t\t\t<div class=\"elementor-column elementor-col-100 elementor-top-column elementor-element elementor-element-fc332cc\" data-id=\"fc332cc\" data-element_type=\"column\" data-e-type=\"column\">\n\t\t\t<div class=\"elementor-widget-wrap elementor-element-populated\">\n\t\t\t\t\t\t<div class=\"elementor-element elementor-element-105854d elementor-widget elementor-widget-heading\" data-id=\"105854d\" data-element_type=\"widget\" data-e-type=\"widget\" data-widget_type=\"heading.default\">\n\t\t\t\t<div class=\"elementor-widget-container\">\n\t\t\t\t\t<h2 class=\"elementor-heading-title elementor-size-default\">Musib\u00e4r - Fangruppe &amp; Maskottchen\u200b<\/h2>\t\t\t\t<\/div>\n\t\t\t\t<\/div>\n\t\t\t\t\t<\/div>\n\t\t<\/div>\n\t\t\t\t\t<\/div>\n\t\t<\/section>\n\t\t\t\t<section class=\"elementor-section elementor-top-section elementor-element elementor-element-2c7e60e elementor-section-boxed elementor-section-height-default elementor-section-height-default\" data-id=\"2c7e60e\" data-element_type=\"section\" data-e-type=\"section\">\n\t\t\t\t\t\t<div class=\"elementor-container elementor-column-gap-default\">\n\t\t\t\t\t<div class=\"elementor-column elementor-col-100 elementor-top-column elementor-element elementor-element-4a120b3\" data-id=\"4a120b3\" data-element_type=\"column\" data-e-type=\"column\">\n\t\t\t<div class=\"elementor-widget-wrap elementor-element-populated\">\n\t\t\t\t\t\t<div class=\"elementor-element elementor-element-21859c8 elementor-widget elementor-widget-spacer\" data-id=\"21859c8\" data-element_type=\"widget\" data-e-type=\"widget\" data-widget_type=\"spacer.default\">\n\t\t\t\t<div class=\"elementor-widget-container\">\n\t\t\t\t\t\t\t<div class=\"elementor-spacer\">\n\t\t\t<div class=\"elementor-spacer-inner\"><\/div>\n\t\t<\/div>\n\t\t\t\t\t\t<\/div>\n\t\t\t\t<\/div>\n\t\t\t\t\t<\/div>\n\t\t<\/div>\n\t\t\t\t\t<\/div>\n\t\t<\/section>\n\t\t\t\t<section class=\"elementor-section elementor-top-section elementor-element elementor-element-16afcb2 elementor-section-boxed elementor-section-height-default elementor-section-height-default\" data-id=\"16afcb2\" data-element_type=\"section\" data-e-type=\"section\">\n\t\t\t\t\t\t<div class=\"elementor-container elementor-column-gap-default\">\n\t\t\t\t\t<div class=\"elementor-column elementor-col-50 elementor-top-column elementor-element elementor-element-68974be\" data-id=\"68974be\" data-element_type=\"column\" data-e-type=\"column\">\n\t\t\t<div class=\"elementor-widget-wrap elementor-element-populated\">\n\t\t\t\t\t\t<div class=\"elementor-element elementor-element-5cf4e0e elementor-widget elementor-widget-text-editor\" data-id=\"5cf4e0e\" data-element_type=\"widget\" data-e-type=\"widget\" data-widget_type=\"text-editor.default\">\n\t\t\t\t<div class=\"elementor-widget-container\">\n\t\t\t\t\t\t\t\t\t<p style=\"font-style: normal; font-variant-ligatures: normal; font-variant-caps: normal; font-family: Roboto, sans-serif; font-size: 16px;\"><b>Allgemeine Information<\/b><\/p>\n<p><span style=\"color: #ff0000;\">Aufgrund&nbsp; einer Reform des sog. <strong>Gemeinn\u00fctzigkeitsgesetzes<\/strong> und der damit verbundenen <strong>Spendenabsetzbarkeit&nbsp;<\/strong>\u00fcberarbeiten wir derzeit das Konzept &#8222;Musib\u00e4r&#8220;.<br>Damit auch die technische M\u00f6glichkeit ihre Spende v\u00f6llig automatisiert einer steuerlichen Spendenber\u00fccksichtigung zuzuf\u00fchren.<\/span><\/p>\n<p>&#8212;-<\/p>\n<p style=\"font-style: normal; font-variant-ligatures: normal; font-variant-caps: normal; font-weight: 400; font-family: Roboto, sans-serif; font-size: 16px;\">Im Fr\u00fchjahr 2012 entschloss sich die Vereinsf\u00fchrung des MVB eine Fangruppe ins Leben zu rufen. Somit war der \u201eMusib\u00e4r\u201c geboren.<\/p>\n<p style=\"font-style: normal; font-variant-ligatures: normal; font-variant-caps: normal; font-weight: 400; font-family: Roboto, sans-serif; font-size: 16px;\">Der&nbsp;<span style=\"font-size: 16px; font-weight: 600;\">Musib\u00e4r<\/span>&nbsp;sollte in erster Linie die Verbundenheit zum MVB vertiefen \u2013 einen sogenannten harten Kern von Fans gab es schon \u00fcber einige Jahre hinweg.<\/p>\n<p style=\"font-style: normal; font-variant-ligatures: normal; font-variant-caps: normal; font-family: Roboto, sans-serif; font-size: 16px;\"><span style=\"font-weight: 400;\">Vor allem unterst\u00fctzt du damit einen ortsans\u00e4ssigen Verein in finanzieller Hinsicht. Diese <\/span><span style=\"color: #ff0000;\"><b>Spenden<\/b> <\/span>helfen uns bei den Betriebskosten f\u00fcr das Musikerheim, bei Anschaffungen von neuen Instrumenten und Noten- und Bekleidungsmaterial und der Instandhaltung der Instrumente.<\/p>\n<p style=\"font-style: normal; font-variant-ligatures: normal; font-variant-caps: normal; font-weight: 400; font-family: Roboto, sans-serif; font-size: 16px;\"><span style=\"font-size: 16px; font-weight: 600;\">Welchen Nutzen bringt der &#8222;Musib\u00e4r&#8220; ?<\/span><\/p>\n<p style=\"font-style: normal; font-variant-ligatures: normal; font-variant-caps: normal; font-weight: 400; font-family: Roboto, sans-serif; font-size: 16px;\">Als optisches Erkennungsmerkmal dient ein kleiner Musib\u00e4rn-Anstecker. Wir vom MVB wollen die Mitglieder n\u00e4her an den Verein f\u00fchren \u2013 sei es durch pers\u00f6nliche Einladungen zu unseren Veranstaltungen in Breitenau und auch au\u00dferhalb der Gemeinde. Kleine Erfrischungen und St\u00e4rkungen bei den vereinseigenen Veranstaltungen z\u00e4hlen auch hinzu.<\/p>\n<p style=\"font-style: normal; font-variant-ligatures: normal; font-variant-caps: normal; font-weight: 400; font-family: Roboto, sans-serif; font-size: 16px;\"><span style=\"font-size: 16px; font-weight: 600;\">Wie kann ich ein Musib\u00e4r werden?<\/span><\/p>\n<p style=\"font-style: normal; font-variant-ligatures: normal; font-variant-caps: normal; font-weight: 400; font-family: Roboto, sans-serif; font-size: 16px;\">Spendenvorschlag 35\u20ac<br>Kontakt:<br>Margot Kwas-Plank<br>Markus Maier<br>Reinhard Trimmel<br><br><\/p><p style=\"\">Einwilligung gem\u00e4\u00df Datenschutz zur Speicherung und Verwaltung personenbezogener Daten<\/p><p style=\"\">Ich gebe hiermit freiwillig die Einwilligung zur Verarbeitung von personenbezogenen Daten.<span style=\"font-size: 16px;\">Im Rahmen des Unterst\u00fctzungsprogrammes \u201cMusib\u00e4r\u201d im Musikverein Breitenau verarbeiten wir personenbezogene&nbsp;<\/span><\/p><p style=\"\">Daten (Kontaktdaten postalisch \/ E-Mail&nbsp; \u2013 siehe oben) ausschlie\u00dflich zum Zweck der Personenverwaltung und&nbsp;<span style=\"font-size: 16px;\">Kommunikation im Zusammenhang mit der Vereinsarbeit, f\u00fcr Hinweise auf musikalische Ereignisse und f\u00fcr&nbsp;<\/span><span style=\"font-size: 16px;\">pers. Einladungen zu Festen \/ Konzerten des MV Breitenau.<\/span><\/p><p style=\"\"><span style=\"font-size: 16px;\">Als Verantwortlicher f\u00fcr die Datenverarbeitung gilt das Leitungsorgan des Vereines (Obfrau \/ Obmann) bzw. nach&nbsp;<\/span><span style=\"font-size: 16px;\">Delegation Mitglieder des Vereinsvorstandes.<\/span><\/p><p style=\"\">Es werden keine besondere oder sensible personenbezogene Daten erhoben, gespeichert und verwendet.&nbsp;<span style=\"font-size: 16px;\">Eine automatisierte Verarbeitung (Profiling, Statistik u.\u00e4.) sowie eine Weitergabe an Dritte findet nicht statt.<\/span><\/p><p style=\"\"><span style=\"font-size: 16px;\">Hinweis auf Rechte des Betroffenen auf: Auskunft, Berichtigung, L\u00f6schung, Sperrung und Widerspruch:<br><\/span><span style=\"font-size: 16px;\">Es besteht das Recht auf Auskunft, Berichtigung, L\u00f6schung, Einschr\u00e4nkung der Verarbeitung sowie Widerspruch&nbsp;<\/span><span style=\"font-size: 16px;\">gegen die Verarbeitung Ihrer Daten. Zudem steht Ihnen ein Beschwerderecht bei der Datenschutzbeh\u00f6rde zu.&nbsp;<\/span><\/p><p style=\"\">Diese Rechte k\u00f6nnen ohne Angabe von Gr\u00fcnden postalisch, per Email, pers\u00f6nlich beim MV Breitenau&nbsp;<span style=\"font-size: 16px;\">(Obfrau\/Obmann) bzw. den \u00fcbergeordneten Blasmusikverband kostenlos geltend gemacht werden.&nbsp;<\/span><\/p><p style=\"\">Bei einem Ausscheiden aus dem Unterst\u00fctzungsprogramm werden entsprechende Daten gel\u00f6scht.&nbsp;<\/p><p style=\"\"><span style=\"font-size: 16px;\">Bei Fragen zum Datenschutz wenden Sie sich bitte an:&nbsp;<br><\/span><span style=\"font-size: 16px;\">Obfrau Jennifer Berger &#8211; MV Breitenau &#8211; Kirchenplatz 7 &#8211; 2624 Breitenau &#8211; www.mvbreitenau.at &#8211; ZVR: 602047034<br><br><\/span><\/p>\t\t\t\t\t\t\t\t<\/div>\n\t\t\t\t<\/div>\n\t\t\t\t\t<\/div>\n\t\t<\/div>\n\t\t\t\t<div class=\"elementor-column elementor-col-50 elementor-top-column elementor-element elementor-element-4437b27\" data-id=\"4437b27\" data-element_type=\"column\" data-e-type=\"column\">\n\t\t\t<div class=\"elementor-widget-wrap elementor-element-populated\">\n\t\t\t\t\t\t<div class=\"elementor-element elementor-element-6568f8f elementor-widget elementor-widget-image\" data-id=\"6568f8f\" data-element_type=\"widget\" data-e-type=\"widget\" data-widget_type=\"image.default\">\n\t\t\t\t<div class=\"elementor-widget-container\">\n\t\t\t\t\t\t\t\t\t\t\t\t\t\t\t<img fetchpriority=\"high\" decoding=\"async\" width=\"300\" height=\"300\" src=\"https:\/\/www.mvbreitenau.at\/v2\/wp-content\/uploads\/2019\/03\/Musib\u00e4r_mitText-300x300.jpg\" class=\"attachment-medium size-medium wp-image-659\" alt=\"\" srcset=\"https:\/\/www.mvbreitenau.at\/v2\/wp-content\/uploads\/2019\/03\/Musib\u00e4r_mitText-300x300.jpg 300w, https:\/\/www.mvbreitenau.at\/v2\/wp-content\/uploads\/2019\/03\/Musib\u00e4r_mitText-150x150.jpg 150w, https:\/\/www.mvbreitenau.at\/v2\/wp-content\/uploads\/2019\/03\/Musib\u00e4r_mitText-768x768.jpg 768w, https:\/\/www.mvbreitenau.at\/v2\/wp-content\/uploads\/2019\/03\/Musib\u00e4r_mitText-1024x1024.jpg 1024w, https:\/\/www.mvbreitenau.at\/v2\/wp-content\/uploads\/2019\/03\/Musib\u00e4r_mitText.jpg 2000w\" sizes=\"(max-width: 300px) 100vw, 300px\" \/>\t\t\t\t\t\t\t\t\t\t\t\t\t\t\t<\/div>\n\t\t\t\t<\/div>\n\t\t\t\t\t<\/div>\n\t\t<\/div>\n\t\t\t\t\t<\/div>\n\t\t<\/section>\n\t\t\t\t<section class=\"elementor-section elementor-top-section elementor-element elementor-element-bd8957b elementor-section-boxed elementor-section-height-default elementor-section-height-default\" data-id=\"bd8957b\" data-element_type=\"section\" data-e-type=\"section\">\n\t\t\t\t\t\t<div class=\"elementor-container elementor-column-gap-default\">\n\t\t\t\t\t<div class=\"elementor-column elementor-col-100 elementor-top-column elementor-element elementor-element-b6591e1\" data-id=\"b6591e1\" data-element_type=\"column\" data-e-type=\"column\">\n\t\t\t<div class=\"elementor-widget-wrap elementor-element-populated\">\n\t\t\t\t\t\t<div class=\"elementor-element elementor-element-0d8dae0 elementor-widget elementor-widget-spacer\" data-id=\"0d8dae0\" data-element_type=\"widget\" data-e-type=\"widget\" data-widget_type=\"spacer.default\">\n\t\t\t\t<div class=\"elementor-widget-container\">\n\t\t\t\t\t\t\t<div class=\"elementor-spacer\">\n\t\t\t<div class=\"elementor-spacer-inner\"><\/div>\n\t\t<\/div>\n\t\t\t\t\t\t<\/div>\n\t\t\t\t<\/div>\n\t\t\t\t\t<\/div>\n\t\t<\/div>\n\t\t\t\t\t<\/div>\n\t\t<\/section>\n\t\t\t\t<\/div>\n\t\t","protected":false},"excerpt":{"rendered":"<p>Musib\u00e4r &#8211; Fangruppe &amp; Maskottchen\u200b Allgemeine Information Aufgrund&nbsp; einer Reform des sog. Gemeinn\u00fctzigkeitsgesetzes und der damit verbundenen Spendenabsetzbarkeit&nbsp;\u00fcberarbeiten wir derzeit das Konzept &#8222;Musib\u00e4r&#8220;.Damit auch die technische M\u00f6glichkeit ihre Spende v\u00f6llig automatisiert einer steuerlichen Spendenber\u00fccksichtigung zuzuf\u00fchren. &#8212;- Im Fr\u00fchjahr 2012 entschloss sich die Vereinsf\u00fchrung des MVB eine Fangruppe ins Leben zu rufen. Somit war der \u201eMusib\u00e4r\u201c [&hellip;]<\/p>\n","protected":false},"author":3,"featured_media":0,"parent":0,"menu_order":0,"comment_status":"closed","ping_status":"closed","template":"","meta":{"ocean_post_layout":"","ocean_both_sidebars_style":"","ocean_both_sidebars_content_width":0,"ocean_both_sidebars_sidebars_width":0,"ocean_sidebar":"0","ocean_second_sidebar":"0","ocean_disable_margins":"enable","ocean_add_body_class":"","ocean_shortcode_before_top_bar":"","ocean_shortcode_after_top_bar":"","ocean_shortcode_before_header":"","ocean_shortcode_after_header":"","ocean_has_shortcode":"","ocean_shortcode_after_title":"","ocean_shortcode_before_footer_widgets":"","ocean_shortcode_after_footer_widgets":"","ocean_shortcode_before_footer_bottom":"","ocean_shortcode_after_footer_bottom":"","ocean_display_top_bar":"default","ocean_display_header":"default","ocean_header_style":"","ocean_center_header_left_menu":"0","ocean_custom_header_template":"0","ocean_custom_logo":0,"ocean_custom_retina_logo":0,"ocean_custom_logo_max_width":0,"ocean_custom_logo_tablet_max_width":0,"ocean_custom_logo_mobile_max_width":0,"ocean_custom_logo_max_height":0,"ocean_custom_logo_tablet_max_height":0,"ocean_custom_logo_mobile_max_height":0,"ocean_header_custom_menu":"0","ocean_menu_typo_font_family":"0","ocean_menu_typo_font_subset":"","ocean_menu_typo_font_size":0,"ocean_menu_typo_font_size_tablet":0,"ocean_menu_typo_font_size_mobile":0,"ocean_menu_typo_font_size_unit":"px","ocean_menu_typo_font_weight":"","ocean_menu_typo_font_weight_tablet":"","ocean_menu_typo_font_weight_mobile":"","ocean_menu_typo_transform":"","ocean_menu_typo_transform_tablet":"","ocean_menu_typo_transform_mobile":"","ocean_menu_typo_line_height":0,"ocean_menu_typo_line_height_tablet":0,"ocean_menu_typo_line_height_mobile":0,"ocean_menu_typo_line_height_unit":"","ocean_menu_typo_spacing":0,"ocean_menu_typo_spacing_tablet":0,"ocean_menu_typo_spacing_mobile":0,"ocean_menu_typo_spacing_unit":"","ocean_menu_link_color":"","ocean_menu_link_color_hover":"","ocean_menu_link_color_active":"","ocean_menu_link_background":"","ocean_menu_link_hover_background":"","ocean_menu_link_active_background":"","ocean_menu_social_links_bg":"","ocean_menu_social_hover_links_bg":"","ocean_menu_social_links_color":"","ocean_menu_social_hover_links_color":"","ocean_disable_title":"default","ocean_disable_heading":"default","ocean_post_title":"","ocean_post_subheading":"","ocean_post_title_style":"","ocean_post_title_background_color":"","ocean_post_title_background":0,"ocean_post_title_bg_image_position":"","ocean_post_title_bg_image_attachment":"","ocean_post_title_bg_image_repeat":"","ocean_post_title_bg_image_size":"","ocean_post_title_height":0,"ocean_post_title_bg_overlay":0.5,"ocean_post_title_bg_overlay_color":"","ocean_disable_breadcrumbs":"default","ocean_breadcrumbs_color":"","ocean_breadcrumbs_separator_color":"","ocean_breadcrumbs_links_color":"","ocean_breadcrumbs_links_hover_color":"","ocean_display_footer_widgets":"default","ocean_display_footer_bottom":"default","ocean_custom_footer_template":"0","footnotes":""},"class_list":["post-1875","page","type-page","status-publish","hentry","entry"],"_links":{"self":[{"href":"https:\/\/www.mvbreitenau.at\/v2\/index.php?rest_route=\/wp\/v2\/pages\/1875","targetHints":{"allow":["GET"]}}],"collection":[{"href":"https:\/\/www.mvbreitenau.at\/v2\/index.php?rest_route=\/wp\/v2\/pages"}],"about":[{"href":"https:\/\/www.mvbreitenau.at\/v2\/index.php?rest_route=\/wp\/v2\/types\/page"}],"author":[{"embeddable":true,"href":"https:\/\/www.mvbreitenau.at\/v2\/index.php?rest_route=\/wp\/v2\/users\/3"}],"replies":[{"embeddable":true,"href":"https:\/\/www.mvbreitenau.at\/v2\/index.php?rest_route=%2Fwp%2Fv2%2Fcomments&post=1875"}],"version-history":[{"count":29,"href":"https:\/\/www.mvbreitenau.at\/v2\/index.php?rest_route=\/wp\/v2\/pages\/1875\/revisions"}],"predecessor-version":[{"id":3754,"href":"https:\/\/www.mvbreitenau.at\/v2\/index.php?rest_route=\/wp\/v2\/pages\/1875\/revisions\/3754"}],"wp:attachment":[{"href":"https:\/\/www.mvbreitenau.at\/v2\/index.php?rest_route=%2Fwp%2Fv2%2Fmedia&parent=1875"}],"curies":[{"name":"wp","href":"https:\/\/api.w.org\/{rel}","templated":true}]}}