{"id":2634,"date":"2022-06-06T17:42:35","date_gmt":"2022-06-06T16:42:35","guid":{"rendered":"https:\/\/www.mvbreitenau.at\/v2\/?page_id=2634"},"modified":"2025-01-04T19:54:02","modified_gmt":"2025-01-04T18:54:02","slug":"aktuelle-berichte-2022","status":"publish","type":"page","link":"https:\/\/www.mvbreitenau.at\/v2\/?page_id=2634","title":{"rendered":"Aktuelle Berichte &#8211; 2025"},"content":{"rendered":"      <div id=\"post-grid-lazy-2633\" class=\"post-grid-lazy\"><img decoding=\"async\" alt=\"\" src=\"\" \/><\/div>\n    <script>\n      jQuery('#post-grid-lazy-2633').ready(function($) {\n        $('#post-grid-lazy-2633').fadeOut();\n        $('#post-grid-2633   ').fadeIn();\n      })\n    <\/script>\n    <style type=\"text\/css\">\n      #post-grid-2633 {\n        display: none;\n      }\n\n      .post-grid-lazy {\n        text-align: center;\n      }\n    <\/style>\n    <div data-options='{&quot;id&quot;:&quot;2633&quot;,&quot;lazy_load&quot;:&quot;yes&quot;,&quot;masonry_enable&quot;:&quot;no&quot;,&quot;view_type&quot;:&quot;grid&quot;}' id=\"post-grid-2633\" class=\"post-grid grid\">\n    \n\n\n    <div class=\"grid-items\">\n      <div class=\"item item-3800 skin flat even 0 \">\n        <div class=\"layer-wrapper layout-2622\">\n          <div class=\"layer-media element_1587187627902\"\r\n        id=\"\">\r\n        <div\r\n        class=\"element element_1587190790308  element-media \">\r\n        <a target=\"_self\" href=\"https:\/\/www.mvbreitenau.at\/v2\/?p=3800\"><img fetchpriority=\"high\" decoding=\"async\" width=\"982\" height=\"699\" src=\"https:\/\/www.mvbreitenau.at\/v2\/wp-content\/uploads\/2026\/02\/image.png\" class=\"attachment-large size-large wp-post-image\" alt=\"\" \/><\/a>    <\/div>\r\n    <\/div>\r\n    <div class=\"layer-content element_1587187714568\"\r\n        id=\"\">\r\n        <div class=\"element element_1587187895341  title \">\r\n                    <a target=\"_blank\"\r\n                href=\"https:\/\/www.mvbreitenau.at\/v2\/?p=3800\">R\u00fcckblick auf die Adventzeit 2025<\/a>\r\n            <\/div>\r\n    <div class=\"element element_1587187729822  excerpt \">\r\n        Mari\u00e4 Lichtmess 02.02.2026 Bei manchen steht der Christbaum bis zu diesem Festtag noch im Haus, bei anderen beginnt demn\u00e4chst schon                    <a target=\"_self\"\r\n                href=\"https:\/\/www.mvbreitenau.at\/v2\/?p=3800\">Read more<\/a>\r\n            <\/div>\r\n    <\/div>\r\n    <\/div>\n  <\/div><div class=\"item item-3771 skin flat odd 1 \">\n        <div class=\"layer-wrapper layout-2622\">\n          <div class=\"layer-media element_1587187627902\"\r\n        id=\"\">\r\n        <div\r\n        class=\"element element_1587190790308  element-media \">\r\n        <a target=\"_self\" href=\"https:\/\/www.mvbreitenau.at\/v2\/?p=3771\"><img decoding=\"async\" width=\"1024\" height=\"818\" src=\"https:\/\/www.mvbreitenau.at\/v2\/wp-content\/uploads\/2025\/12\/image-3-1024x818.png\" class=\"attachment-large size-large wp-post-image\" alt=\"\" \/><\/a>    <\/div>\r\n    <\/div>\r\n    <div class=\"layer-content element_1587187714568\"\r\n        id=\"\">\r\n        <div class=\"element element_1587187895341  title \">\r\n                    <a target=\"_blank\"\r\n                href=\"https:\/\/www.mvbreitenau.at\/v2\/?p=3771\">Alles Gute f\u00fcr das Neue Jahr 2026<\/a>\r\n            <\/div>\r\n    <div class=\"element element_1587187729822  excerpt \">\r\n        Breitenau 31. Dezember 2025 \u201cThe same procedure as last year?\u201d \u201cThe same procedure as every year\u201d \u201cWell, we\u2019ll do our                    <a target=\"_self\"\r\n                href=\"https:\/\/www.mvbreitenau.at\/v2\/?p=3771\">Read more<\/a>\r\n            <\/div>\r\n    <\/div>\r\n    <\/div>\n  <\/div><div class=\"item item-3761 skin flat even 2 \">\n        <div class=\"layer-wrapper layout-2622\">\n          <div class=\"layer-media element_1587187627902\"\r\n        id=\"\">\r\n        <div\r\n        class=\"element element_1587190790308  element-media \">\r\n        <a target=\"_self\" href=\"https:\/\/www.mvbreitenau.at\/v2\/?p=3761\"><img decoding=\"async\" width=\"1024\" height=\"386\" src=\"https:\/\/www.mvbreitenau.at\/v2\/wp-content\/uploads\/2025\/12\/image-2-1024x386.png\" class=\"attachment-large size-large wp-post-image\" alt=\"\" \/><\/a>    <\/div>\r\n    <\/div>\r\n    <div class=\"layer-content element_1587187714568\"\r\n        id=\"\">\r\n        <div class=\"element element_1587187895341  title \">\r\n                    <a target=\"_blank\"\r\n                href=\"https:\/\/www.mvbreitenau.at\/v2\/?p=3761\">Frohe und besinnliche Weihnachten<\/a>\r\n            <\/div>\r\n    <div class=\"element element_1587187729822  excerpt \">\r\n        Breitenau 24. Dezember 2025                    <a target=\"_self\"\r\n                href=\"https:\/\/www.mvbreitenau.at\/v2\/?p=3761\">Read more<\/a>\r\n            <\/div>\r\n    <\/div>\r\n    <\/div>\n  <\/div><div class=\"item item-3757 skin flat odd 3 \">\n        <div class=\"layer-wrapper layout-2622\">\n          <div class=\"layer-media element_1587187627902\"\r\n        id=\"\">\r\n        <div\r\n        class=\"element element_1587190790308  element-media \">\r\n        <a target=\"_self\" href=\"https:\/\/www.mvbreitenau.at\/v2\/?p=3757\"><img loading=\"lazy\" decoding=\"async\" width=\"727\" height=\"1024\" src=\"https:\/\/www.mvbreitenau.at\/v2\/wp-content\/uploads\/2025\/12\/image-727x1024.png\" class=\"attachment-large size-large wp-post-image\" alt=\"\" \/><\/a>    <\/div>\r\n    <\/div>\r\n    <div class=\"layer-content element_1587187714568\"\r\n        id=\"\">\r\n        <div class=\"element element_1587187895341  title \">\r\n                    <a target=\"_blank\"\r\n                href=\"https:\/\/www.mvbreitenau.at\/v2\/?p=3757\">Weihnachtslieder in Breitenau<\/a>\r\n            <\/div>\r\n    <div class=\"element element_1587187729822  excerpt \">\r\n        Breitenau, 21. Dezember 2025                    <a target=\"_self\"\r\n                href=\"https:\/\/www.mvbreitenau.at\/v2\/?p=3757\">Read more<\/a>\r\n            <\/div>\r\n    <\/div>\r\n    <\/div>\n  <\/div><div class=\"item item-3742 skin flat even 4 \">\n        <div class=\"layer-wrapper layout-2622\">\n          <div class=\"layer-media element_1587187627902\"\r\n        id=\"\">\r\n        <div\r\n        class=\"element element_1587190790308  element-media \">\r\n        <a target=\"_self\" href=\"https:\/\/www.mvbreitenau.at\/v2\/?p=3742\"><img loading=\"lazy\" decoding=\"async\" width=\"1024\" height=\"568\" src=\"https:\/\/www.mvbreitenau.at\/v2\/wp-content\/uploads\/2025\/11\/image-1024x568.png\" class=\"attachment-large size-large wp-post-image\" alt=\"\" \/><\/a>    <\/div>\r\n    <\/div>\r\n    <div class=\"layer-content element_1587187714568\"\r\n        id=\"\">\r\n        <div class=\"element element_1587187895341  title \">\r\n                    <a target=\"_blank\"\r\n                href=\"https:\/\/www.mvbreitenau.at\/v2\/?p=3742\">Allerheiligen \/ Totengedenken in Breitenau und Schwarzau<\/a>\r\n            <\/div>\r\n    <div class=\"element element_1587187729822  excerpt \">\r\n        Breitenau \/ Schwarzau 1. November 2025 Traditionell leisteten wir auch heuer wieder bei der Heldenehrung \/ Totengedenken einen wichtigen Beitrag                    <a target=\"_self\"\r\n                href=\"https:\/\/www.mvbreitenau.at\/v2\/?p=3742\">Read more<\/a>\r\n            <\/div>\r\n    <\/div>\r\n    <\/div>\n  <\/div><div class=\"item item-3713 skin flat odd 5 \">\n        <div class=\"layer-wrapper layout-2622\">\n          <div class=\"layer-media element_1587187627902\"\r\n        id=\"\">\r\n        <div\r\n        class=\"element element_1587190790308  element-media \">\r\n        <a target=\"_self\" href=\"https:\/\/www.mvbreitenau.at\/v2\/?p=3713\"><img loading=\"lazy\" decoding=\"async\" width=\"598\" height=\"315\" src=\"https:\/\/www.mvbreitenau.at\/v2\/wp-content\/uploads\/2025\/07\/image.png\" class=\"attachment-large size-large wp-post-image\" alt=\"\" \/><\/a>    <\/div>\r\n    <\/div>\r\n    <div class=\"layer-content element_1587187714568\"\r\n        id=\"\">\r\n        <div class=\"element element_1587187895341  title \">\r\n                    <a target=\"_blank\"\r\n                href=\"https:\/\/www.mvbreitenau.at\/v2\/?p=3713\">Kurparkkonzert in Bad Sch\u00f6nau<\/a>\r\n            <\/div>\r\n    <div class=\"element element_1587187729822  excerpt \">\r\n        Leider wird bzw. muss vielerorts der Sparstift gez\u00fcckt und viele fr\u00fcher selbstverst\u00e4ndlich stattfindende Platzkonzerte gek\u00fcrzt oder gestrichen werden. Daher freut                    <a target=\"_self\"\r\n                href=\"https:\/\/www.mvbreitenau.at\/v2\/?p=3713\">Read more<\/a>\r\n            <\/div>\r\n    <\/div>\r\n    <\/div>\n  <\/div><div class=\"item item-3695 skin flat even 6 \">\n        <div class=\"layer-wrapper layout-2622\">\n          <div class=\"layer-media element_1587187627902\"\r\n        id=\"\">\r\n        <div\r\n        class=\"element element_1587190790308  element-media \">\r\n        <a target=\"_self\" href=\"https:\/\/www.mvbreitenau.at\/v2\/?p=3695\"><img loading=\"lazy\" decoding=\"async\" width=\"800\" height=\"536\" src=\"https:\/\/www.mvbreitenau.at\/v2\/wp-content\/uploads\/2025\/06\/image-1.png\" class=\"attachment-large size-large wp-post-image\" alt=\"\" \/><\/a>    <\/div>\r\n    <\/div>\r\n    <div class=\"layer-content element_1587187714568\"\r\n        id=\"\">\r\n        <div class=\"element element_1587187895341  title \">\r\n                    <a target=\"_blank\"\r\n                href=\"https:\/\/www.mvbreitenau.at\/v2\/?p=3695\">Fronleichnam in Schwarzau<\/a>\r\n            <\/div>\r\n    <div class=\"element element_1587187729822  excerpt \">\r\n        Fronleichnamsprozession in Schwarzau - 19.06.2025 [...] Entstehung des Festes Das Fest der leiblichen Gegenwart Christi in der Eucharistie wurde erstmals                    <a target=\"_self\"\r\n                href=\"https:\/\/www.mvbreitenau.at\/v2\/?p=3695\">Read more<\/a>\r\n            <\/div>\r\n    <\/div>\r\n    <\/div>\n  <\/div><div class=\"item item-3703 skin flat odd 7 \">\n        <div class=\"layer-wrapper layout-2622\">\n          <div class=\"layer-media element_1587187627902\"\r\n        id=\"\">\r\n        <div\r\n        class=\"element element_1587190790308  element-media \">\r\n        <a target=\"_self\" href=\"https:\/\/www.mvbreitenau.at\/v2\/?p=3703\"><img loading=\"lazy\" decoding=\"async\" width=\"1024\" height=\"564\" src=\"https:\/\/www.mvbreitenau.at\/v2\/wp-content\/uploads\/2025\/06\/image-3.png\" class=\"attachment-large size-large wp-post-image\" alt=\"\" \/><\/a>    <\/div>\r\n    <\/div>\r\n    <div class=\"layer-content element_1587187714568\"\r\n        id=\"\">\r\n        <div class=\"element element_1587187895341  title \">\r\n                    <a target=\"_blank\"\r\n                href=\"https:\/\/www.mvbreitenau.at\/v2\/?p=3703\">Kirtag in Breitenau<\/a>\r\n            <\/div>\r\n    <div class=\"element element_1587187729822  excerpt \">\r\n        Kirtag in Breitenau - Sonntag, 15. Juni 2025 Mitte Juni, erneut bestes Wetter und somit ein gelungener musikalischer und feierlicher                    <a target=\"_self\"\r\n                href=\"https:\/\/www.mvbreitenau.at\/v2\/?p=3703\">Read more<\/a>\r\n            <\/div>\r\n    <\/div>\r\n    <\/div>\n  <\/div><div class=\"item item-3689 skin flat even 8 \">\n        <div class=\"layer-wrapper layout-2622\">\n          <div class=\"layer-media element_1587187627902\"\r\n        id=\"\">\r\n        <div\r\n        class=\"element element_1587190790308  element-media \">\r\n        <a target=\"_self\" href=\"https:\/\/www.mvbreitenau.at\/v2\/?p=3689\"><img loading=\"lazy\" decoding=\"async\" width=\"608\" height=\"335\" src=\"https:\/\/www.mvbreitenau.at\/v2\/wp-content\/uploads\/2025\/05\/Kirtagbaumaufstellen-2025-Adv-4.jpg\" class=\"attachment-large size-large wp-post-image\" alt=\"\" \/><\/a>    <\/div>\r\n    <\/div>\r\n    <div class=\"layer-content element_1587187714568\"\r\n        id=\"\">\r\n        <div class=\"element element_1587187895341  title \">\r\n                    <a target=\"_blank\"\r\n                href=\"https:\/\/www.mvbreitenau.at\/v2\/?p=3689\">Bald ist es wieder so weit -&gt; Kirtagbaumaufstellen in Breitenau<\/a>\r\n            <\/div>\r\n    <div class=\"element element_1587187729822  excerpt \">\r\n        Schon in wenigen Tagen wandert der Breitenauer Kirtagbaum vom Jahrzehnte gewohnte Waldumfeld in den Park in Breitenau. Wir laden Sie                    <a target=\"_self\"\r\n                href=\"https:\/\/www.mvbreitenau.at\/v2\/?p=3689\">Read more<\/a>\r\n            <\/div>\r\n    <\/div>\r\n    <\/div>\n  <\/div><div class=\"item item-3677 skin flat odd 9 \">\n        <div class=\"layer-wrapper layout-2622\">\n          <div class=\"layer-media element_1587187627902\"\r\n        id=\"\">\r\n        <div\r\n        class=\"element element_1587190790308  element-media \">\r\n        <a target=\"_self\" href=\"https:\/\/www.mvbreitenau.at\/v2\/?p=3677\"><img loading=\"lazy\" decoding=\"async\" width=\"200\" height=\"243\" src=\"https:\/\/www.mvbreitenau.at\/v2\/wp-content\/uploads\/2025\/04\/image-9-e1745682129289.png\" class=\"attachment-large size-large wp-post-image\" alt=\"\" \/><\/a>    <\/div>\r\n    <\/div>\r\n    <div class=\"layer-content element_1587187714568\"\r\n        id=\"\">\r\n        <div class=\"element element_1587187895341  title \">\r\n                    <a target=\"_blank\"\r\n                href=\"https:\/\/www.mvbreitenau.at\/v2\/?p=3677\">Florianimesse + Fahrzeugweihe FF Breitenau<\/a>\r\n            <\/div>\r\n    <div class=\"element element_1587187729822  excerpt \">\r\n        Vom Regen in die Taufe (leicht abgewandelte Redeform) Die FF Breitenau hat sich wohl den wettertechnisch schlechtesten Tag der Woche                    <a target=\"_self\"\r\n                href=\"https:\/\/www.mvbreitenau.at\/v2\/?p=3677\">Read more<\/a>\r\n            <\/div>\r\n    <\/div>\r\n    <\/div>\n  <\/div>    <\/div>\n    <div class=\"pagination\">\n      <div class=\"paginate\">\n    <span aria-current=\"page\" class=\"page-numbers current\">1<\/span>\n<a class=\"page-numbers\" href=\"https:\/\/www.mvbreitenau.at\/v2\/index.php?rest_route=%2Fwp%2Fv2%2Fpages%2F2634&#038;paged=2\">2<\/a>\n<a class=\"next page-numbers\" href=\"https:\/\/www.mvbreitenau.at\/v2\/index.php?rest_route=%2Fwp%2Fv2%2Fpages%2F2634&#038;paged=2\">Next \u00bb<\/a>  <\/div>\n  <style type=\"text\/css\">\n    #post-grid-2633 .pagination .page-numbers {\n      font-size: 16px;\n      color: #fff;\n      background: #646464;\n    }\n\n    #post-grid-2633 .pagination .page-numbers:hover,\n    #post-grid-2633 .pagination .page-numbers.current {\n      background: #4b4b4b;\n    }\n  <\/style>\n  <\/div>\n        <style type=\"text\/css\">\r\n            .layout-2622 .element_1587187627902 {\r\n                            }\r\n\r\n                    <\/style>\r\n        <style type=\"text\/css\">\r\n        .layout-2622 .element_1587190790308 {\r\n            overflow: hidden;\r\n                    }\r\n\r\n        .layout-2622 .element_1587190790308 img {\r\n            max-width: 100%;\r\n            height: auto;\r\n        }\r\n\r\n        @media only screen and (min-width: 1024px) {\r\n            .layout-2622 .element_1587190790308 {\r\n                height: auto;\r\n                            }\r\n        }\r\n\r\n        @media only screen and (min-width: 768px) and (max-width: 1023px) {\r\n            .layout-2622 .element_1587190790308 {\r\n                height: auto;\r\n                            }\r\n        }\r\n\r\n        @media only screen and (min-width: 0px) and (max-width: 767px) {\r\n            .layout-2622 .element_1587190790308 {\r\n                height: auto;\r\n                            }\r\n        }\r\n    <\/style>\r\n        <style type=\"text\/css\">\r\n            .layout-2622 .element_1587187714568 {\r\n                margin: 10px;\r\n                            }\r\n\r\n                    <\/style>\r\n        <style type=\"text\/css\">\r\n        .layout-2622 .element_1587187895341 {\r\n            font-size: 18px;\r\n            margin: 5px 0px;\r\n            text-align: left;\r\n                    }\r\n\r\n        .layout-2622 .element_1587187895341 a {\r\n            font-size: 18px;\r\n            margin: 5px 0px;\r\n            text-align: left;\r\n                    }\r\n    <\/style>\r\n    <style type=\"text\/css\">\r\n        .layout-2622 .element_1587187729822 {\r\n            font-size: 13px;\r\n            margin: 0px 0px;\r\n            text-align: left;\r\n                    }\r\n\r\n        .layout-2622 .element_1587187729822 a {\r\n            font-size: 13px;\r\n                    }\r\n    <\/style>\r\n        <style type=\"text\/css\">\n      .layout-2622 a{text-decoration:none}.layout-2622{vertical-align:top}.layout-2622 .layer-content{padding:10px}    <\/style>\n    <script>\n          <\/script>\n    <style type=\"text\/css\">\n    #post-grid-2633 {\n      padding: 10px;\n          }\n\n    #post-grid-2633 .item {\n      padding: 0px;\n      background: #fff;\n          }\n\n    #post-grid-2633 .item .layer-media {\n      height:auto;    }\n\n    @media only screen and (min-width: 0px) and (max-width: 767px) {\n      #post-grid-2633 .grid-items {\n        text-align: center;\n              }\n\n      #post-grid-2633 .item {\n        width: 90%;\n        margin: 10px;\n        display: inline-block;\n        vertical-align: top;\n        height:auto;      }\n    }\n\n    @media only screen and (min-width: 768px) and (max-width: 1023px) {\n      #post-grid-2633 .grid-items {\n        text-align: center;\n              }\n\n      #post-grid-2633 .item {\n        width: 280px;\n        margin: 10px;\n        display: inline-block;\n        vertical-align: top;\n        max-height:auto;      }\n    }\n\n    @media only screen and (min-width: 1024px) {\n      #post-grid-2633 .grid-items {\n        text-align: center;\n              }\n\n      #post-grid-2633 .item {\n        width: 280px;\n        display: inline-block;\n        margin: 10px;\n        vertical-align: top;\n        height:auto;      }\n    }\n\n      <\/style>\n  <\/div>\n\n","protected":false},"excerpt":{"rendered":"","protected":false},"author":3,"featured_media":0,"parent":0,"menu_order":0,"comment_status":"closed","ping_status":"closed","template":"","meta":{"ocean_post_layout":"","ocean_both_sidebars_style":"","ocean_both_sidebars_content_width":0,"ocean_both_sidebars_sidebars_width":0,"ocean_sidebar":"0","ocean_second_sidebar":"0","ocean_disable_margins":"enable","ocean_add_body_class":"","ocean_shortcode_before_top_bar":"","ocean_shortcode_after_top_bar":"","ocean_shortcode_before_header":"","ocean_shortcode_after_header":"","ocean_has_shortcode":"","ocean_shortcode_after_title":"","ocean_shortcode_before_footer_widgets":"","ocean_shortcode_after_footer_widgets":"","ocean_shortcode_before_footer_bottom":"","ocean_shortcode_after_footer_bottom":"","ocean_display_top_bar":"default","ocean_display_header":"default","ocean_header_style":"","ocean_center_header_left_menu":"0","ocean_custom_header_template":"0","ocean_custom_logo":0,"ocean_custom_retina_logo":0,"ocean_custom_logo_max_width":0,"ocean_custom_logo_tablet_max_width":0,"ocean_custom_logo_mobile_max_width":0,"ocean_custom_logo_max_height":0,"ocean_custom_logo_tablet_max_height":0,"ocean_custom_logo_mobile_max_height":0,"ocean_header_custom_menu":"0","ocean_menu_typo_font_family":"0","ocean_menu_typo_font_subset":"","ocean_menu_typo_font_size":0,"ocean_menu_typo_font_size_tablet":0,"ocean_menu_typo_font_size_mobile":0,"ocean_menu_typo_font_size_unit":"px","ocean_menu_typo_font_weight":"","ocean_menu_typo_font_weight_tablet":"","ocean_menu_typo_font_weight_mobile":"","ocean_menu_typo_transform":"","ocean_menu_typo_transform_tablet":"","ocean_menu_typo_transform_mobile":"","ocean_menu_typo_line_height":0,"ocean_menu_typo_line_height_tablet":0,"ocean_menu_typo_line_height_mobile":0,"ocean_menu_typo_line_height_unit":"","ocean_menu_typo_spacing":0,"ocean_menu_typo_spacing_tablet":0,"ocean_menu_typo_spacing_mobile":0,"ocean_menu_typo_spacing_unit":"","ocean_menu_link_color":"","ocean_menu_link_color_hover":"","ocean_menu_link_color_active":"","ocean_menu_link_background":"","ocean_menu_link_hover_background":"","ocean_menu_link_active_background":"","ocean_menu_social_links_bg":"","ocean_menu_social_hover_links_bg":"","ocean_menu_social_links_color":"","ocean_menu_social_hover_links_color":"","ocean_disable_title":"default","ocean_disable_heading":"default","ocean_post_title":"","ocean_post_subheading":"","ocean_post_title_style":"","ocean_post_title_background_color":"","ocean_post_title_background":0,"ocean_post_title_bg_image_position":"","ocean_post_title_bg_image_attachment":"","ocean_post_title_bg_image_repeat":"","ocean_post_title_bg_image_size":"","ocean_post_title_height":0,"ocean_post_title_bg_overlay":0.5,"ocean_post_title_bg_overlay_color":"","ocean_disable_breadcrumbs":"default","ocean_breadcrumbs_color":"","ocean_breadcrumbs_separator_color":"","ocean_breadcrumbs_links_color":"","ocean_breadcrumbs_links_hover_color":"","ocean_display_footer_widgets":"default","ocean_display_footer_bottom":"default","ocean_custom_footer_template":"0","footnotes":""},"class_list":["post-2634","page","type-page","status-publish","hentry","entry","has-media"],"_links":{"self":[{"href":"https:\/\/www.mvbreitenau.at\/v2\/index.php?rest_route=\/wp\/v2\/pages\/2634","targetHints":{"allow":["GET"]}}],"collection":[{"href":"https:\/\/www.mvbreitenau.at\/v2\/index.php?rest_route=\/wp\/v2\/pages"}],"about":[{"href":"https:\/\/www.mvbreitenau.at\/v2\/index.php?rest_route=\/wp\/v2\/types\/page"}],"author":[{"embeddable":true,"href":"https:\/\/www.mvbreitenau.at\/v2\/index.php?rest_route=\/wp\/v2\/users\/3"}],"replies":[{"embeddable":true,"href":"https:\/\/www.mvbreitenau.at\/v2\/index.php?rest_route=%2Fwp%2Fv2%2Fcomments&post=2634"}],"version-history":[{"count":3,"href":"https:\/\/www.mvbreitenau.at\/v2\/index.php?rest_route=\/wp\/v2\/pages\/2634\/revisions"}],"predecessor-version":[{"id":3599,"href":"https:\/\/www.mvbreitenau.at\/v2\/index.php?rest_route=\/wp\/v2\/pages\/2634\/revisions\/3599"}],"wp:attachment":[{"href":"https:\/\/www.mvbreitenau.at\/v2\/index.php?rest_route=%2Fwp%2Fv2%2Fmedia&parent=2634"}],"curies":[{"name":"wp","href":"https:\/\/api.w.org\/{rel}","templated":true}]}}