{"id":28,"date":"2019-03-11T09:32:45","date_gmt":"2019-03-11T09:32:45","guid":{"rendered":"http:\/\/www.mvbreitenau.at\/v2\/?page_id=28"},"modified":"2025-03-22T20:05:30","modified_gmt":"2025-03-22T19:05:30","slug":"trompete","status":"publish","type":"page","link":"https:\/\/www.mvbreitenau.at\/v2\/?page_id=28","title":{"rendered":"Trompete"},"content":{"rendered":"\t\t<div data-elementor-type=\"wp-post\" data-elementor-id=\"28\" class=\"elementor elementor-28\">\n\t\t\t\t\t\t<section class=\"elementor-section elementor-top-section elementor-element elementor-element-28ca7b7 elementor-section-full_width elementor-section-height-default elementor-section-height-default\" data-id=\"28ca7b7\" data-element_type=\"section\" data-e-type=\"section\">\n\t\t\t\t\t\t<div class=\"elementor-container elementor-column-gap-no\">\n\t\t\t\t\t<div class=\"elementor-column elementor-col-100 elementor-top-column elementor-element elementor-element-b0b9258\" data-id=\"b0b9258\" data-element_type=\"column\" data-e-type=\"column\">\n\t\t\t<div class=\"elementor-widget-wrap elementor-element-populated\">\n\t\t\t\t\t\t<div class=\"elementor-element elementor-element-3d2a754 elementor-widget elementor-widget-spacer\" data-id=\"3d2a754\" data-element_type=\"widget\" data-e-type=\"widget\" data-widget_type=\"spacer.default\">\n\t\t\t\t<div class=\"elementor-widget-container\">\n\t\t\t\t\t\t\t<div class=\"elementor-spacer\">\n\t\t\t<div class=\"elementor-spacer-inner\"><\/div>\n\t\t<\/div>\n\t\t\t\t\t\t<\/div>\n\t\t\t\t<\/div>\n\t\t\t\t\t<\/div>\n\t\t<\/div>\n\t\t\t\t\t<\/div>\n\t\t<\/section>\n\t\t\t\t<section class=\"elementor-section elementor-top-section elementor-element elementor-element-2b7ae77 elementor-section-full_width elementor-section-height-default elementor-section-height-default\" data-id=\"2b7ae77\" data-element_type=\"section\" data-e-type=\"section\">\n\t\t\t\t\t\t<div class=\"elementor-container elementor-column-gap-no\">\n\t\t\t\t\t<div class=\"elementor-column elementor-col-100 elementor-top-column elementor-element elementor-element-902bf8c\" data-id=\"902bf8c\" data-element_type=\"column\" data-e-type=\"column\">\n\t\t\t<div class=\"elementor-widget-wrap elementor-element-populated\">\n\t\t\t\t\t\t<div class=\"elementor-element elementor-element-aaf0942 elementor-widget elementor-widget-heading\" data-id=\"aaf0942\" data-element_type=\"widget\" data-e-type=\"widget\" data-widget_type=\"heading.default\">\n\t\t\t\t<div class=\"elementor-widget-container\">\n\t\t\t\t\t<h2 class=\"elementor-heading-title elementor-size-default\">Trompete<\/h2>\t\t\t\t<\/div>\n\t\t\t\t<\/div>\n\t\t\t\t\t<\/div>\n\t\t<\/div>\n\t\t\t\t\t<\/div>\n\t\t<\/section>\n\t\t\t\t<section class=\"elementor-section elementor-top-section elementor-element elementor-element-da76a18 elementor-section-boxed elementor-section-height-default elementor-section-height-default\" data-id=\"da76a18\" data-element_type=\"section\" data-e-type=\"section\">\n\t\t\t\t\t\t<div class=\"elementor-container elementor-column-gap-default\">\n\t\t\t\t\t<div class=\"elementor-column elementor-col-100 elementor-top-column elementor-element elementor-element-685da3e\" data-id=\"685da3e\" data-element_type=\"column\" data-e-type=\"column\">\n\t\t\t<div class=\"elementor-widget-wrap elementor-element-populated\">\n\t\t\t\t\t\t<div class=\"elementor-element elementor-element-8e6876c elementor-widget elementor-widget-image\" data-id=\"8e6876c\" data-element_type=\"widget\" data-e-type=\"widget\" data-widget_type=\"image.default\">\n\t\t\t\t<div class=\"elementor-widget-container\">\n\t\t\t\t\t\t\t\t\t\t\t\t\t\t\t<img fetchpriority=\"high\" decoding=\"async\" width=\"3000\" height=\"1334\" src=\"https:\/\/www.mvbreitenau.at\/v2\/wp-content\/uploads\/2023\/07\/trompete_fuerweb.png\" class=\"attachment-full size-full wp-image-3036\" alt=\"\" srcset=\"https:\/\/www.mvbreitenau.at\/v2\/wp-content\/uploads\/2023\/07\/trompete_fuerweb.png 3000w, https:\/\/www.mvbreitenau.at\/v2\/wp-content\/uploads\/2023\/07\/trompete_fuerweb-300x133.png 300w, https:\/\/www.mvbreitenau.at\/v2\/wp-content\/uploads\/2023\/07\/trompete_fuerweb-1024x455.png 1024w, https:\/\/www.mvbreitenau.at\/v2\/wp-content\/uploads\/2023\/07\/trompete_fuerweb-768x342.png 768w, https:\/\/www.mvbreitenau.at\/v2\/wp-content\/uploads\/2023\/07\/trompete_fuerweb-1536x683.png 1536w, https:\/\/www.mvbreitenau.at\/v2\/wp-content\/uploads\/2023\/07\/trompete_fuerweb-2048x911.png 2048w\" sizes=\"(max-width: 3000px) 100vw, 3000px\" \/>\t\t\t\t\t\t\t\t\t\t\t\t\t\t\t<\/div>\n\t\t\t\t<\/div>\n\t\t\t\t\t<\/div>\n\t\t<\/div>\n\t\t\t\t\t<\/div>\n\t\t<\/section>\n\t\t\t\t<section class=\"elementor-section elementor-top-section elementor-element elementor-element-3abf4dc elementor-section-full_width elementor-section-height-default elementor-section-height-default\" data-id=\"3abf4dc\" data-element_type=\"section\" data-e-type=\"section\">\n\t\t\t\t\t\t<div class=\"elementor-container elementor-column-gap-no\">\n\t\t\t\t\t<div class=\"elementor-column elementor-col-100 elementor-top-column elementor-element elementor-element-bb0e19e\" data-id=\"bb0e19e\" data-element_type=\"column\" data-e-type=\"column\">\n\t\t\t<div class=\"elementor-widget-wrap elementor-element-populated\">\n\t\t\t\t\t\t<div class=\"elementor-element elementor-element-533741a elementor-widget elementor-widget-spacer\" data-id=\"533741a\" data-element_type=\"widget\" data-e-type=\"widget\" data-widget_type=\"spacer.default\">\n\t\t\t\t<div class=\"elementor-widget-container\">\n\t\t\t\t\t\t\t<div class=\"elementor-spacer\">\n\t\t\t<div class=\"elementor-spacer-inner\"><\/div>\n\t\t<\/div>\n\t\t\t\t\t\t<\/div>\n\t\t\t\t<\/div>\n\t\t\t\t\t<\/div>\n\t\t<\/div>\n\t\t\t\t\t<\/div>\n\t\t<\/section>\n\t\t\t\t<section class=\"elementor-section elementor-top-section elementor-element elementor-element-aa203e2 elementor-section-boxed elementor-section-height-default elementor-section-height-default\" data-id=\"aa203e2\" data-element_type=\"section\" data-e-type=\"section\">\n\t\t\t\t\t\t<div class=\"elementor-container elementor-column-gap-default\">\n\t\t\t\t\t<div class=\"elementor-column elementor-col-33 elementor-top-column elementor-element elementor-element-a8e61b8\" data-id=\"a8e61b8\" data-element_type=\"column\" data-e-type=\"column\">\n\t\t\t<div class=\"elementor-widget-wrap elementor-element-populated\">\n\t\t\t\t\t\t<div class=\"elementor-element elementor-element-260415b elementor-position-top elementor-widget elementor-widget-image-box\" data-id=\"260415b\" data-element_type=\"widget\" data-e-type=\"widget\" data-widget_type=\"image-box.default\">\n\t\t\t\t<div class=\"elementor-widget-container\">\n\t\t\t\t\t<div class=\"elementor-image-box-wrapper\"><figure class=\"elementor-image-box-img\"><img decoding=\"async\" width=\"200\" height=\"300\" src=\"https:\/\/www.mvbreitenau.at\/v2\/wp-content\/uploads\/2023\/12\/Maierhofer_Harald_2023.jpg\" class=\"attachment-medium size-medium wp-image-3326\" alt=\"\" \/><\/figure><div class=\"elementor-image-box-content\"><h3 class=\"elementor-image-box-title\">Harald Maierhofer<\/h3><p class=\"elementor-image-box-description\">Mitglied seit: 1991 <br><span style=\"font-family: Roboto, sans-serif;font-size: 16px;font-style: normal;font-weight: 400\">Ehrenabzeichen: N\u00d6BV Ehrenmedaille-Silber, N\u00d6BV Ehrennadel-Bronze<\/span> <br>weitere Funktionen: Schriftf\u00fchrer<\/p><\/div><\/div>\t\t\t\t<\/div>\n\t\t\t\t<\/div>\n\t\t\t\t\t<\/div>\n\t\t<\/div>\n\t\t\t\t<div class=\"elementor-column elementor-col-33 elementor-top-column elementor-element elementor-element-2c992ba\" data-id=\"2c992ba\" data-element_type=\"column\" data-e-type=\"column\">\n\t\t\t<div class=\"elementor-widget-wrap elementor-element-populated\">\n\t\t\t\t\t\t<div class=\"elementor-element elementor-element-9134af6 elementor-position-top elementor-widget elementor-widget-image-box\" data-id=\"9134af6\" data-element_type=\"widget\" data-e-type=\"widget\" data-widget_type=\"image-box.default\">\n\t\t\t\t<div class=\"elementor-widget-container\">\n\t\t\t\t\t<div class=\"elementor-image-box-wrapper\"><figure class=\"elementor-image-box-img\"><img decoding=\"async\" width=\"200\" height=\"300\" src=\"https:\/\/www.mvbreitenau.at\/v2\/wp-content\/uploads\/2019\/07\/Maldet-Thomas_Website-200x300.jpg\" class=\"attachment-medium size-medium wp-image-1168\" alt=\"\" srcset=\"https:\/\/www.mvbreitenau.at\/v2\/wp-content\/uploads\/2019\/07\/Maldet-Thomas_Website-200x300.jpg 200w, https:\/\/www.mvbreitenau.at\/v2\/wp-content\/uploads\/2019\/07\/Maldet-Thomas_Website-768x1152.jpg 768w, https:\/\/www.mvbreitenau.at\/v2\/wp-content\/uploads\/2019\/07\/Maldet-Thomas_Website-683x1024.jpg 683w, https:\/\/www.mvbreitenau.at\/v2\/wp-content\/uploads\/2019\/07\/Maldet-Thomas_Website.jpg 1000w\" sizes=\"(max-width: 200px) 100vw, 200px\" \/><\/figure><div class=\"elementor-image-box-content\"><h3 class=\"elementor-image-box-title\">Thomas Maldet<\/h3><p class=\"elementor-image-box-description\"><span style=\"font-family: Roboto, sans-serif;font-size: 16px;font-style: normal;font-weight: 400\">Mitglied seit: 1977 <\/span><br><span style=\"font-family: Roboto, sans-serif;font-size: 16px;font-style: normal;font-weight: 400\">Ehrenabzeichen: N\u00d6BV Ehrenmedaille-Gold, N\u00d6BV Ehrennadel-Silber<\/span><br><span style=\"font-family: Roboto, sans-serif;font-size: 16px;font-style: normal;font-weight: 400\">weitere Funktionen: Rechnungspr\u00fcfer<\/span><\/p><\/div><\/div>\t\t\t\t<\/div>\n\t\t\t\t<\/div>\n\t\t\t\t\t<\/div>\n\t\t<\/div>\n\t\t\t\t<div class=\"elementor-column elementor-col-33 elementor-top-column elementor-element elementor-element-978dfe2\" data-id=\"978dfe2\" data-element_type=\"column\" data-e-type=\"column\">\n\t\t\t<div class=\"elementor-widget-wrap elementor-element-populated\">\n\t\t\t\t\t\t<div class=\"elementor-element elementor-element-83d89d7 elementor-position-top elementor-widget elementor-widget-image-box\" data-id=\"83d89d7\" data-element_type=\"widget\" data-e-type=\"widget\" data-widget_type=\"image-box.default\">\n\t\t\t\t<div class=\"elementor-widget-container\">\n\t\t\t\t\t<div class=\"elementor-image-box-wrapper\"><figure class=\"elementor-image-box-img\"><img loading=\"lazy\" decoding=\"async\" width=\"200\" height=\"300\" src=\"https:\/\/www.mvbreitenau.at\/v2\/wp-content\/uploads\/2019\/07\/Trimmel-Reinhard_Website-200x300.jpg\" class=\"attachment-medium size-medium wp-image-1171\" alt=\"\" srcset=\"https:\/\/www.mvbreitenau.at\/v2\/wp-content\/uploads\/2019\/07\/Trimmel-Reinhard_Website-200x300.jpg 200w, https:\/\/www.mvbreitenau.at\/v2\/wp-content\/uploads\/2019\/07\/Trimmel-Reinhard_Website-768x1152.jpg 768w, https:\/\/www.mvbreitenau.at\/v2\/wp-content\/uploads\/2019\/07\/Trimmel-Reinhard_Website-683x1024.jpg 683w, https:\/\/www.mvbreitenau.at\/v2\/wp-content\/uploads\/2019\/07\/Trimmel-Reinhard_Website.jpg 1000w\" sizes=\"(max-width: 200px) 100vw, 200px\" \/><\/figure><div class=\"elementor-image-box-content\"><h3 class=\"elementor-image-box-title\"><span style=\"font-family: Roboto, sans-serif;font-size: 18px;font-style: normal;font-weight: 600\">Reinhard Trimmel<\/span><\/h3><p class=\"elementor-image-box-description\"><span style=\"font-family: Roboto, sans-serif;font-size: 16px;font-style: normal;font-weight: 400\">Mitglied seit: 1987<\/span><br><span style=\"font-family: Roboto, sans-serif;font-size: 16px;font-style: normal;font-weight: 400\">Ehrenabzeichen: N\u00d6BV Ehrenmedaille-Silber und N\u00d6BV Ehrennadel-Bronze<\/span><span style=\"font-family: Roboto, sans-serif;font-size: 16px;font-style: normal;font-weight: 400\"> <\/span><br><span style=\"font-family: Roboto, sans-serif;font-size: 16px;font-style: normal;font-weight: 400\">weitere Funktionen: -<\/span><\/p><\/div><\/div>\t\t\t\t<\/div>\n\t\t\t\t<\/div>\n\t\t\t\t\t<\/div>\n\t\t<\/div>\n\t\t\t\t\t<\/div>\n\t\t<\/section>\n\t\t\t\t<section class=\"elementor-section elementor-top-section elementor-element elementor-element-efa614d elementor-section-full_width elementor-section-height-default elementor-section-height-default\" data-id=\"efa614d\" data-element_type=\"section\" data-e-type=\"section\">\n\t\t\t\t\t\t<div class=\"elementor-container elementor-column-gap-no\">\n\t\t\t\t\t<div class=\"elementor-column elementor-col-100 elementor-top-column elementor-element elementor-element-6bd09d4\" data-id=\"6bd09d4\" data-element_type=\"column\" data-e-type=\"column\">\n\t\t\t<div class=\"elementor-widget-wrap elementor-element-populated\">\n\t\t\t\t\t\t<div class=\"elementor-element elementor-element-e565f6c elementor-widget elementor-widget-spacer\" data-id=\"e565f6c\" data-element_type=\"widget\" data-e-type=\"widget\" data-widget_type=\"spacer.default\">\n\t\t\t\t<div class=\"elementor-widget-container\">\n\t\t\t\t\t\t\t<div class=\"elementor-spacer\">\n\t\t\t<div class=\"elementor-spacer-inner\"><\/div>\n\t\t<\/div>\n\t\t\t\t\t\t<\/div>\n\t\t\t\t<\/div>\n\t\t\t\t\t<\/div>\n\t\t<\/div>\n\t\t\t\t\t<\/div>\n\t\t<\/section>\n\t\t\t\t<section class=\"elementor-section elementor-top-section elementor-element elementor-element-092d6b6 elementor-section-boxed elementor-section-height-default elementor-section-height-default\" data-id=\"092d6b6\" data-element_type=\"section\" data-e-type=\"section\">\n\t\t\t\t\t\t<div class=\"elementor-container elementor-column-gap-default\">\n\t\t\t\t\t<div class=\"elementor-column elementor-col-100 elementor-top-column elementor-element elementor-element-c96f5ec\" data-id=\"c96f5ec\" data-element_type=\"column\" data-e-type=\"column\">\n\t\t\t<div class=\"elementor-widget-wrap elementor-element-populated\">\n\t\t\t\t\t\t<div class=\"elementor-element elementor-element-84d24dc elementor-arrows-position-inside elementor-pagination-position-outside elementor-widget elementor-widget-image-carousel\" data-id=\"84d24dc\" data-element_type=\"widget\" data-e-type=\"widget\" data-settings=\"{&quot;slides_to_show&quot;:&quot;3&quot;,&quot;navigation&quot;:&quot;both&quot;,&quot;autoplay&quot;:&quot;yes&quot;,&quot;pause_on_hover&quot;:&quot;yes&quot;,&quot;pause_on_interaction&quot;:&quot;yes&quot;,&quot;autoplay_speed&quot;:5000,&quot;infinite&quot;:&quot;yes&quot;,&quot;speed&quot;:500}\" data-widget_type=\"image-carousel.default\">\n\t\t\t\t<div class=\"elementor-widget-container\">\n\t\t\t\t\t\t\t<div class=\"elementor-image-carousel-wrapper swiper\" role=\"region\" aria-roledescription=\"carousel\" aria-label=\"Bild Karussell\" dir=\"ltr\">\n\t\t\t<div class=\"elementor-image-carousel swiper-wrapper\" aria-live=\"off\">\n\t\t\t\t\t\t\t\t<div class=\"swiper-slide\" role=\"group\" aria-roledescription=\"slide\" aria-label=\"1 von 3\"><figure class=\"swiper-slide-inner\"><img decoding=\"async\" class=\"swiper-slide-image\" src=\"https:\/\/www.mvbreitenau.at\/v2\/wp-content\/uploads\/2023\/07\/fluegelhorn_fuerweb-1-300x300.png\" alt=\"Registerfoto Trompete (3)\" \/><\/figure><\/div><div class=\"swiper-slide\" role=\"group\" aria-roledescription=\"slide\" aria-label=\"2 von 3\"><figure class=\"swiper-slide-inner\"><img decoding=\"async\" class=\"swiper-slide-image\" src=\"https:\/\/www.mvbreitenau.at\/v2\/wp-content\/uploads\/2023\/07\/trompete-3_fuerweb-300x300.png\" alt=\"Registerfoto Trompete (2)\" \/><\/figure><\/div><div class=\"swiper-slide\" role=\"group\" aria-roledescription=\"slide\" aria-label=\"3 von 3\"><figure class=\"swiper-slide-inner\"><img decoding=\"async\" class=\"swiper-slide-image\" src=\"https:\/\/www.mvbreitenau.at\/v2\/wp-content\/uploads\/2023\/07\/trompete-4_fuerweb-300x300.png\" alt=\"Registerfoto Trompete (1)\" \/><\/figure><\/div>\t\t\t<\/div>\n\t\t\t\t\t\t\t\t\t\t\t\t<div class=\"elementor-swiper-button elementor-swiper-button-prev\" role=\"button\" tabindex=\"0\">\n\t\t\t\t\t\t<i aria-hidden=\"true\" class=\"eicon-chevron-left\"><\/i>\t\t\t\t\t<\/div>\n\t\t\t\t\t<div class=\"elementor-swiper-button elementor-swiper-button-next\" role=\"button\" tabindex=\"0\">\n\t\t\t\t\t\t<i aria-hidden=\"true\" class=\"eicon-chevron-right\"><\/i>\t\t\t\t\t<\/div>\n\t\t\t\t\n\t\t\t\t\t\t\t\t\t<div class=\"swiper-pagination\"><\/div>\n\t\t\t\t\t\t\t\t\t<\/div>\n\t\t\t\t\t\t<\/div>\n\t\t\t\t<\/div>\n\t\t\t\t\t<\/div>\n\t\t<\/div>\n\t\t\t\t\t<\/div>\n\t\t<\/section>\n\t\t\t\t<\/div>\n\t\t","protected":false},"excerpt":{"rendered":"<p>Trompete Harald Maierhofer Mitglied seit: 1991 Ehrenabzeichen: N\u00d6BV Ehrenmedaille-Silber, N\u00d6BV Ehrennadel-Bronze weitere Funktionen: Schriftf\u00fchrer Thomas Maldet Mitglied seit: 1977 Ehrenabzeichen: N\u00d6BV Ehrenmedaille-Gold, N\u00d6BV Ehrennadel-Silberweitere Funktionen: Rechnungspr\u00fcfer Reinhard Trimmel Mitglied seit: 1987Ehrenabzeichen: N\u00d6BV Ehrenmedaille-Silber und N\u00d6BV Ehrennadel-Bronze weitere Funktionen: &#8211;<\/p>\n","protected":false},"author":1,"featured_media":0,"parent":0,"menu_order":0,"comment_status":"closed","ping_status":"closed","template":"","meta":{"ocean_post_layout":"full-screen","ocean_both_sidebars_style":"","ocean_both_sidebars_content_width":0,"ocean_both_sidebars_sidebars_width":0,"ocean_sidebar":"0","ocean_second_sidebar":"0","ocean_disable_margins":"enable","ocean_add_body_class":"","ocean_shortcode_before_top_bar":"","ocean_shortcode_after_top_bar":"","ocean_shortcode_before_header":"","ocean_shortcode_after_header":"","ocean_has_shortcode":"","ocean_shortcode_after_title":"","ocean_shortcode_before_footer_widgets":"","ocean_shortcode_after_footer_widgets":"","ocean_shortcode_before_footer_bottom":"","ocean_shortcode_after_footer_bottom":"","ocean_display_top_bar":"on","ocean_display_header":"on","ocean_header_style":"","ocean_center_header_left_menu":"0","ocean_custom_header_template":"0","ocean_custom_logo":0,"ocean_custom_retina_logo":0,"ocean_custom_logo_max_width":0,"ocean_custom_logo_tablet_max_width":0,"ocean_custom_logo_mobile_max_width":0,"ocean_custom_logo_max_height":0,"ocean_custom_logo_tablet_max_height":0,"ocean_custom_logo_mobile_max_height":0,"ocean_header_custom_menu":"0","ocean_menu_typo_font_family":"0","ocean_menu_typo_font_subset":"","ocean_menu_typo_font_size":0,"ocean_menu_typo_font_size_tablet":0,"ocean_menu_typo_font_size_mobile":0,"ocean_menu_typo_font_size_unit":"px","ocean_menu_typo_font_weight":"","ocean_menu_typo_font_weight_tablet":"","ocean_menu_typo_font_weight_mobile":"","ocean_menu_typo_transform":"","ocean_menu_typo_transform_tablet":"","ocean_menu_typo_transform_mobile":"","ocean_menu_typo_line_height":0,"ocean_menu_typo_line_height_tablet":0,"ocean_menu_typo_line_height_mobile":0,"ocean_menu_typo_line_height_unit":"","ocean_menu_typo_spacing":0,"ocean_menu_typo_spacing_tablet":0,"ocean_menu_typo_spacing_mobile":0,"ocean_menu_typo_spacing_unit":"","ocean_menu_link_color":"","ocean_menu_link_color_hover":"","ocean_menu_link_color_active":"","ocean_menu_link_background":"","ocean_menu_link_hover_background":"","ocean_menu_link_active_background":"","ocean_menu_social_links_bg":"","ocean_menu_social_hover_links_bg":"","ocean_menu_social_links_color":"","ocean_menu_social_hover_links_color":"","ocean_disable_title":"on","ocean_disable_heading":"default","ocean_post_title":"","ocean_post_subheading":"","ocean_post_title_style":"","ocean_post_title_background_color":"","ocean_post_title_background":0,"ocean_post_title_bg_image_position":"","ocean_post_title_bg_image_attachment":"","ocean_post_title_bg_image_repeat":"","ocean_post_title_bg_image_size":"","ocean_post_title_height":0,"ocean_post_title_bg_overlay":0.5,"ocean_post_title_bg_overlay_color":"","ocean_disable_breadcrumbs":"default","ocean_breadcrumbs_color":"","ocean_breadcrumbs_separator_color":"","ocean_breadcrumbs_links_color":"","ocean_breadcrumbs_links_hover_color":"","ocean_display_footer_widgets":"on","ocean_display_footer_bottom":"on","ocean_custom_footer_template":"0","footnotes":""},"class_list":["post-28","page","type-page","status-publish","hentry","entry"],"_links":{"self":[{"href":"https:\/\/www.mvbreitenau.at\/v2\/index.php?rest_route=\/wp\/v2\/pages\/28","targetHints":{"allow":["GET"]}}],"collection":[{"href":"https:\/\/www.mvbreitenau.at\/v2\/index.php?rest_route=\/wp\/v2\/pages"}],"about":[{"href":"https:\/\/www.mvbreitenau.at\/v2\/index.php?rest_route=\/wp\/v2\/types\/page"}],"author":[{"embeddable":true,"href":"https:\/\/www.mvbreitenau.at\/v2\/index.php?rest_route=\/wp\/v2\/users\/1"}],"replies":[{"embeddable":true,"href":"https:\/\/www.mvbreitenau.at\/v2\/index.php?rest_route=%2Fwp%2Fv2%2Fcomments&post=28"}],"version-history":[{"count":62,"href":"https:\/\/www.mvbreitenau.at\/v2\/index.php?rest_route=\/wp\/v2\/pages\/28\/revisions"}],"predecessor-version":[{"id":3647,"href":"https:\/\/www.mvbreitenau.at\/v2\/index.php?rest_route=\/wp\/v2\/pages\/28\/revisions\/3647"}],"wp:attachment":[{"href":"https:\/\/www.mvbreitenau.at\/v2\/index.php?rest_route=%2Fwp%2Fv2%2Fmedia&parent=28"}],"curies":[{"name":"wp","href":"https:\/\/api.w.org\/{rel}","templated":true}]}}