{"id":3583,"date":"2025-01-04T19:18:30","date_gmt":"2025-01-04T18:18:30","guid":{"rendered":"https:\/\/www.mvbreitenau.at\/v2\/?page_id=3583"},"modified":"2025-01-04T19:18:30","modified_gmt":"2025-01-04T18:18:30","slug":"berichte-aus-dem-jahr-2024","status":"publish","type":"page","link":"https:\/\/www.mvbreitenau.at\/v2\/?page_id=3583","title":{"rendered":"Berichte aus dem Jahr 2024"},"content":{"rendered":"      <div id=\"post-grid-lazy-3594\" class=\"post-grid-lazy\"><img decoding=\"async\" alt=\"\" src=\"\" \/><\/div>\n    <script>\n      jQuery('#post-grid-lazy-3594').ready(function($) {\n        $('#post-grid-lazy-3594').fadeOut();\n        $('#post-grid-3594   ').fadeIn();\n      })\n    <\/script>\n    <style type=\"text\/css\">\n      #post-grid-3594 {\n        display: none;\n      }\n\n      .post-grid-lazy {\n        text-align: center;\n      }\n    <\/style>\n    <div data-options='{&quot;id&quot;:&quot;3594&quot;,&quot;lazy_load&quot;:&quot;yes&quot;,&quot;masonry_enable&quot;:&quot;no&quot;,&quot;view_type&quot;:&quot;grid&quot;}' id=\"post-grid-3594\" class=\"post-grid grid\">\n    \n\n\n    <div class=\"grid-items\">\n      <div class=\"item item-3728 skin flat even 0 \">\n        <div class=\"layer-wrapper layout-2622\">\n          <div class=\"layer-media element_1587187627902\"\r\n        id=\"\">\r\n        <div\r\n        class=\"element element_1587190790308  element-media \">\r\n        <a target=\"_self\" href=\"https:\/\/www.mvbreitenau.at\/v2\/?p=3728\"><img fetchpriority=\"high\" decoding=\"async\" width=\"946\" height=\"502\" src=\"https:\/\/www.mvbreitenau.at\/v2\/wp-content\/uploads\/2025\/10\/image-1.png\" class=\"attachment-large size-large wp-post-image\" alt=\"\" \/><\/a>    <\/div>\r\n    <\/div>\r\n    <div class=\"layer-content element_1587187714568\"\r\n        id=\"\">\r\n        <div class=\"element element_1587187895341  title \">\r\n                    <a target=\"_blank\"\r\n                href=\"https:\/\/www.mvbreitenau.at\/v2\/?p=3728\">Einladung Herbstkonzert 2025 + Mini Brass Ensemble<\/a>\r\n            <\/div>\r\n    <div class=\"element element_1587187729822  excerpt \">\r\n        Nach einigen Jahr d\u00fcrfen wir heuer erstmals das Mini Brass Ensemble der Franz-Schubert-Regionalmusikschule als musikalische Verst\u00e4rkung begr\u00fc\u00dfen, welches das Herbstkonzert                    <a target=\"_self\"\r\n                href=\"https:\/\/www.mvbreitenau.at\/v2\/?p=3728\">Read more<\/a>\r\n            <\/div>\r\n    <\/div>\r\n    <\/div>\n  <\/div><div class=\"item item-3561 skin flat odd 1 \">\n        <div class=\"layer-wrapper layout-2622\">\n          <div class=\"layer-media element_1587187627902\"\r\n        id=\"\">\r\n        <div\r\n        class=\"element element_1587190790308  element-media \">\r\n        <a target=\"_self\" href=\"https:\/\/www.mvbreitenau.at\/v2\/?p=3561\"><img decoding=\"async\" width=\"978\" height=\"293\" src=\"https:\/\/www.mvbreitenau.at\/v2\/wp-content\/uploads\/2024\/12\/image-2.png\" class=\"attachment-large size-large wp-post-image\" alt=\"\" \/><\/a>    <\/div>\r\n    <\/div>\r\n    <div class=\"layer-content element_1587187714568\"\r\n        id=\"\">\r\n        <div class=\"element element_1587187895341  title \">\r\n                    <a target=\"_blank\"\r\n                href=\"https:\/\/www.mvbreitenau.at\/v2\/?p=3561\">Frohe Weihnachten!<\/a>\r\n            <\/div>\r\n    <div class=\"element element_1587187729822  excerpt \">\r\n        Ob das Zitat in der Tat von Karl Valentin stammt, ist nicht bewiesen. Bewiesen ist aber, dass nach all dem                    <a target=\"_self\"\r\n                href=\"https:\/\/www.mvbreitenau.at\/v2\/?p=3561\">Read more<\/a>\r\n            <\/div>\r\n    <\/div>\r\n    <\/div>\n  <\/div><div class=\"item item-3546 skin flat even 2 \">\n        <div class=\"layer-wrapper layout-2622\">\n          <div class=\"layer-media element_1587187627902\"\r\n        id=\"\">\r\n        <div\r\n        class=\"element element_1587190790308  element-media \">\r\n        <a target=\"_self\" href=\"https:\/\/www.mvbreitenau.at\/v2\/?p=3546\"><img decoding=\"async\" width=\"1024\" height=\"641\" src=\"https:\/\/www.mvbreitenau.at\/v2\/wp-content\/uploads\/2024\/11\/image-4.png\" class=\"attachment-large size-large wp-post-image\" alt=\"\" \/><\/a>    <\/div>\r\n    <\/div>\r\n    <div class=\"layer-content element_1587187714568\"\r\n        id=\"\">\r\n        <div class=\"element element_1587187895341  title \">\r\n                    <a target=\"_blank\"\r\n                href=\"https:\/\/www.mvbreitenau.at\/v2\/?p=3546\">Herbstkonzert<\/a>\r\n            <\/div>\r\n    <div class=\"element element_1587187729822  excerpt \">\r\n        Nachlese \/ Nachklang - Herbstkonzert 16.11.2024 --- Mit 21.12.2024 startete der Winter, zumindest aus kalendarischer Sicht. In der Jahreszeit zuvor                    <a target=\"_self\"\r\n                href=\"https:\/\/www.mvbreitenau.at\/v2\/?p=3546\">Read more<\/a>\r\n            <\/div>\r\n    <\/div>\r\n    <\/div>\n  <\/div><div class=\"item item-3556 skin flat odd 3 \">\n        <div class=\"layer-wrapper layout-2622\">\n          <div class=\"layer-media element_1587187627902\"\r\n        id=\"\">\r\n        <div\r\n        class=\"element element_1587190790308  element-media \">\r\n        <a target=\"_self\" href=\"https:\/\/www.mvbreitenau.at\/v2\/?p=3556\"><img loading=\"lazy\" decoding=\"async\" width=\"807\" height=\"443\" src=\"https:\/\/www.mvbreitenau.at\/v2\/wp-content\/uploads\/2023\/08\/image-5.png\" class=\"attachment-large size-large wp-post-image\" alt=\"\" \/><\/a>    <\/div>\r\n    <\/div>\r\n    <div class=\"layer-content element_1587187714568\"\r\n        id=\"\">\r\n        <div class=\"element element_1587187895341  title \">\r\n                    <a target=\"_blank\"\r\n                href=\"https:\/\/www.mvbreitenau.at\/v2\/?p=3556\">Musikalischer Nachruf und Erinnerung 2024<\/a>\r\n            <\/div>\r\n    <div class=\"element element_1587187729822  excerpt \">\r\n        - - NACHRUF - Willibald SCHEBACH - Letzte Reihe, erste Reihe, mittendrin In der stressigen Probenphase zum Herbstkonzert 2024 erreichte                    <a target=\"_self\"\r\n                href=\"https:\/\/www.mvbreitenau.at\/v2\/?p=3556\">Read more<\/a>\r\n            <\/div>\r\n    <\/div>\r\n    <\/div>\n  <\/div><div class=\"item item-3539 skin flat even 4 \">\n        <div class=\"layer-wrapper layout-2622\">\n          <div class=\"layer-media element_1587187627902\"\r\n        id=\"\">\r\n        <div\r\n        class=\"element element_1587190790308  element-media \">\r\n        <a target=\"_self\" href=\"https:\/\/www.mvbreitenau.at\/v2\/?p=3539\"><img loading=\"lazy\" decoding=\"async\" width=\"790\" height=\"562\" src=\"https:\/\/www.mvbreitenau.at\/v2\/wp-content\/uploads\/2024\/11\/image-2.png\" class=\"attachment-large size-large wp-post-image\" alt=\"\" \/><\/a>    <\/div>\r\n    <\/div>\r\n    <div class=\"layer-content element_1587187714568\"\r\n        id=\"\">\r\n        <div class=\"element element_1587187895341  title \">\r\n                    <a target=\"_blank\"\r\n                href=\"https:\/\/www.mvbreitenau.at\/v2\/?p=3539\">Allerheiligen - Totengedenken<\/a>\r\n            <\/div>\r\n    <div class=\"element element_1587187729822  excerpt \">\r\n        1. November - Breitenau \/ Schwarzau Allerheiligen \/ Totengedenken \/ Gedenken an verstorbene Freunde und Kameraden Auch in diesem Jahr                    <a target=\"_self\"\r\n                href=\"https:\/\/www.mvbreitenau.at\/v2\/?p=3539\">Read more<\/a>\r\n            <\/div>\r\n    <\/div>\r\n    <\/div>\n  <\/div><div class=\"item item-3532 skin flat odd 5 \">\n        <div class=\"layer-wrapper layout-2622\">\n          <div class=\"layer-media element_1587187627902\"\r\n        id=\"\">\r\n        <div\r\n        class=\"element element_1587190790308  element-media \">\r\n        <a target=\"_self\" href=\"https:\/\/www.mvbreitenau.at\/v2\/?p=3532\"><img loading=\"lazy\" decoding=\"async\" width=\"357\" height=\"185\" src=\"https:\/\/www.mvbreitenau.at\/v2\/wp-content\/uploads\/2023\/12\/Herbstkonzert-Termin-Homepage.jpg\" class=\"attachment-large size-large wp-post-image\" alt=\"\" \/><\/a>    <\/div>\r\n    <\/div>\r\n    <div class=\"layer-content element_1587187714568\"\r\n        id=\"\">\r\n        <div class=\"element element_1587187895341  title \">\r\n                    <a target=\"_blank\"\r\n                href=\"https:\/\/www.mvbreitenau.at\/v2\/?p=3532\">Einladung Herbstkonzert 2024 + Junior Brass<\/a>\r\n            <\/div>\r\n    <div class=\"element element_1587187729822  excerpt \">\r\n        Nach einigen Jahr d\u00fcrfen wir heuer wieder das Junior Brass Ensemble der Franz-Schubert-Regionalmusikschule als musikalische Verst\u00e4rkung begr\u00fc\u00dfen, welches das Herbstkonzert                    <a target=\"_self\"\r\n                href=\"https:\/\/www.mvbreitenau.at\/v2\/?p=3532\">Read more<\/a>\r\n            <\/div>\r\n    <\/div>\r\n    <\/div>\n  <\/div><div class=\"item item-3521 skin flat even 6 \">\n        <div class=\"layer-wrapper layout-2622\">\n          <div class=\"layer-media element_1587187627902\"\r\n        id=\"\">\r\n        <div\r\n        class=\"element element_1587190790308  element-media \">\r\n        <a target=\"_self\" href=\"https:\/\/www.mvbreitenau.at\/v2\/?p=3521\"><img loading=\"lazy\" decoding=\"async\" width=\"680\" height=\"440\" src=\"https:\/\/www.mvbreitenau.at\/v2\/wp-content\/uploads\/2024\/09\/image-4.png\" class=\"attachment-large size-large wp-post-image\" alt=\"\" \/><\/a>    <\/div>\r\n    <\/div>\r\n    <div class=\"layer-content element_1587187714568\"\r\n        id=\"\">\r\n        <div class=\"element element_1587187895341  title \">\r\n                    <a target=\"_blank\"\r\n                href=\"https:\/\/www.mvbreitenau.at\/v2\/?p=3521\">Breitenauer Wiesn 2024<\/a>\r\n            <\/div>\r\n    <div class=\"element element_1587187729822  excerpt \">\r\n        Breitenauer Wiesn - R\u00fcckblick Kinder, wie die Zeit vergeht! Da hat man gef\u00fchlt gerade erst den Kirtagbaum aufgestellt und auch                    <a target=\"_self\"\r\n                href=\"https:\/\/www.mvbreitenau.at\/v2\/?p=3521\">Read more<\/a>\r\n            <\/div>\r\n    <\/div>\r\n    <\/div>\n  <\/div><div class=\"item item-3503 skin flat odd 7 \">\n        <div class=\"layer-wrapper layout-2622\">\n          <div class=\"layer-media element_1587187627902\"\r\n        id=\"\">\r\n        <div\r\n        class=\"element element_1587190790308  element-media \">\r\n        <a target=\"_self\" href=\"https:\/\/www.mvbreitenau.at\/v2\/?p=3503\"><img loading=\"lazy\" decoding=\"async\" width=\"662\" height=\"675\" src=\"https:\/\/www.mvbreitenau.at\/v2\/wp-content\/uploads\/2024\/06\/Baum1.jpg\" class=\"attachment-large size-large wp-post-image\" alt=\"\" \/><\/a>    <\/div>\r\n    <\/div>\r\n    <div class=\"layer-content element_1587187714568\"\r\n        id=\"\">\r\n        <div class=\"element element_1587187895341  title \">\r\n                    <a target=\"_blank\"\r\n                href=\"https:\/\/www.mvbreitenau.at\/v2\/?p=3503\">Kirtagbaumaufstellen 2024<\/a>\r\n            <\/div>\r\n    <div class=\"element element_1587187729822  excerpt \">\r\n        \"Heavy Metal vs. Breitenau Metal\" Hinsichtlich der Anzahl aufgestellter B\u00e4ume h\u00e4tten wir den ungleichen Wettbewerb wohl gewonnen.In Ebreichsdorf war Metallica                    <a target=\"_self\"\r\n                href=\"https:\/\/www.mvbreitenau.at\/v2\/?p=3503\">Read more<\/a>\r\n            <\/div>\r\n    <\/div>\r\n    <\/div>\n  <\/div><div class=\"item item-3472 skin flat even 8 \">\n        <div class=\"layer-wrapper layout-2622\">\n          <div class=\"layer-media element_1587187627902\"\r\n        id=\"\">\r\n        <div\r\n        class=\"element element_1587190790308  element-media \">\r\n        <a target=\"_self\" href=\"https:\/\/www.mvbreitenau.at\/v2\/?p=3472\"><img loading=\"lazy\" decoding=\"async\" width=\"690\" height=\"640\" src=\"https:\/\/www.mvbreitenau.at\/v2\/wp-content\/uploads\/2024\/06\/image.png\" class=\"attachment-large size-large wp-post-image\" alt=\"\" \/><\/a>    <\/div>\r\n    <\/div>\r\n    <div class=\"layer-content element_1587187714568\"\r\n        id=\"\">\r\n        <div class=\"element element_1587187895341  title \">\r\n                    <a target=\"_blank\"\r\n                href=\"https:\/\/www.mvbreitenau.at\/v2\/?p=3472\">Fronleichnam 2024<\/a>\r\n            <\/div>\r\n    <div class=\"element element_1587187729822  excerpt \">\r\n        Fronleichnam, Schwarzau am Steinfeld, 30. Mai 2024 Fronleichnam: Maria Empf\u00e4ngnis oder Christi Himmelfahrt oder gar Allerheiligen?Vor wenigen Tagen versuchte der                    <a target=\"_self\"\r\n                href=\"https:\/\/www.mvbreitenau.at\/v2\/?p=3472\">Read more<\/a>\r\n            <\/div>\r\n    <\/div>\r\n    <\/div>\n  <\/div><div class=\"item item-3468 skin flat odd 9 \">\n        <div class=\"layer-wrapper layout-2622\">\n          <div class=\"layer-media element_1587187627902\"\r\n        id=\"\">\r\n        <div\r\n        class=\"element element_1587190790308  element-media \">\r\n        <a target=\"_self\" href=\"https:\/\/www.mvbreitenau.at\/v2\/?p=3468\"><img loading=\"lazy\" decoding=\"async\" width=\"1024\" height=\"552\" src=\"https:\/\/www.mvbreitenau.at\/v2\/wp-content\/uploads\/2024\/05\/Muttertag_2024-small-1024x552.jpg\" class=\"attachment-large size-large wp-post-image\" alt=\"\" \/><\/a>    <\/div>\r\n    <\/div>\r\n    <div class=\"layer-content element_1587187714568\"\r\n        id=\"\">\r\n        <div class=\"element element_1587187895341  title \">\r\n                    <a target=\"_blank\"\r\n                href=\"https:\/\/www.mvbreitenau.at\/v2\/?p=3468\">Muttertag<\/a>\r\n            <\/div>\r\n    <div class=\"element element_1587187729822  excerpt \">\r\n        ....braucht nicht viel Untertitel und Begleittexte, m\u00fcsste eigentlich sch\u00f6n \u00e4lter als 100 Jahre sein und \u00f6fters pro Jahr stattfinden. -&gt;                    <a target=\"_self\"\r\n                href=\"https:\/\/www.mvbreitenau.at\/v2\/?p=3468\">Read more<\/a>\r\n            <\/div>\r\n    <\/div>\r\n    <\/div>\n  <\/div>    <\/div>\n    <div class=\"pagination\">\n      <div class=\"paginate\">\n    <span aria-current=\"page\" class=\"page-numbers current\">1<\/span>\n<a class=\"page-numbers\" href=\"https:\/\/www.mvbreitenau.at\/v2\/index.php?rest_route=%2Fwp%2Fv2%2Fpages%2F3583&#038;paged=2\">2<\/a>\n<a class=\"next page-numbers\" href=\"https:\/\/www.mvbreitenau.at\/v2\/index.php?rest_route=%2Fwp%2Fv2%2Fpages%2F3583&#038;paged=2\">Next \u00bb<\/a>  <\/div>\n  <style type=\"text\/css\">\n    #post-grid-3594 .pagination .page-numbers {\n      font-size: 16px;\n      color: #fff;\n      background: #646464;\n    }\n\n    #post-grid-3594 .pagination .page-numbers:hover,\n    #post-grid-3594 .pagination .page-numbers.current {\n      background: #4b4b4b;\n    }\n  <\/style>\n  <\/div>\n        <style type=\"text\/css\">\r\n            .layout-2622 .element_1587187627902 {\r\n                            }\r\n\r\n                    <\/style>\r\n        <style type=\"text\/css\">\r\n        .layout-2622 .element_1587190790308 {\r\n            overflow: hidden;\r\n                    }\r\n\r\n        .layout-2622 .element_1587190790308 img {\r\n            max-width: 100%;\r\n            height: auto;\r\n        }\r\n\r\n        @media only screen and (min-width: 1024px) {\r\n            .layout-2622 .element_1587190790308 {\r\n                height: auto;\r\n                            }\r\n        }\r\n\r\n        @media only screen and (min-width: 768px) and (max-width: 1023px) {\r\n            .layout-2622 .element_1587190790308 {\r\n                height: auto;\r\n                            }\r\n        }\r\n\r\n        @media only screen and (min-width: 0px) and (max-width: 767px) {\r\n            .layout-2622 .element_1587190790308 {\r\n                height: auto;\r\n                            }\r\n        }\r\n    <\/style>\r\n        <style type=\"text\/css\">\r\n            .layout-2622 .element_1587187714568 {\r\n                margin: 10px;\r\n                            }\r\n\r\n                    <\/style>\r\n        <style type=\"text\/css\">\r\n        .layout-2622 .element_1587187895341 {\r\n            font-size: 18px;\r\n            margin: 5px 0px;\r\n            text-align: left;\r\n                    }\r\n\r\n        .layout-2622 .element_1587187895341 a {\r\n            font-size: 18px;\r\n            margin: 5px 0px;\r\n            text-align: left;\r\n                    }\r\n    <\/style>\r\n    <style type=\"text\/css\">\r\n        .layout-2622 .element_1587187729822 {\r\n            font-size: 13px;\r\n            margin: 0px 0px;\r\n            text-align: left;\r\n                    }\r\n\r\n        .layout-2622 .element_1587187729822 a {\r\n            font-size: 13px;\r\n                    }\r\n    <\/style>\r\n        <style type=\"text\/css\">\n      .layout-2622 a{text-decoration:none}.layout-2622{vertical-align:top}.layout-2622 .layer-content{padding:10px}    <\/style>\n    <script>\n          <\/script>\n    <style type=\"text\/css\">\n    #post-grid-3594 {\n      padding: 10px;\n          }\n\n    #post-grid-3594 .item {\n      padding: 0px;\n      background: #fff;\n          }\n\n    #post-grid-3594 .item .layer-media {\n      height:auto;    }\n\n    @media only screen and (min-width: 0px) and (max-width: 767px) {\n      #post-grid-3594 .grid-items {\n        text-align: center;\n              }\n\n      #post-grid-3594 .item {\n        width: 90%;\n        margin: 10px;\n        display: inline-block;\n        vertical-align: top;\n        height:auto;      }\n    }\n\n    @media only screen and (min-width: 768px) and (max-width: 1023px) {\n      #post-grid-3594 .grid-items {\n        text-align: center;\n              }\n\n      #post-grid-3594 .item {\n        width: 280px;\n        margin: 10px;\n        display: inline-block;\n        vertical-align: top;\n        max-height:auto;      }\n    }\n\n    @media only screen and (min-width: 1024px) {\n      #post-grid-3594 .grid-items {\n        text-align: center;\n              }\n\n      #post-grid-3594 .item {\n        width: 280px;\n        display: inline-block;\n        margin: 10px;\n        vertical-align: top;\n        height:auto;      }\n    }\n\n      <\/style>\n  <\/div>\n\n","protected":false},"excerpt":{"rendered":"","protected":false},"author":3,"featured_media":0,"parent":0,"menu_order":0,"comment_status":"closed","ping_status":"closed","template":"","meta":{"ocean_post_layout":"","ocean_both_sidebars_style":"","ocean_both_sidebars_content_width":0,"ocean_both_sidebars_sidebars_width":0,"ocean_sidebar":"0","ocean_second_sidebar":"0","ocean_disable_margins":"enable","ocean_add_body_class":"","ocean_shortcode_before_top_bar":"","ocean_shortcode_after_top_bar":"","ocean_shortcode_before_header":"","ocean_shortcode_after_header":"","ocean_has_shortcode":"","ocean_shortcode_after_title":"","ocean_shortcode_before_footer_widgets":"","ocean_shortcode_after_footer_widgets":"","ocean_shortcode_before_footer_bottom":"","ocean_shortcode_after_footer_bottom":"","ocean_display_top_bar":"default","ocean_display_header":"default","ocean_header_style":"","ocean_center_header_left_menu":"0","ocean_custom_header_template":"0","ocean_custom_logo":0,"ocean_custom_retina_logo":0,"ocean_custom_logo_max_width":0,"ocean_custom_logo_tablet_max_width":0,"ocean_custom_logo_mobile_max_width":0,"ocean_custom_logo_max_height":0,"ocean_custom_logo_tablet_max_height":0,"ocean_custom_logo_mobile_max_height":0,"ocean_header_custom_menu":"0","ocean_menu_typo_font_family":"0","ocean_menu_typo_font_subset":"","ocean_menu_typo_font_size":0,"ocean_menu_typo_font_size_tablet":0,"ocean_menu_typo_font_size_mobile":0,"ocean_menu_typo_font_size_unit":"px","ocean_menu_typo_font_weight":"","ocean_menu_typo_font_weight_tablet":"","ocean_menu_typo_font_weight_mobile":"","ocean_menu_typo_transform":"","ocean_menu_typo_transform_tablet":"","ocean_menu_typo_transform_mobile":"","ocean_menu_typo_line_height":0,"ocean_menu_typo_line_height_tablet":0,"ocean_menu_typo_line_height_mobile":0,"ocean_menu_typo_line_height_unit":"","ocean_menu_typo_spacing":0,"ocean_menu_typo_spacing_tablet":0,"ocean_menu_typo_spacing_mobile":0,"ocean_menu_typo_spacing_unit":"","ocean_menu_link_color":"","ocean_menu_link_color_hover":"","ocean_menu_link_color_active":"","ocean_menu_link_background":"","ocean_menu_link_hover_background":"","ocean_menu_link_active_background":"","ocean_menu_social_links_bg":"","ocean_menu_social_hover_links_bg":"","ocean_menu_social_links_color":"","ocean_menu_social_hover_links_color":"","ocean_disable_title":"default","ocean_disable_heading":"default","ocean_post_title":"","ocean_post_subheading":"","ocean_post_title_style":"","ocean_post_title_background_color":"","ocean_post_title_background":0,"ocean_post_title_bg_image_position":"","ocean_post_title_bg_image_attachment":"","ocean_post_title_bg_image_repeat":"","ocean_post_title_bg_image_size":"","ocean_post_title_height":0,"ocean_post_title_bg_overlay":0.5,"ocean_post_title_bg_overlay_color":"","ocean_disable_breadcrumbs":"default","ocean_breadcrumbs_color":"","ocean_breadcrumbs_separator_color":"","ocean_breadcrumbs_links_color":"","ocean_breadcrumbs_links_hover_color":"","ocean_display_footer_widgets":"default","ocean_display_footer_bottom":"default","ocean_custom_footer_template":"0","footnotes":""},"class_list":["post-3583","page","type-page","status-publish","hentry","entry","has-media"],"_links":{"self":[{"href":"https:\/\/www.mvbreitenau.at\/v2\/index.php?rest_route=\/wp\/v2\/pages\/3583","targetHints":{"allow":["GET"]}}],"collection":[{"href":"https:\/\/www.mvbreitenau.at\/v2\/index.php?rest_route=\/wp\/v2\/pages"}],"about":[{"href":"https:\/\/www.mvbreitenau.at\/v2\/index.php?rest_route=\/wp\/v2\/types\/page"}],"author":[{"embeddable":true,"href":"https:\/\/www.mvbreitenau.at\/v2\/index.php?rest_route=\/wp\/v2\/users\/3"}],"replies":[{"embeddable":true,"href":"https:\/\/www.mvbreitenau.at\/v2\/index.php?rest_route=%2Fwp%2Fv2%2Fcomments&post=3583"}],"version-history":[{"count":3,"href":"https:\/\/www.mvbreitenau.at\/v2\/index.php?rest_route=\/wp\/v2\/pages\/3583\/revisions"}],"predecessor-version":[{"id":3595,"href":"https:\/\/www.mvbreitenau.at\/v2\/index.php?rest_route=\/wp\/v2\/pages\/3583\/revisions\/3595"}],"wp:attachment":[{"href":"https:\/\/www.mvbreitenau.at\/v2\/index.php?rest_route=%2Fwp%2Fv2%2Fmedia&parent=3583"}],"curies":[{"name":"wp","href":"https:\/\/api.w.org\/{rel}","templated":true}]}}