{"id":40,"date":"2019-03-11T09:35:15","date_gmt":"2019-03-11T09:35:15","guid":{"rendered":"http:\/\/www.mvbreitenau.at\/v2\/?page_id=40"},"modified":"2025-03-22T20:19:33","modified_gmt":"2025-03-22T19:19:33","slug":"schlagwerk","status":"publish","type":"page","link":"https:\/\/www.mvbreitenau.at\/v2\/?page_id=40","title":{"rendered":"Schlagwerk"},"content":{"rendered":"\t\t<div data-elementor-type=\"wp-post\" data-elementor-id=\"40\" class=\"elementor elementor-40\">\n\t\t\t\t\t\t<section class=\"elementor-section elementor-top-section elementor-element elementor-element-f269e7b elementor-section-full_width elementor-section-height-default elementor-section-height-default\" data-id=\"f269e7b\" data-element_type=\"section\" data-e-type=\"section\">\n\t\t\t\t\t\t<div class=\"elementor-container elementor-column-gap-no\">\n\t\t\t\t\t<div class=\"elementor-column elementor-col-100 elementor-top-column elementor-element elementor-element-86939b2\" data-id=\"86939b2\" data-element_type=\"column\" data-e-type=\"column\">\n\t\t\t<div class=\"elementor-widget-wrap elementor-element-populated\">\n\t\t\t\t\t\t<div class=\"elementor-element elementor-element-93afb04 elementor-widget elementor-widget-spacer\" data-id=\"93afb04\" data-element_type=\"widget\" data-e-type=\"widget\" data-widget_type=\"spacer.default\">\n\t\t\t\t<div class=\"elementor-widget-container\">\n\t\t\t\t\t\t\t<div class=\"elementor-spacer\">\n\t\t\t<div class=\"elementor-spacer-inner\"><\/div>\n\t\t<\/div>\n\t\t\t\t\t\t<\/div>\n\t\t\t\t<\/div>\n\t\t\t\t\t<\/div>\n\t\t<\/div>\n\t\t\t\t\t<\/div>\n\t\t<\/section>\n\t\t\t\t<section class=\"elementor-section elementor-top-section elementor-element elementor-element-b330c88 elementor-section-full_width elementor-section-height-default elementor-section-height-default\" data-id=\"b330c88\" data-element_type=\"section\" data-e-type=\"section\">\n\t\t\t\t\t\t<div class=\"elementor-container elementor-column-gap-no\">\n\t\t\t\t\t<div class=\"elementor-column elementor-col-100 elementor-top-column elementor-element elementor-element-64a4f00\" data-id=\"64a4f00\" data-element_type=\"column\" data-e-type=\"column\">\n\t\t\t<div class=\"elementor-widget-wrap elementor-element-populated\">\n\t\t\t\t\t\t<div class=\"elementor-element elementor-element-54f5f70 elementor-widget elementor-widget-heading\" data-id=\"54f5f70\" data-element_type=\"widget\" data-e-type=\"widget\" data-widget_type=\"heading.default\">\n\t\t\t\t<div class=\"elementor-widget-container\">\n\t\t\t\t\t<h2 class=\"elementor-heading-title elementor-size-default\">Schlagwerk<\/h2>\t\t\t\t<\/div>\n\t\t\t\t<\/div>\n\t\t\t\t\t<\/div>\n\t\t<\/div>\n\t\t\t\t\t<\/div>\n\t\t<\/section>\n\t\t\t\t<section class=\"elementor-section elementor-top-section elementor-element elementor-element-daac688 elementor-section-boxed elementor-section-height-default elementor-section-height-default\" data-id=\"daac688\" data-element_type=\"section\" data-e-type=\"section\">\n\t\t\t\t\t\t<div class=\"elementor-container elementor-column-gap-default\">\n\t\t\t\t\t<div class=\"elementor-column elementor-col-100 elementor-top-column elementor-element elementor-element-cb0eef8\" data-id=\"cb0eef8\" data-element_type=\"column\" data-e-type=\"column\">\n\t\t\t<div class=\"elementor-widget-wrap elementor-element-populated\">\n\t\t\t\t\t\t<div class=\"elementor-element elementor-element-d0bf9ed elementor-widget elementor-widget-image\" data-id=\"d0bf9ed\" data-element_type=\"widget\" data-e-type=\"widget\" data-widget_type=\"image.default\">\n\t\t\t\t<div class=\"elementor-widget-container\">\n\t\t\t\t\t\t\t\t\t\t\t\t\t\t\t<img fetchpriority=\"high\" decoding=\"async\" width=\"2600\" height=\"1259\" src=\"https:\/\/www.mvbreitenau.at\/v2\/wp-content\/uploads\/2023\/07\/schlagzeug-1_fuerweb.png\" class=\"attachment-full size-full wp-image-3132\" alt=\"\" srcset=\"https:\/\/www.mvbreitenau.at\/v2\/wp-content\/uploads\/2023\/07\/schlagzeug-1_fuerweb.png 2600w, https:\/\/www.mvbreitenau.at\/v2\/wp-content\/uploads\/2023\/07\/schlagzeug-1_fuerweb-300x145.png 300w, https:\/\/www.mvbreitenau.at\/v2\/wp-content\/uploads\/2023\/07\/schlagzeug-1_fuerweb-1024x496.png 1024w, https:\/\/www.mvbreitenau.at\/v2\/wp-content\/uploads\/2023\/07\/schlagzeug-1_fuerweb-768x372.png 768w, https:\/\/www.mvbreitenau.at\/v2\/wp-content\/uploads\/2023\/07\/schlagzeug-1_fuerweb-1536x744.png 1536w, https:\/\/www.mvbreitenau.at\/v2\/wp-content\/uploads\/2023\/07\/schlagzeug-1_fuerweb-2048x992.png 2048w\" sizes=\"(max-width: 2600px) 100vw, 2600px\" \/>\t\t\t\t\t\t\t\t\t\t\t\t\t\t\t<\/div>\n\t\t\t\t<\/div>\n\t\t\t\t\t<\/div>\n\t\t<\/div>\n\t\t\t\t\t<\/div>\n\t\t<\/section>\n\t\t\t\t<section class=\"elementor-section elementor-top-section elementor-element elementor-element-cd79864 elementor-section-full_width elementor-section-height-default elementor-section-height-default\" data-id=\"cd79864\" data-element_type=\"section\" data-e-type=\"section\">\n\t\t\t\t\t\t<div class=\"elementor-container elementor-column-gap-no\">\n\t\t\t\t\t<div class=\"elementor-column elementor-col-100 elementor-top-column elementor-element elementor-element-5308302\" data-id=\"5308302\" data-element_type=\"column\" data-e-type=\"column\">\n\t\t\t<div class=\"elementor-widget-wrap elementor-element-populated\">\n\t\t\t\t\t\t<div class=\"elementor-element elementor-element-ec499ce elementor-widget elementor-widget-spacer\" data-id=\"ec499ce\" data-element_type=\"widget\" data-e-type=\"widget\" data-widget_type=\"spacer.default\">\n\t\t\t\t<div class=\"elementor-widget-container\">\n\t\t\t\t\t\t\t<div class=\"elementor-spacer\">\n\t\t\t<div class=\"elementor-spacer-inner\"><\/div>\n\t\t<\/div>\n\t\t\t\t\t\t<\/div>\n\t\t\t\t<\/div>\n\t\t\t\t\t<\/div>\n\t\t<\/div>\n\t\t\t\t\t<\/div>\n\t\t<\/section>\n\t\t\t\t<section class=\"elementor-section elementor-top-section elementor-element elementor-element-c190838 elementor-section-boxed elementor-section-height-default elementor-section-height-default\" data-id=\"c190838\" data-element_type=\"section\" data-e-type=\"section\">\n\t\t\t\t\t\t<div class=\"elementor-container elementor-column-gap-default\">\n\t\t\t\t\t<div class=\"elementor-column elementor-col-33 elementor-top-column elementor-element elementor-element-66a09e8\" data-id=\"66a09e8\" data-element_type=\"column\" data-e-type=\"column\">\n\t\t\t<div class=\"elementor-widget-wrap elementor-element-populated\">\n\t\t\t\t\t\t<div class=\"elementor-element elementor-element-14fb9af elementor-position-top elementor-widget elementor-widget-image-box\" data-id=\"14fb9af\" data-element_type=\"widget\" data-e-type=\"widget\" data-widget_type=\"image-box.default\">\n\t\t\t\t<div class=\"elementor-widget-container\">\n\t\t\t\t\t<div class=\"elementor-image-box-wrapper\"><figure class=\"elementor-image-box-img\"><img decoding=\"async\" width=\"200\" height=\"300\" src=\"https:\/\/www.mvbreitenau.at\/v2\/wp-content\/uploads\/2019\/07\/Berger-Kurt_Website-200x300.jpg\" class=\"attachment-medium size-medium wp-image-1183\" alt=\"\" srcset=\"https:\/\/www.mvbreitenau.at\/v2\/wp-content\/uploads\/2019\/07\/Berger-Kurt_Website-200x300.jpg 200w, https:\/\/www.mvbreitenau.at\/v2\/wp-content\/uploads\/2019\/07\/Berger-Kurt_Website-768x1152.jpg 768w, https:\/\/www.mvbreitenau.at\/v2\/wp-content\/uploads\/2019\/07\/Berger-Kurt_Website-683x1024.jpg 683w, https:\/\/www.mvbreitenau.at\/v2\/wp-content\/uploads\/2019\/07\/Berger-Kurt_Website.jpg 1000w\" sizes=\"(max-width: 200px) 100vw, 200px\" \/><\/figure><div class=\"elementor-image-box-content\"><h3 class=\"elementor-image-box-title\">Kurt Berger<\/h3><p class=\"elementor-image-box-description\">Mitglied seit: 1971 <br><span style=\"font-family: Roboto, sans-serif;font-size: 16px;font-style: normal;font-weight: 400\">Ehrenabzeichen: N\u00d6BV Ehrenmedaille-Gold, N\u00d6BV Ehrenzeichen f\u00fcr besondere Verdienste<\/span><br>weitere Funktionen: Stabf\u00fchrer<\/p><\/div><\/div>\t\t\t\t<\/div>\n\t\t\t\t<\/div>\n\t\t\t\t\t<\/div>\n\t\t<\/div>\n\t\t\t\t<div class=\"elementor-column elementor-col-33 elementor-top-column elementor-element elementor-element-ab11644\" data-id=\"ab11644\" data-element_type=\"column\" data-e-type=\"column\">\n\t\t\t<div class=\"elementor-widget-wrap elementor-element-populated\">\n\t\t\t\t\t\t<div class=\"elementor-element elementor-element-633d413 elementor-position-top elementor-widget elementor-widget-image-box\" data-id=\"633d413\" data-element_type=\"widget\" data-e-type=\"widget\" data-widget_type=\"image-box.default\">\n\t\t\t\t<div class=\"elementor-widget-container\">\n\t\t\t\t\t<div class=\"elementor-image-box-wrapper\"><figure class=\"elementor-image-box-img\"><img decoding=\"async\" width=\"200\" height=\"300\" src=\"https:\/\/www.mvbreitenau.at\/v2\/wp-content\/uploads\/2019\/11\/MaierMarkus-200x300.jpg\" class=\"attachment-medium size-medium wp-image-1361\" alt=\"\" srcset=\"https:\/\/www.mvbreitenau.at\/v2\/wp-content\/uploads\/2019\/11\/MaierMarkus-200x300.jpg 200w, https:\/\/www.mvbreitenau.at\/v2\/wp-content\/uploads\/2019\/11\/MaierMarkus-768x1152.jpg 768w, https:\/\/www.mvbreitenau.at\/v2\/wp-content\/uploads\/2019\/11\/MaierMarkus-683x1024.jpg 683w, https:\/\/www.mvbreitenau.at\/v2\/wp-content\/uploads\/2019\/11\/MaierMarkus.jpg 1000w\" sizes=\"(max-width: 200px) 100vw, 200px\" \/><\/figure><div class=\"elementor-image-box-content\"><h3 class=\"elementor-image-box-title\">Markus Maier<\/h3><p class=\"elementor-image-box-description\">Mitglied seit: 2002 <br><span style=\"font-family: Roboto, sans-serif;font-size: 16px;font-style: normal;font-weight: 400\">Ehrenabzeichen: N\u00d6BV Ehrenmedaille-Bronze, N\u00d6BV Ehrennadel-Bronze<\/span><br>weitere Funktionen: Kassier<\/p><\/div><\/div>\t\t\t\t<\/div>\n\t\t\t\t<\/div>\n\t\t\t\t\t<\/div>\n\t\t<\/div>\n\t\t\t\t<div class=\"elementor-column elementor-col-33 elementor-top-column elementor-element elementor-element-af1788c\" data-id=\"af1788c\" data-element_type=\"column\" data-e-type=\"column\">\n\t\t\t<div class=\"elementor-widget-wrap elementor-element-populated\">\n\t\t\t\t\t\t<div class=\"elementor-element elementor-element-b557008 elementor-position-top elementor-widget elementor-widget-image-box\" data-id=\"b557008\" data-element_type=\"widget\" data-e-type=\"widget\" data-widget_type=\"image-box.default\">\n\t\t\t\t<div class=\"elementor-widget-container\">\n\t\t\t\t\t<div class=\"elementor-image-box-wrapper\"><figure class=\"elementor-image-box-img\"><img loading=\"lazy\" decoding=\"async\" width=\"200\" height=\"300\" src=\"https:\/\/www.mvbreitenau.at\/v2\/wp-content\/uploads\/2019\/07\/Maldet-Matthias_Website-200x300.jpg\" class=\"attachment-medium size-medium wp-image-1185\" alt=\"\" srcset=\"https:\/\/www.mvbreitenau.at\/v2\/wp-content\/uploads\/2019\/07\/Maldet-Matthias_Website-200x300.jpg 200w, https:\/\/www.mvbreitenau.at\/v2\/wp-content\/uploads\/2019\/07\/Maldet-Matthias_Website-768x1152.jpg 768w, https:\/\/www.mvbreitenau.at\/v2\/wp-content\/uploads\/2019\/07\/Maldet-Matthias_Website-683x1024.jpg 683w, https:\/\/www.mvbreitenau.at\/v2\/wp-content\/uploads\/2019\/07\/Maldet-Matthias_Website.jpg 1000w\" sizes=\"(max-width: 200px) 100vw, 200px\" \/><\/figure><div class=\"elementor-image-box-content\"><h3 class=\"elementor-image-box-title\">Matthias Maldet<\/h3><p class=\"elementor-image-box-description\">Mitglied seit: 2009 <br><span style=\"font-family: Roboto, sans-serif;font-size: 16px;font-style: normal;font-weight: 400\">Ehrenabzeichen: N\u00d6BV Ehrenmedaille-Bronze<\/span><br>weitere Funktionen: \/<\/p><\/div><\/div>\t\t\t\t<\/div>\n\t\t\t\t<\/div>\n\t\t\t\t\t<\/div>\n\t\t<\/div>\n\t\t\t\t\t<\/div>\n\t\t<\/section>\n\t\t\t\t<section class=\"elementor-section elementor-top-section elementor-element elementor-element-5cc920e elementor-section-full_width elementor-section-height-default elementor-section-height-default\" data-id=\"5cc920e\" data-element_type=\"section\" data-e-type=\"section\">\n\t\t\t\t\t\t<div class=\"elementor-container elementor-column-gap-no\">\n\t\t\t\t\t<div class=\"elementor-column elementor-col-100 elementor-top-column elementor-element elementor-element-a4804db\" data-id=\"a4804db\" data-element_type=\"column\" data-e-type=\"column\">\n\t\t\t<div class=\"elementor-widget-wrap elementor-element-populated\">\n\t\t\t\t\t\t<div class=\"elementor-element elementor-element-0d2677e elementor-widget elementor-widget-spacer\" data-id=\"0d2677e\" data-element_type=\"widget\" data-e-type=\"widget\" data-widget_type=\"spacer.default\">\n\t\t\t\t<div class=\"elementor-widget-container\">\n\t\t\t\t\t\t\t<div class=\"elementor-spacer\">\n\t\t\t<div class=\"elementor-spacer-inner\"><\/div>\n\t\t<\/div>\n\t\t\t\t\t\t<\/div>\n\t\t\t\t<\/div>\n\t\t\t\t\t<\/div>\n\t\t<\/div>\n\t\t\t\t\t<\/div>\n\t\t<\/section>\n\t\t\t\t<section class=\"elementor-section elementor-top-section elementor-element elementor-element-5da9d00 elementor-section-boxed elementor-section-height-default elementor-section-height-default\" data-id=\"5da9d00\" data-element_type=\"section\" data-e-type=\"section\">\n\t\t\t\t\t\t<div class=\"elementor-container elementor-column-gap-default\">\n\t\t\t\t\t<div class=\"elementor-column elementor-col-33 elementor-top-column elementor-element elementor-element-aee4dde\" data-id=\"aee4dde\" data-element_type=\"column\" data-e-type=\"column\">\n\t\t\t<div class=\"elementor-widget-wrap elementor-element-populated\">\n\t\t\t\t\t\t<div class=\"elementor-element elementor-element-e5fc886 elementor-position-top elementor-widget elementor-widget-image-box\" data-id=\"e5fc886\" data-element_type=\"widget\" data-e-type=\"widget\" data-widget_type=\"image-box.default\">\n\t\t\t\t<div class=\"elementor-widget-container\">\n\t\t\t\t\t<div class=\"elementor-image-box-wrapper\"><figure class=\"elementor-image-box-img\"><img loading=\"lazy\" decoding=\"async\" width=\"200\" height=\"300\" src=\"https:\/\/www.mvbreitenau.at\/v2\/wp-content\/uploads\/2019\/07\/keinFoto-1-200x300.jpg\" class=\"attachment-medium size-medium wp-image-1163\" alt=\"\" srcset=\"https:\/\/www.mvbreitenau.at\/v2\/wp-content\/uploads\/2019\/07\/keinFoto-1-200x300.jpg 200w, https:\/\/www.mvbreitenau.at\/v2\/wp-content\/uploads\/2019\/07\/keinFoto-1-768x1152.jpg 768w, https:\/\/www.mvbreitenau.at\/v2\/wp-content\/uploads\/2019\/07\/keinFoto-1-683x1024.jpg 683w, https:\/\/www.mvbreitenau.at\/v2\/wp-content\/uploads\/2019\/07\/keinFoto-1.jpg 1000w\" sizes=\"(max-width: 200px) 100vw, 200px\" \/><\/figure><div class=\"elementor-image-box-content\"><h3 class=\"elementor-image-box-title\">Roland Anslinger<\/h3><p class=\"elementor-image-box-description\"><span style=\"font-family: Roboto, sans-serif;font-size: 16px;font-style: normal;font-weight: 400\">Mitglied seit: 1984 <\/span><br><span style=\"font-family: Roboto, sans-serif;font-size: 16px;font-style: normal;font-weight: 400\">Ehrenabzeichen: <\/span>N\u00d6BV Ehrenmedaille-Silber<br><span style=\"font-family: Roboto, sans-serif;font-size: 16px;font-style: normal;font-weight: 400\">weitere Funktionen: \/<\/span><\/p><\/div><\/div>\t\t\t\t<\/div>\n\t\t\t\t<\/div>\n\t\t\t\t\t<\/div>\n\t\t<\/div>\n\t\t\t\t<div class=\"elementor-column elementor-col-33 elementor-top-column elementor-element elementor-element-403e902\" data-id=\"403e902\" data-element_type=\"column\" data-e-type=\"column\">\n\t\t\t<div class=\"elementor-widget-wrap\">\n\t\t\t\t\t\t\t<\/div>\n\t\t<\/div>\n\t\t\t\t<div class=\"elementor-column elementor-col-33 elementor-top-column elementor-element elementor-element-18624de\" data-id=\"18624de\" data-element_type=\"column\" data-e-type=\"column\">\n\t\t\t<div class=\"elementor-widget-wrap\">\n\t\t\t\t\t\t\t<\/div>\n\t\t<\/div>\n\t\t\t\t\t<\/div>\n\t\t<\/section>\n\t\t\t\t<section class=\"elementor-section elementor-top-section elementor-element elementor-element-425d272 elementor-section-boxed elementor-section-height-default elementor-section-height-default\" data-id=\"425d272\" data-element_type=\"section\" data-e-type=\"section\">\n\t\t\t\t\t\t<div class=\"elementor-container elementor-column-gap-default\">\n\t\t\t\t\t<div class=\"elementor-column elementor-col-100 elementor-top-column elementor-element elementor-element-2e9bb86\" data-id=\"2e9bb86\" data-element_type=\"column\" data-e-type=\"column\">\n\t\t\t<div class=\"elementor-widget-wrap elementor-element-populated\">\n\t\t\t\t\t\t<div class=\"elementor-element elementor-element-646eac1 elementor-widget elementor-widget-spacer\" data-id=\"646eac1\" data-element_type=\"widget\" data-e-type=\"widget\" data-widget_type=\"spacer.default\">\n\t\t\t\t<div class=\"elementor-widget-container\">\n\t\t\t\t\t\t\t<div class=\"elementor-spacer\">\n\t\t\t<div class=\"elementor-spacer-inner\"><\/div>\n\t\t<\/div>\n\t\t\t\t\t\t<\/div>\n\t\t\t\t<\/div>\n\t\t\t\t\t<\/div>\n\t\t<\/div>\n\t\t\t\t\t<\/div>\n\t\t<\/section>\n\t\t\t\t<section class=\"elementor-section elementor-top-section elementor-element elementor-element-e8391ec elementor-section-boxed elementor-section-height-default elementor-section-height-default\" data-id=\"e8391ec\" data-element_type=\"section\" data-e-type=\"section\">\n\t\t\t\t\t\t<div class=\"elementor-container elementor-column-gap-default\">\n\t\t\t\t\t<div class=\"elementor-column elementor-col-100 elementor-top-column elementor-element elementor-element-6f0b841\" data-id=\"6f0b841\" data-element_type=\"column\" data-e-type=\"column\">\n\t\t\t<div class=\"elementor-widget-wrap elementor-element-populated\">\n\t\t\t\t\t\t<div class=\"elementor-element elementor-element-3c9f4c4 elementor-arrows-position-inside elementor-pagination-position-outside elementor-widget elementor-widget-image-carousel\" data-id=\"3c9f4c4\" data-element_type=\"widget\" data-e-type=\"widget\" data-settings=\"{&quot;slides_to_show&quot;:&quot;3&quot;,&quot;navigation&quot;:&quot;both&quot;,&quot;autoplay&quot;:&quot;yes&quot;,&quot;pause_on_hover&quot;:&quot;yes&quot;,&quot;pause_on_interaction&quot;:&quot;yes&quot;,&quot;autoplay_speed&quot;:5000,&quot;infinite&quot;:&quot;yes&quot;,&quot;speed&quot;:500}\" data-widget_type=\"image-carousel.default\">\n\t\t\t\t<div class=\"elementor-widget-container\">\n\t\t\t\t\t\t\t<div class=\"elementor-image-carousel-wrapper swiper\" role=\"region\" aria-roledescription=\"carousel\" aria-label=\"Bild Karussell\" dir=\"ltr\">\n\t\t\t<div class=\"elementor-image-carousel swiper-wrapper\" aria-live=\"off\">\n\t\t\t\t\t\t\t\t<div class=\"swiper-slide\" role=\"group\" aria-roledescription=\"slide\" aria-label=\"1 von 3\"><figure class=\"swiper-slide-inner\"><img decoding=\"async\" class=\"swiper-slide-image\" src=\"https:\/\/www.mvbreitenau.at\/v2\/wp-content\/uploads\/2023\/07\/schlagzeug-3_fuerweb-300x300.png\" alt=\"Registerfoto Schlagwerk (1)\" \/><\/figure><\/div><div class=\"swiper-slide\" role=\"group\" aria-roledescription=\"slide\" aria-label=\"2 von 3\"><figure class=\"swiper-slide-inner\"><img decoding=\"async\" class=\"swiper-slide-image\" src=\"https:\/\/www.mvbreitenau.at\/v2\/wp-content\/uploads\/2023\/07\/schlagzeug-2_fuerweb-300x300.png\" alt=\"Registerfoto Schlagwerk (2)\" \/><\/figure><\/div><div class=\"swiper-slide\" role=\"group\" aria-roledescription=\"slide\" aria-label=\"3 von 3\"><figure class=\"swiper-slide-inner\"><img decoding=\"async\" class=\"swiper-slide-image\" src=\"https:\/\/www.mvbreitenau.at\/v2\/wp-content\/uploads\/2023\/07\/schlagzeug_fuerweb-300x300.png\" alt=\"Registerfoto_Schlagzeug\" \/><\/figure><\/div>\t\t\t<\/div>\n\t\t\t\t\t\t\t\t\t\t\t\t<div class=\"elementor-swiper-button elementor-swiper-button-prev\" role=\"button\" tabindex=\"0\">\n\t\t\t\t\t\t<i aria-hidden=\"true\" class=\"eicon-chevron-left\"><\/i>\t\t\t\t\t<\/div>\n\t\t\t\t\t<div class=\"elementor-swiper-button elementor-swiper-button-next\" role=\"button\" tabindex=\"0\">\n\t\t\t\t\t\t<i aria-hidden=\"true\" class=\"eicon-chevron-right\"><\/i>\t\t\t\t\t<\/div>\n\t\t\t\t\n\t\t\t\t\t\t\t\t\t<div class=\"swiper-pagination\"><\/div>\n\t\t\t\t\t\t\t\t\t<\/div>\n\t\t\t\t\t\t<\/div>\n\t\t\t\t<\/div>\n\t\t\t\t\t<\/div>\n\t\t<\/div>\n\t\t\t\t\t<\/div>\n\t\t<\/section>\n\t\t\t\t<\/div>\n\t\t","protected":false},"excerpt":{"rendered":"<p>Schlagwerk Kurt Berger Mitglied seit: 1971 Ehrenabzeichen: N\u00d6BV Ehrenmedaille-Gold, N\u00d6BV Ehrenzeichen f\u00fcr besondere Verdiensteweitere Funktionen: Stabf\u00fchrer Markus Maier Mitglied seit: 2002 Ehrenabzeichen: N\u00d6BV Ehrenmedaille-Bronze, N\u00d6BV Ehrennadel-Bronzeweitere Funktionen: Kassier Matthias Maldet Mitglied seit: 2009 Ehrenabzeichen: N\u00d6BV Ehrenmedaille-Bronzeweitere Funktionen: \/ Roland Anslinger Mitglied seit: 1984 Ehrenabzeichen: N\u00d6BV Ehrenmedaille-Silberweitere Funktionen: \/<\/p>\n","protected":false},"author":1,"featured_media":0,"parent":0,"menu_order":0,"comment_status":"closed","ping_status":"closed","template":"","meta":{"ocean_post_layout":"full-screen","ocean_both_sidebars_style":"","ocean_both_sidebars_content_width":0,"ocean_both_sidebars_sidebars_width":0,"ocean_sidebar":"0","ocean_second_sidebar":"0","ocean_disable_margins":"enable","ocean_add_body_class":"","ocean_shortcode_before_top_bar":"","ocean_shortcode_after_top_bar":"","ocean_shortcode_before_header":"","ocean_shortcode_after_header":"","ocean_has_shortcode":"","ocean_shortcode_after_title":"","ocean_shortcode_before_footer_widgets":"","ocean_shortcode_after_footer_widgets":"","ocean_shortcode_before_footer_bottom":"","ocean_shortcode_after_footer_bottom":"","ocean_display_top_bar":"on","ocean_display_header":"on","ocean_header_style":"","ocean_center_header_left_menu":"0","ocean_custom_header_template":"0","ocean_custom_logo":0,"ocean_custom_retina_logo":0,"ocean_custom_logo_max_width":0,"ocean_custom_logo_tablet_max_width":0,"ocean_custom_logo_mobile_max_width":0,"ocean_custom_logo_max_height":0,"ocean_custom_logo_tablet_max_height":0,"ocean_custom_logo_mobile_max_height":0,"ocean_header_custom_menu":"0","ocean_menu_typo_font_family":"0","ocean_menu_typo_font_subset":"","ocean_menu_typo_font_size":0,"ocean_menu_typo_font_size_tablet":0,"ocean_menu_typo_font_size_mobile":0,"ocean_menu_typo_font_size_unit":"px","ocean_menu_typo_font_weight":"","ocean_menu_typo_font_weight_tablet":"","ocean_menu_typo_font_weight_mobile":"","ocean_menu_typo_transform":"","ocean_menu_typo_transform_tablet":"","ocean_menu_typo_transform_mobile":"","ocean_menu_typo_line_height":0,"ocean_menu_typo_line_height_tablet":0,"ocean_menu_typo_line_height_mobile":0,"ocean_menu_typo_line_height_unit":"","ocean_menu_typo_spacing":0,"ocean_menu_typo_spacing_tablet":0,"ocean_menu_typo_spacing_mobile":0,"ocean_menu_typo_spacing_unit":"","ocean_menu_link_color":"","ocean_menu_link_color_hover":"","ocean_menu_link_color_active":"","ocean_menu_link_background":"","ocean_menu_link_hover_background":"","ocean_menu_link_active_background":"","ocean_menu_social_links_bg":"","ocean_menu_social_hover_links_bg":"","ocean_menu_social_links_color":"","ocean_menu_social_hover_links_color":"","ocean_disable_title":"on","ocean_disable_heading":"default","ocean_post_title":"","ocean_post_subheading":"","ocean_post_title_style":"","ocean_post_title_background_color":"","ocean_post_title_background":0,"ocean_post_title_bg_image_position":"","ocean_post_title_bg_image_attachment":"","ocean_post_title_bg_image_repeat":"","ocean_post_title_bg_image_size":"","ocean_post_title_height":0,"ocean_post_title_bg_overlay":0.5,"ocean_post_title_bg_overlay_color":"","ocean_disable_breadcrumbs":"default","ocean_breadcrumbs_color":"","ocean_breadcrumbs_separator_color":"","ocean_breadcrumbs_links_color":"","ocean_breadcrumbs_links_hover_color":"","ocean_display_footer_widgets":"on","ocean_display_footer_bottom":"on","ocean_custom_footer_template":"0","footnotes":""},"class_list":["post-40","page","type-page","status-publish","hentry","entry"],"_links":{"self":[{"href":"https:\/\/www.mvbreitenau.at\/v2\/index.php?rest_route=\/wp\/v2\/pages\/40","targetHints":{"allow":["GET"]}}],"collection":[{"href":"https:\/\/www.mvbreitenau.at\/v2\/index.php?rest_route=\/wp\/v2\/pages"}],"about":[{"href":"https:\/\/www.mvbreitenau.at\/v2\/index.php?rest_route=\/wp\/v2\/types\/page"}],"author":[{"embeddable":true,"href":"https:\/\/www.mvbreitenau.at\/v2\/index.php?rest_route=\/wp\/v2\/users\/1"}],"replies":[{"embeddable":true,"href":"https:\/\/www.mvbreitenau.at\/v2\/index.php?rest_route=%2Fwp%2Fv2%2Fcomments&post=40"}],"version-history":[{"count":55,"href":"https:\/\/www.mvbreitenau.at\/v2\/index.php?rest_route=\/wp\/v2\/pages\/40\/revisions"}],"predecessor-version":[{"id":3662,"href":"https:\/\/www.mvbreitenau.at\/v2\/index.php?rest_route=\/wp\/v2\/pages\/40\/revisions\/3662"}],"wp:attachment":[{"href":"https:\/\/www.mvbreitenau.at\/v2\/index.php?rest_route=%2Fwp%2Fv2%2Fmedia&parent=40"}],"curies":[{"name":"wp","href":"https:\/\/api.w.org\/{rel}","templated":true}]}}