{"id":501,"date":"2019-03-15T08:25:11","date_gmt":"2019-03-15T07:25:11","guid":{"rendered":"http:\/\/www.mvbreitenau.at\/v2\/?page_id=501"},"modified":"2020-02-10T07:50:50","modified_gmt":"2020-02-10T06:50:50","slug":"95-jahre","status":"publish","type":"page","link":"https:\/\/www.mvbreitenau.at\/v2\/?page_id=501","title":{"rendered":"95 Jahre MVB (1923-2018)"},"content":{"rendered":"\t\t<div data-elementor-type=\"wp-post\" data-elementor-id=\"501\" class=\"elementor elementor-501\">\n\t\t\t\t\t\t<section class=\"elementor-section elementor-top-section elementor-element elementor-element-929d590 elementor-section-full_width elementor-section-height-default elementor-section-height-default\" data-id=\"929d590\" data-element_type=\"section\" data-e-type=\"section\">\n\t\t\t\t\t\t<div class=\"elementor-container elementor-column-gap-no\">\n\t\t\t\t\t<div class=\"elementor-column elementor-col-100 elementor-top-column elementor-element elementor-element-84ee632\" data-id=\"84ee632\" data-element_type=\"column\" data-e-type=\"column\">\n\t\t\t<div class=\"elementor-widget-wrap elementor-element-populated\">\n\t\t\t\t\t\t<div class=\"elementor-element elementor-element-018fae2 elementor-widget elementor-widget-spacer\" data-id=\"018fae2\" data-element_type=\"widget\" data-e-type=\"widget\" data-widget_type=\"spacer.default\">\n\t\t\t\t<div class=\"elementor-widget-container\">\n\t\t\t\t\t\t\t<div class=\"elementor-spacer\">\n\t\t\t<div class=\"elementor-spacer-inner\"><\/div>\n\t\t<\/div>\n\t\t\t\t\t\t<\/div>\n\t\t\t\t<\/div>\n\t\t\t\t\t<\/div>\n\t\t<\/div>\n\t\t\t\t\t<\/div>\n\t\t<\/section>\n\t\t\t\t<section class=\"elementor-section elementor-top-section elementor-element elementor-element-66e0009 elementor-section-boxed elementor-section-height-default elementor-section-height-default\" data-id=\"66e0009\" data-element_type=\"section\" data-e-type=\"section\">\n\t\t\t\t\t\t<div class=\"elementor-container elementor-column-gap-no\">\n\t\t\t\t\t<div class=\"elementor-column elementor-col-100 elementor-top-column elementor-element elementor-element-2f62977\" data-id=\"2f62977\" data-element_type=\"column\" data-e-type=\"column\">\n\t\t\t<div class=\"elementor-widget-wrap elementor-element-populated\">\n\t\t\t\t\t\t<div class=\"elementor-element elementor-element-6c42b84 elementor-widget elementor-widget-heading\" data-id=\"6c42b84\" data-element_type=\"widget\" data-e-type=\"widget\" data-widget_type=\"heading.default\">\n\t\t\t\t<div class=\"elementor-widget-container\">\n\t\t\t\t\t<h2 class=\"elementor-heading-title elementor-size-default\">95 Jahre Musikverein Breitenau<\/h2>\t\t\t\t<\/div>\n\t\t\t\t<\/div>\n\t\t\t\t\t<\/div>\n\t\t<\/div>\n\t\t\t\t\t<\/div>\n\t\t<\/section>\n\t\t\t\t<section class=\"elementor-section elementor-top-section elementor-element elementor-element-a4db333 elementor-section-full_width elementor-section-height-default elementor-section-height-default\" data-id=\"a4db333\" data-element_type=\"section\" data-e-type=\"section\">\n\t\t\t\t\t\t<div class=\"elementor-container elementor-column-gap-no\">\n\t\t\t\t\t<div class=\"elementor-column elementor-col-100 elementor-top-column elementor-element elementor-element-fa3a59a\" data-id=\"fa3a59a\" data-element_type=\"column\" data-e-type=\"column\">\n\t\t\t<div class=\"elementor-widget-wrap elementor-element-populated\">\n\t\t\t\t\t\t<div class=\"elementor-element elementor-element-813dc1b elementor-widget elementor-widget-spacer\" data-id=\"813dc1b\" data-element_type=\"widget\" data-e-type=\"widget\" data-widget_type=\"spacer.default\">\n\t\t\t\t<div class=\"elementor-widget-container\">\n\t\t\t\t\t\t\t<div class=\"elementor-spacer\">\n\t\t\t<div class=\"elementor-spacer-inner\"><\/div>\n\t\t<\/div>\n\t\t\t\t\t\t<\/div>\n\t\t\t\t<\/div>\n\t\t\t\t\t<\/div>\n\t\t<\/div>\n\t\t\t\t\t<\/div>\n\t\t<\/section>\n\t\t\t\t<section class=\"elementor-section elementor-top-section elementor-element elementor-element-7b78232 elementor-section-boxed elementor-section-height-default elementor-section-height-default\" data-id=\"7b78232\" data-element_type=\"section\" data-e-type=\"section\">\n\t\t\t\t\t\t<div class=\"elementor-container elementor-column-gap-no\">\n\t\t\t\t\t<div class=\"elementor-column elementor-col-100 elementor-top-column elementor-element elementor-element-6b43929\" data-id=\"6b43929\" data-element_type=\"column\" data-e-type=\"column\">\n\t\t\t<div class=\"elementor-widget-wrap elementor-element-populated\">\n\t\t\t\t\t\t<div class=\"elementor-element elementor-element-8793e52 elementor-widget elementor-widget-text-editor\" data-id=\"8793e52\" data-element_type=\"widget\" data-e-type=\"widget\" data-widget_type=\"text-editor.default\">\n\t\t\t\t<div class=\"elementor-widget-container\">\n\t\t\t\t\t\t\t\t\t<p style=\"text-align: left;\">Als im Jahre 1923 die Gr\u00fcndungsversammlung des Musikvereins Breitenau (MVB) stattfand, war das wohl die Geburtsstunde des Musikvereins \u2013 aber nicht der Beginn musikalischer T\u00e4tigkeit in Breitenau.<\/p>\n<p>Schon 25 Jahre zuvor, im Jahre 1898, hatten einige musikliebende und musikaus\u00fcbende M\u00e4nner in Breitenau eine Feuerwehrkapelle gegr\u00fcndet.<\/p>\n<p>Im Jahre 2018 ging es somit daran, das 95-j\u00e4hrige Bestehen des MVB geb\u00fchrend zu feiern. Die Planungen f\u00fcr dieses Jubel-Jahr starteten bereits Monate zuvor, wobei sich bereits fr\u00fch zwei Schwerpunkte abzeichneten: Ein Musikfest im Park und ein Jubil\u00e4umskonzert im Steinfeldzentrum. Im Vergleich zur Geburtsstunde des MVB galt es nun diverseste b\u00fcrokratische H\u00fcrden zu meistern, aber auch die administrative und logistische Planung im Auge zu haben. Ein eigens aufgestelltes Festkomitee war hierf\u00fcr verantwortlich &#8211; verantwortlich daf\u00fcr, dass mit zahlreichen helfenden H\u00e4nden schlussendlich ein tolles Fest auf die Beine gestellt werden konnte.<\/p>\n<p>Das besagte Musikfest ging am 14. Juli 2018 \u00fcber die B\u00fchne. Eigentlich punktgenau zum Beginn h\u00f6rte der reinigende Gewitterregen auf und bei bestem Kaiserwetter startete der Empfang der Gastkapellen. Die Kapellen und Musikvereine aus Flatz, Natschbach-Loipersbach, Pitten, Rohr im Gebirge, Waidmannsfeld, Wartmannstetten und W\u00fcrflach waren die Teilnehmer am Empfang und sorgten beim darauf folgenden G\u00e4stekonzert f\u00fcr beste Stimmung und Unterhaltung. Vielen Dank den teilnehmenden Gastkapellen, den G\u00e4sten aus nah und fern und nat\u00fcrlich der Breitenauer Bev\u00f6lkerung f\u00fcr die Unterst\u00fctzung \u00fcber das ganze Jahr hinweg.<\/p>\n<p>Den Abschluss des Jubel-Jahres stellt nun das Herbstkonzert am 10. November 2018 im Steinfeldzentrum dar.<\/p>\t\t\t\t\t\t\t\t<\/div>\n\t\t\t\t<\/div>\n\t\t\t\t\t<\/div>\n\t\t<\/div>\n\t\t\t\t\t<\/div>\n\t\t<\/section>\n\t\t\t\t<section class=\"elementor-section elementor-top-section elementor-element elementor-element-2f2f467 elementor-section-full_width elementor-section-height-default elementor-section-height-default\" data-id=\"2f2f467\" data-element_type=\"section\" data-e-type=\"section\">\n\t\t\t\t\t\t<div class=\"elementor-container elementor-column-gap-no\">\n\t\t\t\t\t<div class=\"elementor-column elementor-col-100 elementor-top-column elementor-element elementor-element-77239c2\" data-id=\"77239c2\" data-element_type=\"column\" data-e-type=\"column\">\n\t\t\t<div class=\"elementor-widget-wrap elementor-element-populated\">\n\t\t\t\t\t\t<div class=\"elementor-element elementor-element-3711dad elementor-widget elementor-widget-spacer\" data-id=\"3711dad\" data-element_type=\"widget\" data-e-type=\"widget\" data-widget_type=\"spacer.default\">\n\t\t\t\t<div class=\"elementor-widget-container\">\n\t\t\t\t\t\t\t<div class=\"elementor-spacer\">\n\t\t\t<div class=\"elementor-spacer-inner\"><\/div>\n\t\t<\/div>\n\t\t\t\t\t\t<\/div>\n\t\t\t\t<\/div>\n\t\t\t\t\t<\/div>\n\t\t<\/div>\n\t\t\t\t\t<\/div>\n\t\t<\/section>\n\t\t\t\t<section class=\"elementor-section elementor-top-section elementor-element elementor-element-293c0ce elementor-section-full_width elementor-section-height-default elementor-section-height-default\" data-id=\"293c0ce\" data-element_type=\"section\" data-e-type=\"section\">\n\t\t\t\t\t\t<div class=\"elementor-container elementor-column-gap-no\">\n\t\t\t\t\t<div class=\"elementor-column elementor-col-100 elementor-top-column elementor-element elementor-element-6fb6c0e\" data-id=\"6fb6c0e\" data-element_type=\"column\" data-e-type=\"column\">\n\t\t\t<div class=\"elementor-widget-wrap elementor-element-populated\">\n\t\t\t\t\t\t<div class=\"elementor-element elementor-element-1b962cc elementor-arrows-position-inside elementor-widget elementor-widget-image-carousel\" data-id=\"1b962cc\" data-element_type=\"widget\" data-e-type=\"widget\" data-settings=\"{&quot;slides_to_show&quot;:&quot;1&quot;,&quot;navigation&quot;:&quot;arrows&quot;,&quot;autoplay&quot;:&quot;yes&quot;,&quot;pause_on_hover&quot;:&quot;yes&quot;,&quot;pause_on_interaction&quot;:&quot;yes&quot;,&quot;autoplay_speed&quot;:5000,&quot;infinite&quot;:&quot;yes&quot;,&quot;effect&quot;:&quot;slide&quot;,&quot;speed&quot;:500}\" data-widget_type=\"image-carousel.default\">\n\t\t\t\t<div class=\"elementor-widget-container\">\n\t\t\t\t\t\t\t<div class=\"elementor-image-carousel-wrapper swiper\" role=\"region\" aria-roledescription=\"carousel\" aria-label=\"Bild Karussell\" dir=\"ltr\">\n\t\t\t<div class=\"elementor-image-carousel swiper-wrapper\" aria-live=\"off\">\n\t\t\t\t\t\t\t\t<div class=\"swiper-slide\" role=\"group\" aria-roledescription=\"slide\" aria-label=\"1 von 12\"><a data-elementor-open-lightbox=\"yes\" data-elementor-lightbox-slideshow=\"1b962cc\" data-elementor-lightbox-title=\"DSC00622\" data-e-action-hash=\"#elementor-action%3Aaction%3Dlightbox%26settings%3DeyJpZCI6NTExLCJ1cmwiOiJodHRwczpcL1wvd3d3Lm12YnJlaXRlbmF1LmF0XC92Mlwvd3AtY29udGVudFwvdXBsb2Fkc1wvMjAxOVwvMDNcL0RTQzAwNjIyLTEuanBnIiwic2xpZGVzaG93IjoiMWI5NjJjYyJ9\" href=\"https:\/\/www.mvbreitenau.at\/v2\/wp-content\/uploads\/2019\/03\/DSC00622-1.jpg\"><figure class=\"swiper-slide-inner\"><img decoding=\"async\" class=\"swiper-slide-image\" src=\"https:\/\/www.mvbreitenau.at\/v2\/wp-content\/uploads\/2019\/03\/DSC00622-1-1024x470.jpg\" alt=\"DSC00622\" \/><\/figure><\/a><\/div><div class=\"swiper-slide\" role=\"group\" aria-roledescription=\"slide\" aria-label=\"2 von 12\"><a data-elementor-open-lightbox=\"yes\" data-elementor-lightbox-slideshow=\"1b962cc\" data-elementor-lightbox-title=\"DSC00628\" data-e-action-hash=\"#elementor-action%3Aaction%3Dlightbox%26settings%3DeyJpZCI6NTE0LCJ1cmwiOiJodHRwczpcL1wvd3d3Lm12YnJlaXRlbmF1LmF0XC92Mlwvd3AtY29udGVudFwvdXBsb2Fkc1wvMjAxOVwvMDNcL0RTQzAwNjI4LmpwZyIsInNsaWRlc2hvdyI6IjFiOTYyY2MifQ%3D%3D\" href=\"https:\/\/www.mvbreitenau.at\/v2\/wp-content\/uploads\/2019\/03\/DSC00628.jpg\"><figure class=\"swiper-slide-inner\"><img decoding=\"async\" class=\"swiper-slide-image\" src=\"https:\/\/www.mvbreitenau.at\/v2\/wp-content\/uploads\/2019\/03\/DSC00628-1024x470.jpg\" alt=\"DSC00628\" \/><\/figure><\/a><\/div><div class=\"swiper-slide\" role=\"group\" aria-roledescription=\"slide\" aria-label=\"3 von 12\"><a data-elementor-open-lightbox=\"yes\" data-elementor-lightbox-slideshow=\"1b962cc\" data-elementor-lightbox-title=\"DSC00629\" data-e-action-hash=\"#elementor-action%3Aaction%3Dlightbox%26settings%3DeyJpZCI6NTE1LCJ1cmwiOiJodHRwczpcL1wvd3d3Lm12YnJlaXRlbmF1LmF0XC92Mlwvd3AtY29udGVudFwvdXBsb2Fkc1wvMjAxOVwvMDNcL0RTQzAwNjI5LmpwZyIsInNsaWRlc2hvdyI6IjFiOTYyY2MifQ%3D%3D\" href=\"https:\/\/www.mvbreitenau.at\/v2\/wp-content\/uploads\/2019\/03\/DSC00629.jpg\"><figure class=\"swiper-slide-inner\"><img decoding=\"async\" class=\"swiper-slide-image\" src=\"https:\/\/www.mvbreitenau.at\/v2\/wp-content\/uploads\/2019\/03\/DSC00629-1024x478.jpg\" alt=\"DSC00629\" \/><\/figure><\/a><\/div><div class=\"swiper-slide\" role=\"group\" aria-roledescription=\"slide\" aria-label=\"4 von 12\"><a data-elementor-open-lightbox=\"yes\" data-elementor-lightbox-slideshow=\"1b962cc\" data-elementor-lightbox-title=\"DSC00652\" data-e-action-hash=\"#elementor-action%3Aaction%3Dlightbox%26settings%3DeyJpZCI6NTE2LCJ1cmwiOiJodHRwczpcL1wvd3d3Lm12YnJlaXRlbmF1LmF0XC92Mlwvd3AtY29udGVudFwvdXBsb2Fkc1wvMjAxOVwvMDNcL0RTQzAwNjUyLmpwZyIsInNsaWRlc2hvdyI6IjFiOTYyY2MifQ%3D%3D\" href=\"https:\/\/www.mvbreitenau.at\/v2\/wp-content\/uploads\/2019\/03\/DSC00652.jpg\"><figure class=\"swiper-slide-inner\"><img decoding=\"async\" class=\"swiper-slide-image\" src=\"https:\/\/www.mvbreitenau.at\/v2\/wp-content\/uploads\/2019\/03\/DSC00652-1024x543.jpg\" alt=\"DSC00652\" \/><\/figure><\/a><\/div><div class=\"swiper-slide\" role=\"group\" aria-roledescription=\"slide\" aria-label=\"5 von 12\"><a data-elementor-open-lightbox=\"yes\" data-elementor-lightbox-slideshow=\"1b962cc\" data-elementor-lightbox-title=\"DSC00659\" data-e-action-hash=\"#elementor-action%3Aaction%3Dlightbox%26settings%3DeyJpZCI6NTE3LCJ1cmwiOiJodHRwczpcL1wvd3d3Lm12YnJlaXRlbmF1LmF0XC92Mlwvd3AtY29udGVudFwvdXBsb2Fkc1wvMjAxOVwvMDNcL0RTQzAwNjU5LmpwZyIsInNsaWRlc2hvdyI6IjFiOTYyY2MifQ%3D%3D\" href=\"https:\/\/www.mvbreitenau.at\/v2\/wp-content\/uploads\/2019\/03\/DSC00659.jpg\"><figure class=\"swiper-slide-inner\"><img decoding=\"async\" class=\"swiper-slide-image\" src=\"https:\/\/www.mvbreitenau.at\/v2\/wp-content\/uploads\/2019\/03\/DSC00659-1024x478.jpg\" alt=\"DSC00659\" \/><\/figure><\/a><\/div><div class=\"swiper-slide\" role=\"group\" aria-roledescription=\"slide\" aria-label=\"6 von 12\"><a data-elementor-open-lightbox=\"yes\" data-elementor-lightbox-slideshow=\"1b962cc\" data-elementor-lightbox-title=\"DSC00664\" data-e-action-hash=\"#elementor-action%3Aaction%3Dlightbox%26settings%3DeyJpZCI6NTE4LCJ1cmwiOiJodHRwczpcL1wvd3d3Lm12YnJlaXRlbmF1LmF0XC92Mlwvd3AtY29udGVudFwvdXBsb2Fkc1wvMjAxOVwvMDNcL0RTQzAwNjY0LmpwZyIsInNsaWRlc2hvdyI6IjFiOTYyY2MifQ%3D%3D\" href=\"https:\/\/www.mvbreitenau.at\/v2\/wp-content\/uploads\/2019\/03\/DSC00664.jpg\"><figure class=\"swiper-slide-inner\"><img decoding=\"async\" class=\"swiper-slide-image\" src=\"https:\/\/www.mvbreitenau.at\/v2\/wp-content\/uploads\/2019\/03\/DSC00664-1024x512.jpg\" alt=\"DSC00664\" \/><\/figure><\/a><\/div><div class=\"swiper-slide\" role=\"group\" aria-roledescription=\"slide\" aria-label=\"7 von 12\"><a data-elementor-open-lightbox=\"yes\" data-elementor-lightbox-slideshow=\"1b962cc\" data-elementor-lightbox-title=\"DSC00666\" data-e-action-hash=\"#elementor-action%3Aaction%3Dlightbox%26settings%3DeyJpZCI6NTE5LCJ1cmwiOiJodHRwczpcL1wvd3d3Lm12YnJlaXRlbmF1LmF0XC92Mlwvd3AtY29udGVudFwvdXBsb2Fkc1wvMjAxOVwvMDNcL0RTQzAwNjY2LmpwZyIsInNsaWRlc2hvdyI6IjFiOTYyY2MifQ%3D%3D\" href=\"https:\/\/www.mvbreitenau.at\/v2\/wp-content\/uploads\/2019\/03\/DSC00666.jpg\"><figure class=\"swiper-slide-inner\"><img decoding=\"async\" class=\"swiper-slide-image\" src=\"https:\/\/www.mvbreitenau.at\/v2\/wp-content\/uploads\/2019\/03\/DSC00666-1024x592.jpg\" alt=\"DSC00666\" \/><\/figure><\/a><\/div><div class=\"swiper-slide\" role=\"group\" aria-roledescription=\"slide\" aria-label=\"8 von 12\"><a data-elementor-open-lightbox=\"yes\" data-elementor-lightbox-slideshow=\"1b962cc\" data-elementor-lightbox-title=\"DSC00676\" data-e-action-hash=\"#elementor-action%3Aaction%3Dlightbox%26settings%3DeyJpZCI6NTIwLCJ1cmwiOiJodHRwczpcL1wvd3d3Lm12YnJlaXRlbmF1LmF0XC92Mlwvd3AtY29udGVudFwvdXBsb2Fkc1wvMjAxOVwvMDNcL0RTQzAwNjc2LmpwZyIsInNsaWRlc2hvdyI6IjFiOTYyY2MifQ%3D%3D\" href=\"https:\/\/www.mvbreitenau.at\/v2\/wp-content\/uploads\/2019\/03\/DSC00676.jpg\"><figure class=\"swiper-slide-inner\"><img decoding=\"async\" class=\"swiper-slide-image\" src=\"https:\/\/www.mvbreitenau.at\/v2\/wp-content\/uploads\/2019\/03\/DSC00676-1024x484.jpg\" alt=\"DSC00676\" \/><\/figure><\/a><\/div><div class=\"swiper-slide\" role=\"group\" aria-roledescription=\"slide\" aria-label=\"9 von 12\"><a data-elementor-open-lightbox=\"yes\" data-elementor-lightbox-slideshow=\"1b962cc\" data-elementor-lightbox-title=\"DSC00685\" data-e-action-hash=\"#elementor-action%3Aaction%3Dlightbox%26settings%3DeyJpZCI6NTIxLCJ1cmwiOiJodHRwczpcL1wvd3d3Lm12YnJlaXRlbmF1LmF0XC92Mlwvd3AtY29udGVudFwvdXBsb2Fkc1wvMjAxOVwvMDNcL0RTQzAwNjg1LmpwZyIsInNsaWRlc2hvdyI6IjFiOTYyY2MifQ%3D%3D\" href=\"https:\/\/www.mvbreitenau.at\/v2\/wp-content\/uploads\/2019\/03\/DSC00685.jpg\"><figure class=\"swiper-slide-inner\"><img decoding=\"async\" class=\"swiper-slide-image\" src=\"https:\/\/www.mvbreitenau.at\/v2\/wp-content\/uploads\/2019\/03\/DSC00685-1024x512.jpg\" alt=\"DSC00685\" \/><\/figure><\/a><\/div><div class=\"swiper-slide\" role=\"group\" aria-roledescription=\"slide\" aria-label=\"10 von 12\"><a data-elementor-open-lightbox=\"yes\" data-elementor-lightbox-slideshow=\"1b962cc\" data-elementor-lightbox-title=\"DSC00707\" data-e-action-hash=\"#elementor-action%3Aaction%3Dlightbox%26settings%3DeyJpZCI6NTIyLCJ1cmwiOiJodHRwczpcL1wvd3d3Lm12YnJlaXRlbmF1LmF0XC92Mlwvd3AtY29udGVudFwvdXBsb2Fkc1wvMjAxOVwvMDNcL0RTQzAwNzA3LmpwZyIsInNsaWRlc2hvdyI6IjFiOTYyY2MifQ%3D%3D\" href=\"https:\/\/www.mvbreitenau.at\/v2\/wp-content\/uploads\/2019\/03\/DSC00707.jpg\"><figure class=\"swiper-slide-inner\"><img decoding=\"async\" class=\"swiper-slide-image\" src=\"https:\/\/www.mvbreitenau.at\/v2\/wp-content\/uploads\/2019\/03\/DSC00707-1024x559.jpg\" alt=\"DSC00707\" \/><\/figure><\/a><\/div><div class=\"swiper-slide\" role=\"group\" aria-roledescription=\"slide\" aria-label=\"11 von 12\"><a data-elementor-open-lightbox=\"yes\" data-elementor-lightbox-slideshow=\"1b962cc\" data-elementor-lightbox-title=\"DSC00716\" data-e-action-hash=\"#elementor-action%3Aaction%3Dlightbox%26settings%3DeyJpZCI6NTIzLCJ1cmwiOiJodHRwczpcL1wvd3d3Lm12YnJlaXRlbmF1LmF0XC92Mlwvd3AtY29udGVudFwvdXBsb2Fkc1wvMjAxOVwvMDNcL0RTQzAwNzE2LmpwZyIsInNsaWRlc2hvdyI6IjFiOTYyY2MifQ%3D%3D\" href=\"https:\/\/www.mvbreitenau.at\/v2\/wp-content\/uploads\/2019\/03\/DSC00716.jpg\"><figure class=\"swiper-slide-inner\"><img decoding=\"async\" class=\"swiper-slide-image\" src=\"https:\/\/www.mvbreitenau.at\/v2\/wp-content\/uploads\/2019\/03\/DSC00716-1024x474.jpg\" alt=\"DSC00716\" \/><\/figure><\/a><\/div><div class=\"swiper-slide\" role=\"group\" aria-roledescription=\"slide\" aria-label=\"12 von 12\"><a data-elementor-open-lightbox=\"yes\" data-elementor-lightbox-slideshow=\"1b962cc\" data-elementor-lightbox-title=\"DSC00722\" data-e-action-hash=\"#elementor-action%3Aaction%3Dlightbox%26settings%3DeyJpZCI6NTI0LCJ1cmwiOiJodHRwczpcL1wvd3d3Lm12YnJlaXRlbmF1LmF0XC92Mlwvd3AtY29udGVudFwvdXBsb2Fkc1wvMjAxOVwvMDNcL0RTQzAwNzIyLmpwZyIsInNsaWRlc2hvdyI6IjFiOTYyY2MifQ%3D%3D\" href=\"https:\/\/www.mvbreitenau.at\/v2\/wp-content\/uploads\/2019\/03\/DSC00722.jpg\"><figure class=\"swiper-slide-inner\"><img decoding=\"async\" class=\"swiper-slide-image\" src=\"https:\/\/www.mvbreitenau.at\/v2\/wp-content\/uploads\/2019\/03\/DSC00722-1024x554.jpg\" alt=\"DSC00722\" \/><\/figure><\/a><\/div>\t\t\t<\/div>\n\t\t\t\t\t\t\t\t\t\t\t\t<div class=\"elementor-swiper-button elementor-swiper-button-prev\" role=\"button\" tabindex=\"0\">\n\t\t\t\t\t\t<i aria-hidden=\"true\" class=\"eicon-chevron-left\"><\/i>\t\t\t\t\t<\/div>\n\t\t\t\t\t<div class=\"elementor-swiper-button elementor-swiper-button-next\" role=\"button\" tabindex=\"0\">\n\t\t\t\t\t\t<i aria-hidden=\"true\" class=\"eicon-chevron-right\"><\/i>\t\t\t\t\t<\/div>\n\t\t\t\t\n\t\t\t\t\t\t\t\t\t<\/div>\n\t\t\t\t\t\t<\/div>\n\t\t\t\t<\/div>\n\t\t\t\t\t<\/div>\n\t\t<\/div>\n\t\t\t\t\t<\/div>\n\t\t<\/section>\n\t\t\t\t<\/div>\n\t\t","protected":false},"excerpt":{"rendered":"<p>95 Jahre Musikverein Breitenau Als im Jahre 1923 die Gr\u00fcndungsversammlung des Musikvereins Breitenau (MVB) stattfand, war das wohl die Geburtsstunde des Musikvereins \u2013 aber nicht der Beginn musikalischer T\u00e4tigkeit in Breitenau. Schon 25 Jahre zuvor, im Jahre 1898, hatten einige musikliebende und musikaus\u00fcbende M\u00e4nner in Breitenau eine Feuerwehrkapelle gegr\u00fcndet. Im Jahre 2018 ging es somit [&hellip;]<\/p>\n","protected":false},"author":1,"featured_media":0,"parent":0,"menu_order":0,"comment_status":"closed","ping_status":"closed","template":"","meta":{"ocean_post_layout":"full-screen","ocean_both_sidebars_style":"","ocean_both_sidebars_content_width":0,"ocean_both_sidebars_sidebars_width":0,"ocean_sidebar":"0","ocean_second_sidebar":"0","ocean_disable_margins":"enable","ocean_add_body_class":"","ocean_shortcode_before_top_bar":"","ocean_shortcode_after_top_bar":"","ocean_shortcode_before_header":"","ocean_shortcode_after_header":"","ocean_has_shortcode":"","ocean_shortcode_after_title":"","ocean_shortcode_before_footer_widgets":"","ocean_shortcode_after_footer_widgets":"","ocean_shortcode_before_footer_bottom":"","ocean_shortcode_after_footer_bottom":"","ocean_display_top_bar":"on","ocean_display_header":"on","ocean_header_style":"","ocean_center_header_left_menu":"0","ocean_custom_header_template":"0","ocean_custom_logo":0,"ocean_custom_retina_logo":0,"ocean_custom_logo_max_width":0,"ocean_custom_logo_tablet_max_width":0,"ocean_custom_logo_mobile_max_width":0,"ocean_custom_logo_max_height":0,"ocean_custom_logo_tablet_max_height":0,"ocean_custom_logo_mobile_max_height":0,"ocean_header_custom_menu":"0","ocean_menu_typo_font_family":"0","ocean_menu_typo_font_subset":"","ocean_menu_typo_font_size":0,"ocean_menu_typo_font_size_tablet":0,"ocean_menu_typo_font_size_mobile":0,"ocean_menu_typo_font_size_unit":"px","ocean_menu_typo_font_weight":"","ocean_menu_typo_font_weight_tablet":"","ocean_menu_typo_font_weight_mobile":"","ocean_menu_typo_transform":"","ocean_menu_typo_transform_tablet":"","ocean_menu_typo_transform_mobile":"","ocean_menu_typo_line_height":0,"ocean_menu_typo_line_height_tablet":0,"ocean_menu_typo_line_height_mobile":0,"ocean_menu_typo_line_height_unit":"","ocean_menu_typo_spacing":0,"ocean_menu_typo_spacing_tablet":0,"ocean_menu_typo_spacing_mobile":0,"ocean_menu_typo_spacing_unit":"","ocean_menu_link_color":"","ocean_menu_link_color_hover":"","ocean_menu_link_color_active":"","ocean_menu_link_background":"","ocean_menu_link_hover_background":"","ocean_menu_link_active_background":"","ocean_menu_social_links_bg":"","ocean_menu_social_hover_links_bg":"","ocean_menu_social_links_color":"","ocean_menu_social_hover_links_color":"","ocean_disable_title":"on","ocean_disable_heading":"on","ocean_post_title":"","ocean_post_subheading":"","ocean_post_title_style":"","ocean_post_title_background_color":"","ocean_post_title_background":0,"ocean_post_title_bg_image_position":"","ocean_post_title_bg_image_attachment":"","ocean_post_title_bg_image_repeat":"","ocean_post_title_bg_image_size":"","ocean_post_title_height":0,"ocean_post_title_bg_overlay":0.5,"ocean_post_title_bg_overlay_color":"","ocean_disable_breadcrumbs":"default","ocean_breadcrumbs_color":"","ocean_breadcrumbs_separator_color":"","ocean_breadcrumbs_links_color":"","ocean_breadcrumbs_links_hover_color":"","ocean_display_footer_widgets":"on","ocean_display_footer_bottom":"on","ocean_custom_footer_template":"0","footnotes":""},"class_list":["post-501","page","type-page","status-publish","hentry","entry"],"_links":{"self":[{"href":"https:\/\/www.mvbreitenau.at\/v2\/index.php?rest_route=\/wp\/v2\/pages\/501","targetHints":{"allow":["GET"]}}],"collection":[{"href":"https:\/\/www.mvbreitenau.at\/v2\/index.php?rest_route=\/wp\/v2\/pages"}],"about":[{"href":"https:\/\/www.mvbreitenau.at\/v2\/index.php?rest_route=\/wp\/v2\/types\/page"}],"author":[{"embeddable":true,"href":"https:\/\/www.mvbreitenau.at\/v2\/index.php?rest_route=\/wp\/v2\/users\/1"}],"replies":[{"embeddable":true,"href":"https:\/\/www.mvbreitenau.at\/v2\/index.php?rest_route=%2Fwp%2Fv2%2Fcomments&post=501"}],"version-history":[{"count":32,"href":"https:\/\/www.mvbreitenau.at\/v2\/index.php?rest_route=\/wp\/v2\/pages\/501\/revisions"}],"predecessor-version":[{"id":2087,"href":"https:\/\/www.mvbreitenau.at\/v2\/index.php?rest_route=\/wp\/v2\/pages\/501\/revisions\/2087"}],"wp:attachment":[{"href":"https:\/\/www.mvbreitenau.at\/v2\/index.php?rest_route=%2Fwp%2Fv2%2Fmedia&parent=501"}],"curies":[{"name":"wp","href":"https:\/\/api.w.org\/{rel}","templated":true}]}}